{"id":1125,"date":"2016-06-01T17:58:01","date_gmt":"2016-06-01T15:58:01","guid":{"rendered":"http:\/\/127.0.0.1:4001\/wordpress\/our-company-copy\/our-company\/coteaux-du-lyonnais-rouge-jean-baronnat-copy\/"},"modified":"2017-03-09T21:44:11","modified_gmt":"2017-03-09T19:44:11","slug":"coteaux-du-lyonnais-blanc-jean-baronnat","status":"publish","type":"page","link":"http:\/\/nouveau.baronnat.fr\/?page_id=1125","title":{"rendered":"Coteaux du Lyonnais blanc"},"content":{"rendered":"\t\t<div data-elementor-type=\"wp-page\" data-elementor-id=\"1125\" class=\"elementor elementor-1125 elementor-bc-flex-widget\" data-elementor-settings=\"[]\">\n\t\t\t\t\t\t<div class=\"elementor-inner\">\n\t\t\t\t\t\t\t<div class=\"elementor-section-wrap\">\n\t\t\t\t\t\t\t<section class=\"elementor-section elementor-top-section elementor-element elementor-element-fhlhtul elementor-section-boxed elementor-section-height-default elementor-section-height-default\" data-id=\"fhlhtul\" data-element_type=\"section\">\n\t\t\t\t\t\t<div class=\"elementor-container elementor-column-gap-default\">\n\t\t\t\t\t\t\t<div class=\"elementor-row\">\n\t\t\t\t\t<div class=\"elementor-column elementor-col-50 elementor-top-column elementor-element elementor-element-rtyniti\" data-id=\"rtyniti\" data-element_type=\"column\">\n\t\t\t<div class=\"elementor-column-wrap elementor-element-populated\">\n\t\t\t\t\t\t\t<div class=\"elementor-widget-wrap\">\n\t\t\t\t\t\t<div class=\"elementor-element elementor-element-tnyjtdq elementor-widget elementor-widget-text-editor\" data-id=\"tnyjtdq\" data-element_type=\"widget\" data-widget_type=\"text-editor.default\">\n\t\t\t\t<div class=\"elementor-widget-container\">\n\t\t\t\t\t\t\t\t<div class=\"elementor-text-editor elementor-clearfix\">\n\t\t\t\t<h2 style=\"text-align: center;\">\u00a0<\/h2><h2 style=\"text-align: center;\"><img loading=\"lazy\" class=\"wp-image-1130 size-medium aligncenter\" src=\"http:\/\/nouveau.baronnat.fr\/wp-content\/uploads\/2016\/06\/coteaux-lyonnais-blanc-92x300.jpg\" alt=\"coteaux lyonnais blanc\" width=\"92\" height=\"300\" srcset=\"http:\/\/nouveau.baronnat.fr\/wp-content\/uploads\/2016\/06\/coteaux-lyonnais-blanc-92x300.jpg 92w, http:\/\/nouveau.baronnat.fr\/wp-content\/uploads\/2016\/06\/coteaux-lyonnais-blanc.jpg 166w\" sizes=\"(max-width: 92px) 100vw, 92px\" \/><\/h2><p style=\"text-align: center;\">DEGUSTATION<\/p><p style=\"text-align: center;\">Robe dor\u00e9e assez p\u00e2le, aux reflets verts.<br \/> Nez tr\u00e8s aromatique \u00e0 dominante de fruits acidul\u00e9s, avec de l\u00e9g\u00e8res notes florales.<br \/> En bouche le vin est rond et frais, il poss\u00e8de une bonne tenue.<br \/> Vin \u00e9quilibr\u00e9 et harmonieux, il est persistant.<\/p>\t\t\t\t\t<\/div>\n\t\t\t\t\t\t<\/div>\n\t\t\t\t<\/div>\n\t\t\t\t\t\t<\/div>\n\t\t\t\t\t<\/div>\n\t\t<\/div><div class=\"elementor-column elementor-col-50 elementor-top-column elementor-element elementor-element-vuvicpl\" data-id=\"vuvicpl\" data-element_type=\"column\">\n\t\t\t<div class=\"elementor-column-wrap elementor-element-populated\">\n\t\t\t\t\t\t\t<div class=\"elementor-widget-wrap\">\n\t\t\t\t\t\t<div class=\"elementor-element elementor-element-jkcdxpy elementor-widget elementor-widget-text-editor\" data-id=\"jkcdxpy\" data-element_type=\"widget\" data-widget_type=\"text-editor.default\">\n\t\t\t\t<div class=\"elementor-widget-container\">\n\t\t\t\t\t\t\t\t<div class=\"elementor-text-editor elementor-clearfix\">\n\t\t\t\t<p><img loading=\"lazy\" class=\"aligncenter size-medium wp-image-375\" src=\"http:\/\/nouveau.baronnat.fr\/wp-content\/uploads\/2015\/02\/coteaux_lyonnais_mod_phtflt-300x205.jpg\" alt=\"etiquette_coteaux_lyonnais\" width=\"300\" height=\"205\" srcset=\"http:\/\/nouveau.baronnat.fr\/wp-content\/uploads\/2015\/02\/coteaux_lyonnais_mod_phtflt-300x205.jpg 300w, http:\/\/nouveau.baronnat.fr\/wp-content\/uploads\/2015\/02\/coteaux_lyonnais_mod_phtflt.jpg 932w\" sizes=\"(max-width: 300px) 100vw, 300px\" \/><\/p><p><strong>TECHNIQUE<\/strong><\/p><p>Situation : dans le d\u00e9partement du Rh\u00f4ne, le vignoble est situ\u00e9 dans les Monts du Lyonnais, \u00e0 l\u2019ouest de Lyon.<\/p><p>Terroir : la vigne est cultiv\u00e9e sur des sols constitu\u00e9s de granit et de roches s\u00e9dimentaires.<\/p><p>C\u00e9pages : assemblage d\u2019aligot\u00e9 et de chardonnay.<\/p><p>Vinification : vinification traditionnelle des vins blancs.<\/p><p>Elevage : en cuve puis en bouteilles.<\/p>\t\t\t\t\t<\/div>\n\t\t\t\t\t\t<\/div>\n\t\t\t\t<\/div>\n\t\t\t\t\t\t<\/div>\n\t\t\t\t\t<\/div>\n\t\t<\/div>\n\t\t\t\t\t\t\t\t<\/div>\n\t\t\t\t\t<\/div>\n\t\t<\/section>\n\t\t\t\t<section class=\"elementor-section elementor-top-section elementor-element elementor-element-fgbzate elementor-section-boxed elementor-section-height-default elementor-section-height-default\" data-id=\"fgbzate\" data-element_type=\"section\">\n\t\t\t\t\t\t<div class=\"elementor-container elementor-column-gap-default\">\n\t\t\t\t\t\t\t<div class=\"elementor-row\">\n\t\t\t\t\t<div class=\"elementor-column elementor-col-100 elementor-top-column elementor-element elementor-element-vwirkdp\" data-id=\"vwirkdp\" data-element_type=\"column\">\n\t\t\t<div class=\"elementor-column-wrap elementor-element-populated\">\n\t\t\t\t\t\t\t<div class=\"elementor-widget-wrap\">\n\t\t\t\t\t\t<div class=\"elementor-element elementor-element-iwgirfj elementor-widget elementor-widget-text-editor\" data-id=\"iwgirfj\" data-element_type=\"widget\" data-widget_type=\"text-editor.default\">\n\t\t\t\t<div class=\"elementor-widget-container\">\n\t\t\t\t\t\t\t\t<div class=\"elementor-text-editor elementor-clearfix\">\n\t\t\t\t<p style=\"text-align: center;\">SERVICE : temp\u00e9rature de service aux environs de 8\u00b0C. Id\u00e9al sur les entr\u00e9es et les fruits de mer.<\/p>\t\t\t\t\t<\/div>\n\t\t\t\t\t\t<\/div>\n\t\t\t\t<\/div>\n\t\t\t\t\t\t<\/div>\n\t\t\t\t\t<\/div>\n\t\t<\/div>\n\t\t\t\t\t\t\t\t<\/div>\n\t\t\t\t\t<\/div>\n\t\t<\/section>\n\t\t\t\t\t\t<\/div>\n\t\t\t\t\t\t<\/div>\n\t\t\t\t\t<\/div>\n\t\t","protected":false},"excerpt":{"rendered":"<p>\u00a0 DEGUSTATION Robe dor\u00e9e assez p\u00e2le, aux reflets verts. Nez tr\u00e8s aromatique \u00e0 dominante de fruits acidul\u00e9s, avec de l\u00e9g\u00e8res notes florales. En bouche le vin est rond et frais, il poss\u00e8de une bonne tenue. Vin \u00e9quilibr\u00e9 et harmonieux, il est persistant. TECHNIQUE Situation : dans le d\u00e9partement du Rh\u00f4ne, le vignoble est situ\u00e9 dans&#8230; <\/p>\n<div class=\"read-more navbutton\"><a href=\"http:\/\/nouveau.baronnat.fr\/?page_id=1125\">Lire la suite<i class=\"fa fa-angle-double-right\"><\/i><\/a><\/div>\n","protected":false},"author":1,"featured_media":0,"parent":0,"menu_order":0,"comment_status":"closed","ping_status":"closed","template":"","meta":[],"_links":{"self":[{"href":"http:\/\/nouveau.baronnat.fr\/index.php?rest_route=\/wp\/v2\/pages\/1125"}],"collection":[{"href":"http:\/\/nouveau.baronnat.fr\/index.php?rest_route=\/wp\/v2\/pages"}],"about":[{"href":"http:\/\/nouveau.baronnat.fr\/index.php?rest_route=\/wp\/v2\/types\/page"}],"author":[{"embeddable":true,"href":"http:\/\/nouveau.baronnat.fr\/index.php?rest_route=\/wp\/v2\/users\/1"}],"replies":[{"embeddable":true,"href":"http:\/\/nouveau.baronnat.fr\/index.php?rest_route=%2Fwp%2Fv2%2Fcomments&post=1125"}],"version-history":[{"count":0,"href":"http:\/\/nouveau.baronnat.fr\/index.php?rest_route=\/wp\/v2\/pages\/1125\/revisions"}],"wp:attachment":[{"href":"http:\/\/nouveau.baronnat.fr\/index.php?rest_route=%2Fwp%2Fv2%2Fmedia&parent=1125"}],"curies":[{"name":"wp","href":"https:\/\/api.w.org\/{rel}","templated":true}]}}