{"id":1149,"date":"2016-06-01T19:25:55","date_gmt":"2016-06-01T17:25:55","guid":{"rendered":"http:\/\/127.0.0.1:4001\/wordpress\/our-company-copy\/our-company\/coteaux-du-lyonnais-blanc-jean-baronnat-copy\/"},"modified":"2016-06-01T19:29:11","modified_gmt":"2016-06-01T17:29:11","slug":"coteaux-du-lyonnais-blanc-jean-baronnat-copy","status":"publish","type":"page","link":"http:\/\/nouveau.baronnat.fr\/?page_id=1149","title":{"rendered":"Coteaux du Lyonnais ros\u00e9"},"content":{"rendered":"<p><img loading=\"lazy\" class=\" wp-image-1150 alignleft\" src=\"http:\/\/nouveau.baronnat.fr\/wp-content\/uploads\/2016\/06\/coteaux-lyonnais-rose.jpg\" alt=\"coteaux lyonnais rose\" width=\"113\" height=\"436\" srcset=\"http:\/\/nouveau.baronnat.fr\/wp-content\/uploads\/2016\/06\/coteaux-lyonnais-rose.jpg 240w, http:\/\/nouveau.baronnat.fr\/wp-content\/uploads\/2016\/06\/coteaux-lyonnais-rose-78x300.jpg 78w\" sizes=\"(max-width: 113px) 100vw, 113px\" \/><\/p>\n<h2 style=\"text-align: center;\"><span style=\"color: #808080;\">Coteaux du Lyonnais ros\u00e9<\/span><\/h2>\n<p>&nbsp;<\/p>\n<p>DEGUSTATION<\/p>\n<p>Robe d\u2019un beau ros\u00e9 pale, brillant et limpide.<br \/>\nNez aromatique et fin, aux notes fruit\u00e9es et nuances florales.<br \/>\nEn bouche le vin est souple et bien \u00e9quilibr\u00e9.<br \/>\nC\u2019est un ros\u00e9 agr\u00e9able et surprenant, d\u00e9licat et persistant.<\/p>\n<p>SERVICE<\/p>\n<p>Temp\u00e9rature de service aux environs de 8\u00b0C.<br \/>\nId\u00e9al sur les entr\u00e9es, les charcuteries, grillades\u2026<\/p>\n<p>&nbsp;<\/p>\n<p>&nbsp;<\/p>\n<p><a href=\"http:\/\/nouveau.baronnat.fr\/wp-content\/uploads\/2015\/02\/coteaux_lyonnais_mod_phtflt.jpg\"><img loading=\"lazy\" class=\"aligncenter size-medium wp-image-375\" src=\"http:\/\/nouveau.baronnat.fr\/wp-content\/uploads\/2015\/02\/coteaux_lyonnais_mod_phtflt-300x205.jpg\" alt=\"etiquette_coteaux_lyonnais\" width=\"300\" height=\"205\" srcset=\"http:\/\/nouveau.baronnat.fr\/wp-content\/uploads\/2015\/02\/coteaux_lyonnais_mod_phtflt-300x205.jpg 300w, http:\/\/nouveau.baronnat.fr\/wp-content\/uploads\/2015\/02\/coteaux_lyonnais_mod_phtflt.jpg 932w\" sizes=\"(max-width: 300px) 100vw, 300px\" \/><\/a><\/p>\n<p>TECHNIQUE<br \/>\nSituation : dans le d\u00e9partement du Rh\u00f4ne, le vignoble est situ\u00e9 dans les Monts du Lyonnais, \u00e0 l\u2019ouest de Lyon.<\/p>\n<p>Terroir : la vigne est cultiv\u00e9e sur des sols constitu\u00e9s de granit et de roches s\u00e9dimentaires.<\/p>\n<p>C\u00e9page unique : Gamay noir \u00e0 jus blanc.<\/p>\n<p>Vinification : vinification par saign\u00e9e.<\/p>\n<p>&nbsp;<\/p>\n","protected":false},"excerpt":{"rendered":"<p>Coteaux du Lyonnais ros\u00e9 &nbsp; DEGUSTATION Robe d\u2019un beau ros\u00e9 pale, brillant et limpide. Nez aromatique et fin, aux notes fruit\u00e9es et nuances florales. En bouche le vin est souple et bien \u00e9quilibr\u00e9. C\u2019est un ros\u00e9 agr\u00e9able et surprenant, d\u00e9licat et persistant. SERVICE Temp\u00e9rature de service aux environs de 8\u00b0C. Id\u00e9al sur les entr\u00e9es, les&#8230; <\/p>\n<div class=\"read-more navbutton\"><a href=\"http:\/\/nouveau.baronnat.fr\/?page_id=1149\">Lire la suite<i class=\"fa fa-angle-double-right\"><\/i><\/a><\/div>\n","protected":false},"author":1,"featured_media":0,"parent":0,"menu_order":0,"comment_status":"closed","ping_status":"closed","template":"","meta":[],"_links":{"self":[{"href":"http:\/\/nouveau.baronnat.fr\/index.php?rest_route=\/wp\/v2\/pages\/1149"}],"collection":[{"href":"http:\/\/nouveau.baronnat.fr\/index.php?rest_route=\/wp\/v2\/pages"}],"about":[{"href":"http:\/\/nouveau.baronnat.fr\/index.php?rest_route=\/wp\/v2\/types\/page"}],"author":[{"embeddable":true,"href":"http:\/\/nouveau.baronnat.fr\/index.php?rest_route=\/wp\/v2\/users\/1"}],"replies":[{"embeddable":true,"href":"http:\/\/nouveau.baronnat.fr\/index.php?rest_route=%2Fwp%2Fv2%2Fcomments&post=1149"}],"version-history":[{"count":0,"href":"http:\/\/nouveau.baronnat.fr\/index.php?rest_route=\/wp\/v2\/pages\/1149\/revisions"}],"wp:attachment":[{"href":"http:\/\/nouveau.baronnat.fr\/index.php?rest_route=%2Fwp%2Fv2%2Fmedia&parent=1149"}],"curies":[{"name":"wp","href":"https:\/\/api.w.org\/{rel}","templated":true}]}}