{"id":1181,"date":"2016-06-15T18:43:30","date_gmt":"2016-06-15T16:43:30","guid":{"rendered":"http:\/\/127.0.0.1:4001\/wordpress\/our-company\/cepage-sauvignon-vin-de-pays-doc-copy\/"},"modified":"2017-03-09T19:41:44","modified_gmt":"2017-03-09T17:41:44","slug":"cepage-chardonnay-vin-de-pays-doc","status":"publish","type":"page","link":"http:\/\/nouveau.baronnat.fr\/?page_id=1181","title":{"rendered":"C\u00e9page Chardonnay &#8211; IGP Oc blanc &#8211;"},"content":{"rendered":"\t\t<div data-elementor-type=\"wp-page\" data-elementor-id=\"1181\" class=\"elementor elementor-1181 elementor-bc-flex-widget\" data-elementor-settings=\"[]\">\n\t\t\t\t\t\t<div class=\"elementor-inner\">\n\t\t\t\t\t\t\t<div class=\"elementor-section-wrap\">\n\t\t\t\t\t\t\t<section class=\"elementor-section elementor-top-section elementor-element elementor-element-hobxwvr elementor-section-boxed elementor-section-height-default elementor-section-height-default\" data-id=\"hobxwvr\" data-element_type=\"section\">\n\t\t\t\t\t\t<div class=\"elementor-container elementor-column-gap-default\">\n\t\t\t\t\t\t\t<div class=\"elementor-row\">\n\t\t\t\t\t<div class=\"elementor-column elementor-col-50 elementor-top-column elementor-element elementor-element-awcnxlg\" data-id=\"awcnxlg\" data-element_type=\"column\">\n\t\t\t<div class=\"elementor-column-wrap elementor-element-populated\">\n\t\t\t\t\t\t\t<div class=\"elementor-widget-wrap\">\n\t\t\t\t\t\t<div class=\"elementor-element elementor-element-egiqsqb elementor-widget elementor-widget-text-editor\" data-id=\"egiqsqb\" data-element_type=\"widget\" data-widget_type=\"text-editor.default\">\n\t\t\t\t<div class=\"elementor-widget-container\">\n\t\t\t\t\t\t\t\t<div class=\"elementor-text-editor elementor-clearfix\">\n\t\t\t\t<p style=\"text-align: left;\">\u00a0<\/p><p style=\"text-align: left;\"><strong><img loading=\"lazy\" class=\"wp-image-1184 size-medium aligncenter\" src=\"http:\/\/nouveau.baronnat.fr\/wp-content\/uploads\/2016\/06\/photo-chardonnay.modif_-e1466027185659-115x300.jpg\" alt=\"photo chardonnay.modif\" width=\"115\" height=\"300\" srcset=\"http:\/\/nouveau.baronnat.fr\/wp-content\/uploads\/2016\/06\/photo-chardonnay.modif_-e1466027185659-115x300.jpg 115w, http:\/\/nouveau.baronnat.fr\/wp-content\/uploads\/2016\/06\/photo-chardonnay.modif_-e1466027185659-768x1996.jpg 768w, http:\/\/nouveau.baronnat.fr\/wp-content\/uploads\/2016\/06\/photo-chardonnay.modif_-e1466027185659-394x1024.jpg 394w, http:\/\/nouveau.baronnat.fr\/wp-content\/uploads\/2016\/06\/photo-chardonnay.modif_-e1466027185659.jpg 788w\" sizes=\"(max-width: 115px) 100vw, 115px\" \/><\/strong><\/p><p><strong>DEGUSTATION<\/strong><\/p><p>Dot\u00e9e d&rsquo;une robe or p\u00e2le, ce vin r\u00e9v\u00e8le au nez des ar\u00f4mes intenses de mirabelle et de fleurs blanches, rehauss\u00e9s d&rsquo;une l\u00e9g\u00e8re note citronn\u00e9e.<\/p><p>La bouche est ample, souple et \u00e9l\u00e9gante.<\/p><p>\u00a0<\/p><p>\u00a0<\/p><p>\u00a0<\/p>\t\t\t\t\t<\/div>\n\t\t\t\t\t\t<\/div>\n\t\t\t\t<\/div>\n\t\t\t\t\t\t<\/div>\n\t\t\t\t\t<\/div>\n\t\t<\/div><div class=\"elementor-column elementor-col-50 elementor-top-column elementor-element elementor-element-riiflqf\" data-id=\"riiflqf\" data-element_type=\"column\">\n\t\t\t<div class=\"elementor-column-wrap elementor-element-populated\">\n\t\t\t\t\t\t\t<div class=\"elementor-widget-wrap\">\n\t\t\t\t\t\t<div class=\"elementor-element elementor-element-xhbrzwl elementor-widget elementor-widget-text-editor\" data-id=\"xhbrzwl\" data-element_type=\"widget\" data-widget_type=\"text-editor.default\">\n\t\t\t\t<div class=\"elementor-widget-container\">\n\t\t\t\t\t\t\t\t<div class=\"elementor-text-editor elementor-clearfix\">\n\t\t\t\t<p><img loading=\"lazy\" class=\"wp-image-1185 size-medium aligncenter\" src=\"http:\/\/nouveau.baronnat.fr\/wp-content\/uploads\/2016\/06\/CHARDONNAY_IGP-300x237.jpg\" alt=\"CHARDONNAY_IGP\" width=\"300\" height=\"237\" srcset=\"http:\/\/nouveau.baronnat.fr\/wp-content\/uploads\/2016\/06\/CHARDONNAY_IGP-300x237.jpg 300w, http:\/\/nouveau.baronnat.fr\/wp-content\/uploads\/2016\/06\/CHARDONNAY_IGP.jpg 585w\" sizes=\"(max-width: 300px) 100vw, 300px\" \/><\/p><p><strong>TECHNIQUE<\/strong><\/p><p><strong>Situation<\/strong> : le vignoble est situ\u00e9 en Languedoc Roussillon sur une colline o\u00f9 le climat relativement frais, est comparable \u00e0 celui de la Bourgogne.<\/p><p><strong>Terroir<\/strong> : la vigne est cultiv\u00e9e sur des sols argilo calcaires.<\/p><p><strong>C\u00e9page unique<\/strong> : Chardonnay.<\/p><p><strong>Vinification<\/strong> : en mac\u00e9ration pelliculaire avec une parfaite ma\u00eetrise des temp\u00e9ratures.<\/p><p><strong>Elevage<\/strong> : en cuve puis en bouteilles.<\/p>\t\t\t\t\t<\/div>\n\t\t\t\t\t\t<\/div>\n\t\t\t\t<\/div>\n\t\t\t\t\t\t<\/div>\n\t\t\t\t\t<\/div>\n\t\t<\/div>\n\t\t\t\t\t\t\t\t<\/div>\n\t\t\t\t\t<\/div>\n\t\t<\/section>\n\t\t\t\t<section class=\"elementor-section elementor-top-section elementor-element elementor-element-xsxeycb elementor-section-boxed elementor-section-height-default elementor-section-height-default\" data-id=\"xsxeycb\" data-element_type=\"section\">\n\t\t\t\t\t\t<div class=\"elementor-container elementor-column-gap-default\">\n\t\t\t\t\t\t\t<div class=\"elementor-row\">\n\t\t\t\t\t<div class=\"elementor-column elementor-col-100 elementor-top-column elementor-element elementor-element-xcyktcs\" data-id=\"xcyktcs\" data-element_type=\"column\">\n\t\t\t<div class=\"elementor-column-wrap elementor-element-populated\">\n\t\t\t\t\t\t\t<div class=\"elementor-widget-wrap\">\n\t\t\t\t\t\t<div class=\"elementor-element elementor-element-hgdfvws elementor-widget elementor-widget-text-editor\" data-id=\"hgdfvws\" data-element_type=\"widget\" data-widget_type=\"text-editor.default\">\n\t\t\t\t<div class=\"elementor-widget-container\">\n\t\t\t\t\t\t\t\t<div class=\"elementor-text-editor elementor-clearfix\">\n\t\t\t\t<p><strong>SERVICE :\u00a0<\/strong>Temp\u00e9rature de service aux environs de 10\u00b0C. \u00a0Id\u00e9al pour l&rsquo;ap\u00e9ritif ou en accompagnement de coquillage et poissons.<\/p>\t\t\t\t\t<\/div>\n\t\t\t\t\t\t<\/div>\n\t\t\t\t<\/div>\n\t\t\t\t\t\t<\/div>\n\t\t\t\t\t<\/div>\n\t\t<\/div>\n\t\t\t\t\t\t\t\t<\/div>\n\t\t\t\t\t<\/div>\n\t\t<\/section>\n\t\t\t\t\t\t<\/div>\n\t\t\t\t\t\t<\/div>\n\t\t\t\t\t<\/div>\n\t\t","protected":false},"excerpt":{"rendered":"<p>\u00a0 DEGUSTATION Dot\u00e9e d&rsquo;une robe or p\u00e2le, ce vin r\u00e9v\u00e8le au nez des ar\u00f4mes intenses de mirabelle et de fleurs blanches, rehauss\u00e9s d&rsquo;une l\u00e9g\u00e8re note citronn\u00e9e. La bouche est ample, souple et \u00e9l\u00e9gante. \u00a0 \u00a0 \u00a0 TECHNIQUE Situation : le vignoble est situ\u00e9 en Languedoc Roussillon sur une colline o\u00f9 le climat relativement frais, est&#8230; <\/p>\n<div class=\"read-more navbutton\"><a href=\"http:\/\/nouveau.baronnat.fr\/?page_id=1181\">Lire la suite<i class=\"fa fa-angle-double-right\"><\/i><\/a><\/div>\n","protected":false},"author":1,"featured_media":0,"parent":0,"menu_order":0,"comment_status":"closed","ping_status":"closed","template":"","meta":[],"_links":{"self":[{"href":"http:\/\/nouveau.baronnat.fr\/index.php?rest_route=\/wp\/v2\/pages\/1181"}],"collection":[{"href":"http:\/\/nouveau.baronnat.fr\/index.php?rest_route=\/wp\/v2\/pages"}],"about":[{"href":"http:\/\/nouveau.baronnat.fr\/index.php?rest_route=\/wp\/v2\/types\/page"}],"author":[{"embeddable":true,"href":"http:\/\/nouveau.baronnat.fr\/index.php?rest_route=\/wp\/v2\/users\/1"}],"replies":[{"embeddable":true,"href":"http:\/\/nouveau.baronnat.fr\/index.php?rest_route=%2Fwp%2Fv2%2Fcomments&post=1181"}],"version-history":[{"count":0,"href":"http:\/\/nouveau.baronnat.fr\/index.php?rest_route=\/wp\/v2\/pages\/1181\/revisions"}],"wp:attachment":[{"href":"http:\/\/nouveau.baronnat.fr\/index.php?rest_route=%2Fwp%2Fv2%2Fmedia&parent=1181"}],"curies":[{"name":"wp","href":"https:\/\/api.w.org\/{rel}","templated":true}]}}