{"id":1246,"date":"2016-09-19T17:10:31","date_gmt":"2016-09-19T15:10:31","guid":{"rendered":"http:\/\/127.0.0.1:4001\/wordpress\/?page_id=1246"},"modified":"2020-05-23T12:47:52","modified_gmt":"2020-05-23T10:47:52","slug":"our-company-copy-2-copy","status":"publish","type":"page","link":"http:\/\/nouveau.baronnat.fr\/?page_id=1246","title":{"rendered":"Nos vins"},"content":{"rendered":"\t\t<div data-elementor-type=\"wp-page\" data-elementor-id=\"1246\" class=\"elementor elementor-1246\" data-elementor-settings=\"[]\">\n\t\t\t\t\t\t<div class=\"elementor-inner\">\n\t\t\t\t\t\t\t<div class=\"elementor-section-wrap\">\n\t\t\t\t\t\t\t<section class=\"elementor-section elementor-top-section elementor-element elementor-element-lxeoqkx elementor-section-boxed elementor-section-height-default elementor-section-height-default\" data-id=\"lxeoqkx\" data-element_type=\"section\">\n\t\t\t\t\t\t<div class=\"elementor-container elementor-column-gap-default\">\n\t\t\t\t\t\t\t<div class=\"elementor-row\">\n\t\t\t\t\t<div class=\"elementor-column elementor-col-100 elementor-top-column elementor-element elementor-element-x67xree\" data-id=\"x67xree\" data-element_type=\"column\">\n\t\t\t<div class=\"elementor-column-wrap elementor-element-populated\">\n\t\t\t\t\t\t\t<div class=\"elementor-widget-wrap\">\n\t\t\t\t\t\t<div class=\"elementor-element elementor-element-9a7nwtl elementor-arrows-position-inside elementor-pagination-position-outside elementor-widget elementor-widget-image-carousel\" data-id=\"9a7nwtl\" data-element_type=\"widget\" data-settings=\"{&quot;navigation&quot;:&quot;both&quot;,&quot;autoplay&quot;:&quot;yes&quot;,&quot;pause_on_hover&quot;:&quot;yes&quot;,&quot;pause_on_interaction&quot;:&quot;yes&quot;,&quot;autoplay_speed&quot;:5000,&quot;infinite&quot;:&quot;yes&quot;,&quot;speed&quot;:500}\" data-widget_type=\"image-carousel.default\">\n\t\t\t\t<div class=\"elementor-widget-container\">\n\t\t\t\t\t<div class=\"elementor-image-carousel-wrapper swiper-container\" dir=\"ltr\">\n\t\t\t<div class=\"elementor-image-carousel swiper-wrapper\">\n\t\t\t\t\t\t\t\t<div class=\"swiper-slide\"><figure class=\"swiper-slide-inner\"><img class=\"swiper-slide-image\" src=\"http:\/\/nouveau.baronnat.fr\/wp-content\/uploads\/elementor\/thumbs\/CHARDONNAY_IGP-nmseribi9w0f48rs28dzioklxxg1f2b4zhdyjfm9qk.jpg\" alt=\"etiquette chardonnay\" \/><\/figure><\/div><div class=\"swiper-slide\"><figure class=\"swiper-slide-inner\"><img class=\"swiper-slide-image\" src=\"http:\/\/nouveau.baronnat.fr\/wp-content\/uploads\/elementor\/thumbs\/etiq-macon-aze-1-1-nmsercoh4vsp6kzyz5y83pzudm7u4voqyph1nrumrw.jpg\" alt=\"etiquette Macon Aze\" \/><\/figure><\/div><div class=\"swiper-slide\"><figure class=\"swiper-slide-inner\"><img class=\"swiper-slide-image\" src=\"http:\/\/nouveau.baronnat.fr\/wp-content\/uploads\/elementor\/thumbs\/etiq_vire_clesse1-nmsetdzvxyl2c61h31n4i7hspo6gt9rt8scx3ctxak.jpg\" alt=\"etiquette Vir\u00e9 Cless\u00e9\" \/><\/figure><\/div><div class=\"swiper-slide\"><figure class=\"swiper-slide-inner\"><img class=\"swiper-slide-image\" src=\"http:\/\/nouveau.baronnat.fr\/wp-content\/uploads\/elementor\/thumbs\/macon1-nmsewd5hl2nr3pptpbyleggcflib6rl7niq9swf1l8.jpg\" alt=\"\u00e9tiquette macon rouge\" \/><\/figure><\/div><div class=\"swiper-slide\"><figure class=\"swiper-slide-inner\"><img class=\"swiper-slide-image\" src=\"http:\/\/nouveau.baronnat.fr\/wp-content\/uploads\/elementor\/thumbs\/cotes_de_provence_terre_anais-nmseugj9q61tk6hhu0atufrp2gwikv0t233trp8s7g.jpg\" alt=\"etiquette_cotes_provence_\" \/><\/figure><\/div><div class=\"swiper-slide\"><figure class=\"swiper-slide-inner\"><img class=\"swiper-slide-image\" src=\"http:\/\/nouveau.baronnat.fr\/wp-content\/uploads\/elementor\/thumbs\/crozes_hermitage_WEB-nmsey1b5qgy3qrafy1ypu19ug99sve817shcilxuj0.jpg\" alt=\"\u00e9tiquette crozes hermitage\" \/><\/figure><\/div><div class=\"swiper-slide\"><figure class=\"swiper-slide-inner\"><img class=\"swiper-slide-image\" src=\"http:\/\/nouveau.baronnat.fr\/wp-content\/uploads\/elementor\/thumbs\/chenas2-nmsf14844x5xsqtbydwp09a8jq343ogcz1gn59de4s.jpg\" alt=\"\u00e9tiquette Ch\u00e9nas\" \/><\/figure><\/div><div class=\"swiper-slide\"><figure class=\"swiper-slide-inner\"><img class=\"swiper-slide-image\" src=\"http:\/\/nouveau.baronnat.fr\/wp-content\/uploads\/elementor\/thumbs\/julienas2-nmsf0s07o2p7ltb2xqmjlud8tprcbm3ulczbwnvido.jpg\" alt=\"\u00e9tiquette Juli\u00e9nas\" \/><\/figure><\/div><div class=\"swiper-slide\"><figure class=\"swiper-slide-inner\"><img class=\"swiper-slide-image\" src=\"http:\/\/nouveau.baronnat.fr\/wp-content\/uploads\/elementor\/thumbs\/cotes_rhone_vins_baronnat-nmseyfeqkzhekwpynq24dfprd1cb2us09q9mprcxxo.jpg\" alt=\"\u00e9tiquette C\u00f4tes du Rh\u00f4ne\" \/><\/figure><\/div><div class=\"swiper-slide\"><figure class=\"swiper-slide-inner\"><img class=\"swiper-slide-image\" src=\"http:\/\/nouveau.baronnat.fr\/wp-content\/uploads\/elementor\/thumbs\/ce-moulin-a-vent-n3u3irrmontkt22j4qxpau4ydoxhe0yg7zun0xjv7w.jpg\" alt=\"\u00e9tiquette Moulin a vent\" \/><\/figure><\/div><div class=\"swiper-slide\"><figure class=\"swiper-slide-inner\"><img class=\"swiper-slide-image\" src=\"http:\/\/nouveau.baronnat.fr\/wp-content\/uploads\/elementor\/thumbs\/ce-fleurie-nmsf089lojy6u03r503dnhckcmgmtyxhina4tuos0c.jpg\" alt=\"\u00e9tiquette Fleurie\" \/><\/figure><\/div><div class=\"swiper-slide\"><figure class=\"swiper-slide-inner\"><img class=\"swiper-slide-image\" src=\"http:\/\/nouveau.baronnat.fr\/wp-content\/uploads\/elementor\/thumbs\/brouilly1-nmsf54z9deo3goz2h4h8o8r8129n12f0uxxf1verik.jpg\" alt=\"etiquette_brouilly\" \/><\/figure><\/div>\t\t\t<\/div><div class=\"swiper-pagination\"><\/div><div class=\"elementor-swiper-button elementor-swiper-button-prev\">\n\t\t\t\t\t\t<i aria-hidden=\"true\" class=\"eicon-chevron-left\"><\/i>\t\t\t\t\t\t<span class=\"elementor-screen-only\">Pr\u00e9c\u00e9dent<\/span>\n\t\t\t\t\t<\/div><div class=\"elementor-swiper-button elementor-swiper-button-next\">\n\t\t\t\t\t\t<i aria-hidden=\"true\" class=\"eicon-chevron-right\"><\/i>\t\t\t\t\t\t<span class=\"elementor-screen-only\">Suivant<\/span>\n\t\t\t\t\t<\/div>\n\t\t\t\t\t\t\t\t\t<\/div>\n\t\t\t\t<\/div>\n\t\t\t\t<\/div>\n\t\t\t\t\t\t<\/div>\n\t\t\t\t\t<\/div>\n\t\t<\/div>\n\t\t\t\t\t\t\t\t<\/div>\n\t\t\t\t\t<\/div>\n\t\t<\/section>\n\t\t\t\t<section class=\"elementor-section elementor-top-section elementor-element elementor-element-urmkkwv elementor-section-boxed elementor-section-height-default elementor-section-height-default\" data-id=\"urmkkwv\" data-element_type=\"section\">\n\t\t\t\t\t\t<div class=\"elementor-container elementor-column-gap-default\">\n\t\t\t\t\t\t\t<div class=\"elementor-row\">\n\t\t\t\t\t<div class=\"elementor-column elementor-col-33 elementor-top-column elementor-element elementor-element-rgk5dn8\" data-id=\"rgk5dn8\" data-element_type=\"column\">\n\t\t\t<div class=\"elementor-column-wrap elementor-element-populated\">\n\t\t\t\t\t\t\t<div class=\"elementor-widget-wrap\">\n\t\t\t\t\t\t<div class=\"elementor-element elementor-element-q1ljdyy elementor-widget elementor-widget-text-editor\" data-id=\"q1ljdyy\" data-element_type=\"widget\" data-widget_type=\"text-editor.default\">\n\t\t\t\t<div class=\"elementor-widget-container\">\n\t\t\t\t\t\t\t\t<div class=\"elementor-text-editor elementor-clearfix\">\n\t\t\t\t<h3><strong><span style=\"color: #999999;\">\u00a0Les vins du littoral m\u00e9diterrann\u00e9en &#8211; I.G.P. &#8211;<\/span><\/strong><\/h3><h5><a href=\"http:\/\/nouveau.baronnat.fr\/?page_id=329&amp;lang=fr\" target=\"_blank\" rel=\"noopener\">Les Or\u00e9ades<\/a>\u00a0<a href=\"http:\/\/nouveau.baronnat.fr\/?page_id=329&amp;lang=fr\" target=\"_blank\" rel=\"noopener\">rouge<\/a><br \/><a href=\"http:\/\/nouveau.baronnat.fr\/?page_id=335&amp;lang=fr\" target=\"_blank\" rel=\"noopener\">Les Or\u00e9ades <\/a><a href=\"http:\/\/nouveau.baronnat.fr\/?page_id=335&amp;lang=fr\" target=\"_blank\" rel=\"noopener\"> blanc<\/a><a href=\"http:\/\/nouveau.baronnat.fr\/?page_id=331&amp;lang=fr\" target=\"_blank\" rel=\"noopener\"><br \/>Les Or\u00e9ades ros\u00e9<\/a><a href=\"http:\/\/nouveau.baronnat.fr\/?page_id=331&amp;lang=fr\" target=\"_blank\" rel=\"noopener\">,<\/a><a href=\"http:\/\/nouveau.baronnat.fr\/?page_id=1438&amp;lang=fr\" target=\"_blank\" rel=\"noopener\"><br \/>Syrah,<\/a><br \/><a href=\"http:\/\/nouveau.baronnat.fr\/?page_id=1849\">pinot noir,<\/a><br \/><a href=\"http:\/\/nouveau.baronnat.fr\/?page_id=1181\">chardonnay,<\/a><br \/><a href=\"http:\/\/nouveau.baronnat.fr\/?page_id=392\">Sauvignon,<\/a><br \/><a href=\"http:\/\/nouveau.baronnat.fr\/?page_id=1311\" target=\"_blank\" rel=\"noopener\">Viognier<br \/><\/a><a href=\"http:\/\/nouveau.baronnat.fr\/?page_id=2164\"><span style=\"color: #ff9900;\">terre d&rsquo;Anais\u00a0<\/span>\u00a0m\u00e9diterran\u00e9e<span style=\"color: #ff9900;\">\u00a0<\/span><span style=\"color: #ff9900;\">ros\u00e9<\/span><\/a><\/h5><h3><strong><span style=\"color: #999999;\">Tous les vins du Beaujolais<\/span><\/strong><\/h3><h5><a href=\"http:\/\/nouveau.baronnat.fr\/?page_id=432&amp;lang=fr\" target=\"_blank\" rel=\"noopener\">Beaujolais rouge,<\/a><br \/><a href=\"http:\/\/nouveau.baronnat.fr\/?page_id=427&amp;lang=fr\" target=\"_blank\" rel=\"noopener\">Beaujolais blanc,<\/a><br \/><a href=\"http:\/\/nouveau.baronnat.fr\/?page_id=436&amp;lang=fr\" target=\"_blank\" rel=\"noopener\">Beaujolais ros\u00e9,<\/a><br \/><a href=\"http:\/\/nouveau.baronnat.fr\/?page_id=360&amp;lang=fr\" target=\"_blank\" rel=\"noopener\" data-wplink-edit=\"true\">Beaujolais-Villages \u201d Le bois de la fee \u201c<\/a><br \/><a href=\"http:\/\/nouveau.baronnat.fr\/?page_id=358&amp;lang=fr\" target=\"_blank\" rel=\"noopener\">Brouilly<\/a><br \/><a href=\"http:\/\/nouveau.baronnat.fr\/?page_id=356&amp;lang=fr\" target=\"_blank\" rel=\"noopener\">C\u00f4te de Brouilly<\/a><br \/><a href=\"http:\/\/nouveau.baronnat.fr\/?page_id=354&amp;lang=fr\" target=\"_blank\" rel=\"noopener\">Regnie,<\/a><br \/><a href=\"http:\/\/nouveau.baronnat.fr\/?page_id=337&amp;lang=fr\" target=\"_blank\" rel=\"noopener\">Chiroubles<\/a><br \/><a href=\"http:\/\/nouveau.baronnat.fr\/?page_id=352&amp;lang=fr\" target=\"_blank\" rel=\"noopener\">Morgon<\/a><br \/><a href=\"http:\/\/nouveau.baronnat.fr\/?page_id=342&amp;lang=fr\" target=\"_blank\" rel=\"noopener\">Fleurie<\/a><br \/><a href=\"http:\/\/nouveau.baronnat.fr\/?page_id=347\" target=\"_blank\" rel=\"noopener\">Julienas<\/a><br \/><a href=\"http:\/\/nouveau.baronnat.fr\/?page_id=344&amp;lang=fr\" target=\"_blank\" rel=\"noopener\">Chenas<\/a><br \/><a href=\"http:\/\/nouveau.baronnat.fr\/?page_id=350&amp;lang=fr\" target=\"_blank\" rel=\"noopener\">Moulin a Vent<\/a><br \/><a href=\"http:\/\/nouveau.baronnat.fr\/?page_id=339&amp;lang=fr\" target=\"_blank\" rel=\"noopener\">Saint Amour.<\/a><\/h5>\t\t\t\t\t<\/div>\n\t\t\t\t\t\t<\/div>\n\t\t\t\t<\/div>\n\t\t\t\t\t\t<\/div>\n\t\t\t\t\t<\/div>\n\t\t<\/div><div class=\"elementor-column elementor-col-33 elementor-top-column elementor-element elementor-element-ilr4wj4\" data-id=\"ilr4wj4\" data-element_type=\"column\">\n\t\t\t<div class=\"elementor-column-wrap elementor-element-populated\">\n\t\t\t\t\t\t\t<div class=\"elementor-widget-wrap\">\n\t\t\t\t\t\t<div class=\"elementor-element elementor-element-ccenlfl elementor-widget elementor-widget-text-editor\" data-id=\"ccenlfl\" data-element_type=\"widget\" data-widget_type=\"text-editor.default\">\n\t\t\t\t<div class=\"elementor-widget-container\">\n\t\t\t\t\t\t\t\t<div class=\"elementor-text-editor elementor-clearfix\">\n\t\t\t\t<p><img loading=\"lazy\" class=\"wp-image-1120  aligncenter\" src=\"http:\/\/nouveau.baronnat.fr\/wp-content\/uploads\/2008\/09\/carte2_dossier_autajon.jpg\" alt=\"carte vignobles\" width=\"279\" height=\"494\" srcset=\"http:\/\/nouveau.baronnat.fr\/wp-content\/uploads\/2008\/09\/carte2_dossier_autajon.jpg 400w, http:\/\/nouveau.baronnat.fr\/wp-content\/uploads\/2008\/09\/carte2_dossier_autajon-169x300.jpg 169w\" sizes=\"(max-width: 279px) 100vw, 279px\" \/><\/p><p>\u00a0<\/p><p>\u00a0<\/p>\t\t\t\t\t<\/div>\n\t\t\t\t\t\t<\/div>\n\t\t\t\t<\/div>\n\t\t\t\t\t\t<\/div>\n\t\t\t\t\t<\/div>\n\t\t<\/div><div class=\"elementor-column elementor-col-33 elementor-top-column elementor-element elementor-element-08d7zbc\" data-id=\"08d7zbc\" data-element_type=\"column\">\n\t\t\t<div class=\"elementor-column-wrap elementor-element-populated\">\n\t\t\t\t\t\t\t<div class=\"elementor-widget-wrap\">\n\t\t\t\t\t\t<div class=\"elementor-element elementor-element-7e1s92o elementor-widget elementor-widget-text-editor\" data-id=\"7e1s92o\" data-element_type=\"widget\" data-widget_type=\"text-editor.default\">\n\t\t\t\t<div class=\"elementor-widget-container\">\n\t\t\t\t\t\t\t\t<div class=\"elementor-text-editor elementor-clearfix\">\n\t\t\t\t<h3>\u00a0<strong><span style=\"color: #999999;\">Du Sud de la Bourgogne<\/span><\/strong><\/h3><h5><a href=\"http:\/\/nouveau.baronnat.fr\/?page_id=418&amp;lang=fr\" target=\"_blank\" rel=\"noopener\">Bourgogne pinot noir<\/a>,<br \/><a href=\"http:\/\/nouveau.baronnat.fr\/fr\/bourgogne-chardonnay\/\" target=\"_blank\" rel=\"noopener\">Bourgogne chardonnay<\/a>,<br \/><a href=\"http:\/\/nouveau.baronnat.fr\/fr\/bourgogne-aligote-jean-baronnat\/\" target=\"_blank\" rel=\"noopener\">Bourgogne aligote,<\/a><br \/><a href=\"http:\/\/nouveau.baronnat.fr\/?page_id=468&amp;lang=fr\" target=\"_blank\" rel=\"noopener\">Vire Clesse<\/a>,<br \/><a href=\"http:\/\/nouveau.baronnat.fr\/?page_id=413&amp;lang=fr\" target=\"_blank\" rel=\"noopener\">Saint veran,<\/a><a href=\"http:\/\/nouveau.baronnat.fr\/?page_id=397&amp;lang=fr\" target=\"_blank\" rel=\"noopener\"><br \/>Macon rouge<\/a><a href=\"http:\/\/nouveau.baronnat.fr\/?page_id=413&amp;lang=fr\" target=\"_blank\" rel=\"noopener\"><br \/><\/a><a href=\"http:\/\/nouveau.baronnat.fr\/?page_id=1164&amp;lang=fr\" target=\"_blank\" rel=\"noopener\">M\u00e2con Aze<\/a><a href=\"http:\/\/nouveau.baronnat.fr\/?page_id=413&amp;lang=fr\" target=\"_blank\" rel=\"noopener\">,<br \/><\/a><a href=\"http:\/\/nouveau.baronnat.fr\/fr\/macon-villages-blanc-jean-baronnat\/\" target=\"_blank\" rel=\"noopener\">M\u00e2con-Villages<\/a><a href=\"http:\/\/nouveau.baronnat.fr\/?page_id=413&amp;lang=fr\" target=\"_blank\" rel=\"noopener\">.<\/a><\/h5><h3><strong><span style=\"color: #999999;\">la Vall\u00e9e du Rh\u00f4ne<\/span><\/strong><\/h3><h5><a href=\"http:\/\/nouveau.baronnat.fr\/?page_id=374&amp;lang=fr\" target=\"_blank\" rel=\"noopener\">Coteaux du Lyonnais rouge<\/a><br \/><a href=\"http:\/\/nouveau.baronnat.fr\/?page_id=1125\" target=\"_blank\" rel=\"noopener\">Coteaux du Lyonnais blanc,<\/a><br \/><a href=\"http:\/\/nouveau.baronnat.fr\/?page_id=1149\" target=\"_blank\" rel=\"noopener\">Coteaux du Lyonnais ros\u00e9<\/a>,<br \/><a href=\"http:\/\/nouveau.baronnat.fr\/?page_id=366&amp;lang=fr\" target=\"_blank\" rel=\"noopener\">Crozes-Hermitage \u201d Les engoulevents \u201c,<\/a><br \/><a href=\"http:\/\/nouveau.baronnat.fr\/?page_id=370&amp;lang=fr\" target=\"_blank\" rel=\"noopener\">Saint Joseph \u201d Les engoulevents \u201c,<\/a><br \/><a href=\"http:\/\/nouveau.baronnat.fr\/?page_id=327&amp;lang=fr\" target=\"_blank\" rel=\"noopener\">Cotes du Rhone<\/a>,<br \/><a href=\"http:\/\/nouveau.baronnat.fr\/?page_id=362&amp;lang=fr\" target=\"_blank\" rel=\"noopener\">Ventoux<\/a>,<br \/><a href=\"http:\/\/nouveau.baronnat.fr\/?page_id=378&amp;lang=fr\" target=\"_blank\" rel=\"noopener\">Costi\u00e8res de Nimes.<\/a><\/h5><h3><strong><span style=\"color: #999999;\">\u00a0Plus au sud&#8230;<\/span><\/strong><\/h3><h5><a href=\"http:\/\/nouveau.baronnat.fr\/?page_id=439&amp;lang=fr\" target=\"_blank\" rel=\"noopener\">Cotes de Provence \u201d Terre d\u2019Anais \u201c<\/a><br \/><a href=\"http:\/\/nouveau.baronnat.fr\/?page_id=382&amp;lang=fr\" target=\"_blank\" rel=\"noopener\">Coteaux d\u2019Aix en Provence \u201d Terre d\u2019Anais \u201c<\/a><\/h5>\t\t\t\t\t<\/div>\n\t\t\t\t\t\t<\/div>\n\t\t\t\t<\/div>\n\t\t\t\t\t\t<\/div>\n\t\t\t\t\t<\/div>\n\t\t<\/div>\n\t\t\t\t\t\t\t\t<\/div>\n\t\t\t\t\t<\/div>\n\t\t<\/section>\n\t\t\t\t<section class=\"elementor-section elementor-top-section elementor-element elementor-element-vl9gok5 elementor-section-boxed elementor-section-height-default elementor-section-height-default\" data-id=\"vl9gok5\" data-element_type=\"section\">\n\t\t\t\t\t\t<div class=\"elementor-container elementor-column-gap-default\">\n\t\t\t\t\t\t\t<div class=\"elementor-row\">\n\t\t\t\t\t<div class=\"elementor-column elementor-col-25 elementor-top-column elementor-element elementor-element-8p5zfj9\" data-id=\"8p5zfj9\" data-element_type=\"column\">\n\t\t\t<div class=\"elementor-column-wrap\">\n\t\t\t\t\t\t\t<div class=\"elementor-widget-wrap\">\n\t\t\t\t\t\t\t\t<\/div>\n\t\t\t\t\t<\/div>\n\t\t<\/div><div class=\"elementor-column elementor-col-50 elementor-top-column elementor-element elementor-element-wbci4td\" data-id=\"wbci4td\" data-element_type=\"column\">\n\t\t\t<div class=\"elementor-column-wrap elementor-element-populated\">\n\t\t\t\t\t\t\t<div class=\"elementor-widget-wrap\">\n\t\t\t\t\t\t<div class=\"elementor-element elementor-element-3r29gnp elementor-widget elementor-widget-text-editor\" data-id=\"3r29gnp\" data-element_type=\"widget\" data-widget_type=\"text-editor.default\">\n\t\t\t\t<div class=\"elementor-widget-container\">\n\t\t\t\t\t\t\t\t<div class=\"elementor-text-editor elementor-clearfix\">\n\t\t\t\t<p><a href=\"http:\/\/nouveau.baronnat.fr\/?page_id=423\" target=\"_blank\" rel=\"noopener\"><strong>Baron de Baronnat<\/strong><\/a><br \/>Un vin blanc issu de raisins blancs \u00e9labor\u00e9 selon la m\u00e9thode traditionnelle \u00a0<a href=\"http:\/\/nouveau.baronnat.fr\/?page_id=423\" target=\"_blank\" rel=\"noopener\"><img loading=\"lazy\" class=\"aligncenter wp-image-163\" src=\"http:\/\/nouveau.baronnat.fr\/wp-content\/uploads\/2015\/02\/nvlle-etiq-baron.jpg\" alt=\"\" width=\"226\" height=\"149\" srcset=\"http:\/\/nouveau.baronnat.fr\/wp-content\/uploads\/2015\/02\/nvlle-etiq-baron.jpg 704w, http:\/\/nouveau.baronnat.fr\/wp-content\/uploads\/2015\/02\/nvlle-etiq-baron-300x198.jpg 300w, http:\/\/nouveau.baronnat.fr\/wp-content\/uploads\/2015\/02\/nvlle-etiq-baron-455x300.jpg 455w\" sizes=\"(max-width: 226px) 100vw, 226px\" \/><\/a><\/p>\t\t\t\t\t<\/div>\n\t\t\t\t\t\t<\/div>\n\t\t\t\t<\/div>\n\t\t\t\t\t\t<\/div>\n\t\t\t\t\t<\/div>\n\t\t<\/div><div class=\"elementor-column elementor-col-25 elementor-top-column elementor-element elementor-element-biwar3i\" data-id=\"biwar3i\" data-element_type=\"column\">\n\t\t\t<div class=\"elementor-column-wrap\">\n\t\t\t\t\t\t\t<div class=\"elementor-widget-wrap\">\n\t\t\t\t\t\t\t\t<\/div>\n\t\t\t\t\t<\/div>\n\t\t<\/div>\n\t\t\t\t\t\t\t\t<\/div>\n\t\t\t\t\t<\/div>\n\t\t<\/section>\n\t\t\t\t\t\t<\/div>\n\t\t\t\t\t\t<\/div>\n\t\t\t\t\t<\/div>\n\t\t","protected":false},"excerpt":{"rendered":"<p>Pr\u00e9c\u00e9dent Suivant &nbsp;Les vins du littoral m\u00e9diterrann\u00e9en &#8211; I.G.P. &#8211; Les Or\u00e9ades&nbsp;rouge Les Or\u00e9ades blanc Les Or\u00e9ades ros\u00e9, Syrah, pinot noir, chardonnay, Sauvignon, Viognier terre d&rsquo;Anais&nbsp;&nbsp;m\u00e9diterran\u00e9e&nbsp;ros\u00e9 Tous les vins du Beaujolais Beaujolais rouge, Beaujolais blanc, Beaujolais ros\u00e9, Beaujolais-Villages \u201d Le bois de la fee \u201c Brouilly C\u00f4te de Brouilly Regnie, Chiroubles Morgon Fleurie Julienas Chenas&#8230; <\/p>\n<div class=\"read-more navbutton\"><a href=\"http:\/\/nouveau.baronnat.fr\/?page_id=1246\">Lire la suite<i class=\"fa fa-angle-double-right\"><\/i><\/a><\/div>\n","protected":false},"author":1,"featured_media":0,"parent":0,"menu_order":0,"comment_status":"closed","ping_status":"closed","template":"","meta":[],"_links":{"self":[{"href":"http:\/\/nouveau.baronnat.fr\/index.php?rest_route=\/wp\/v2\/pages\/1246"}],"collection":[{"href":"http:\/\/nouveau.baronnat.fr\/index.php?rest_route=\/wp\/v2\/pages"}],"about":[{"href":"http:\/\/nouveau.baronnat.fr\/index.php?rest_route=\/wp\/v2\/types\/page"}],"author":[{"embeddable":true,"href":"http:\/\/nouveau.baronnat.fr\/index.php?rest_route=\/wp\/v2\/users\/1"}],"replies":[{"embeddable":true,"href":"http:\/\/nouveau.baronnat.fr\/index.php?rest_route=%2Fwp%2Fv2%2Fcomments&post=1246"}],"version-history":[{"count":16,"href":"http:\/\/nouveau.baronnat.fr\/index.php?rest_route=\/wp\/v2\/pages\/1246\/revisions"}],"predecessor-version":[{"id":2368,"href":"http:\/\/nouveau.baronnat.fr\/index.php?rest_route=\/wp\/v2\/pages\/1246\/revisions\/2368"}],"wp:attachment":[{"href":"http:\/\/nouveau.baronnat.fr\/index.php?rest_route=%2Fwp%2Fv2%2Fmedia&parent=1246"}],"curies":[{"name":"wp","href":"https:\/\/api.w.org\/{rel}","templated":true}]}}