{"id":1311,"date":"2016-09-26T17:49:28","date_gmt":"2016-09-26T15:49:28","guid":{"rendered":"http:\/\/127.0.0.1:4001\/wordpress\/?page_id=1311"},"modified":"2017-03-09T20:18:08","modified_gmt":"2017-03-09T18:18:08","slug":"cepage-viognier-igp-oc","status":"publish","type":"page","link":"http:\/\/nouveau.baronnat.fr\/?page_id=1311","title":{"rendered":"C\u00e9page Viognier &#8211; IGP Oc blanc &#8211;"},"content":{"rendered":"\t\t<div data-elementor-type=\"wp-page\" data-elementor-id=\"1311\" class=\"elementor elementor-1311 elementor-bc-flex-widget\" data-elementor-settings=\"[]\">\n\t\t\t\t\t\t<div class=\"elementor-inner\">\n\t\t\t\t\t\t\t<div class=\"elementor-section-wrap\">\n\t\t\t\t\t\t\t<section class=\"elementor-section elementor-top-section elementor-element elementor-element-kcdrljb elementor-section-boxed elementor-section-height-default elementor-section-height-default\" data-id=\"kcdrljb\" data-element_type=\"section\">\n\t\t\t\t\t\t<div class=\"elementor-container elementor-column-gap-default\">\n\t\t\t\t\t\t\t<div class=\"elementor-row\">\n\t\t\t\t\t<div class=\"elementor-column elementor-col-50 elementor-top-column elementor-element elementor-element-mgvgotq\" data-id=\"mgvgotq\" data-element_type=\"column\">\n\t\t\t<div class=\"elementor-column-wrap elementor-element-populated\">\n\t\t\t\t\t\t\t<div class=\"elementor-widget-wrap\">\n\t\t\t\t\t\t<div class=\"elementor-element elementor-element-cjdzsrd elementor-widget elementor-widget-text-editor\" data-id=\"cjdzsrd\" data-element_type=\"widget\" data-widget_type=\"text-editor.default\">\n\t\t\t\t<div class=\"elementor-widget-container\">\n\t\t\t\t\t\t\t\t<div class=\"elementor-text-editor elementor-clearfix\">\n\t\t\t\t<p style=\"text-align: left;\"><img loading=\"lazy\" class=\"wp-image-1326 aligncenter\" src=\"http:\/\/nouveau.baronnat.fr\/wp-content\/uploads\/2016\/09\/viognier.jpg\" alt=\"viognier\" width=\"121\" height=\"372\" srcset=\"http:\/\/nouveau.baronnat.fr\/wp-content\/uploads\/2016\/09\/viognier.jpg 200w, http:\/\/nouveau.baronnat.fr\/wp-content\/uploads\/2016\/09\/viognier-98x300.jpg 98w\" sizes=\"(max-width: 121px) 100vw, 121px\" \/><\/p><p style=\"text-align: left;\"><strong>DEGUSTATION<\/strong><\/p><p style=\"text-align: left;\">Robe dor\u00e9e soutenue.<br \/> Nez d&rsquo;une belle intensit\u00e9 aromatique, avec une dominante de fruits (p\u00eache, abricots), notes d&rsquo;agrumes et fleurs blanches.<br \/> En bouche, il poss\u00e8de une structure riche.<\/p>\t\t\t\t\t<\/div>\n\t\t\t\t\t\t<\/div>\n\t\t\t\t<\/div>\n\t\t\t\t\t\t<\/div>\n\t\t\t\t\t<\/div>\n\t\t<\/div><div class=\"elementor-column elementor-col-50 elementor-top-column elementor-element elementor-element-fdbnlyi\" data-id=\"fdbnlyi\" data-element_type=\"column\">\n\t\t\t<div class=\"elementor-column-wrap elementor-element-populated\">\n\t\t\t\t\t\t\t<div class=\"elementor-widget-wrap\">\n\t\t\t\t\t\t<div class=\"elementor-element elementor-element-qfqetqw elementor-widget elementor-widget-text-editor\" data-id=\"qfqetqw\" data-element_type=\"widget\" data-widget_type=\"text-editor.default\">\n\t\t\t\t<div class=\"elementor-widget-container\">\n\t\t\t\t\t\t\t\t<div class=\"elementor-text-editor elementor-clearfix\">\n\t\t\t\t<p><img loading=\"lazy\" class=\"wp-image-1328 aligncenter\" src=\"http:\/\/nouveau.baronnat.fr\/wp-content\/uploads\/2016\/09\/ETIQ-VIOGNIER.jpg\" alt=\"etiq-viognier\" width=\"300\" height=\"243\" srcset=\"http:\/\/nouveau.baronnat.fr\/wp-content\/uploads\/2016\/09\/ETIQ-VIOGNIER.jpg 777w, http:\/\/nouveau.baronnat.fr\/wp-content\/uploads\/2016\/09\/ETIQ-VIOGNIER-300x243.jpg 300w, http:\/\/nouveau.baronnat.fr\/wp-content\/uploads\/2016\/09\/ETIQ-VIOGNIER-768x623.jpg 768w\" sizes=\"(max-width: 300px) 100vw, 300px\" \/><\/p><p><strong>TECHNIQUE<\/strong><\/p><p><strong>Situation<\/strong> :\u00a0En terroir Languedoc, le vignoble est situ\u00e9 sur des coteaux plein sud qui surplombe la mer m\u00e9diterran\u00e9e.<\/p><p><strong>Terroir<\/strong> : la vigne est cultiv\u00e9e sur des sols limoneux et sableux.<\/p><p><strong>C\u00e9page unique<\/strong> : Viognier.<\/p><p><strong>Vinification<\/strong> : pressurage direct, fermentation et contr\u00f4le des temp\u00e9ratures.<\/p><p><strong>Elevage<\/strong> : en cuve puis en bouteilles.<\/p>\t\t\t\t\t<\/div>\n\t\t\t\t\t\t<\/div>\n\t\t\t\t<\/div>\n\t\t\t\t\t\t<\/div>\n\t\t\t\t\t<\/div>\n\t\t<\/div>\n\t\t\t\t\t\t\t\t<\/div>\n\t\t\t\t\t<\/div>\n\t\t<\/section>\n\t\t\t\t<section class=\"elementor-section elementor-top-section elementor-element elementor-element-pcfiive elementor-section-boxed elementor-section-height-default elementor-section-height-default\" data-id=\"pcfiive\" data-element_type=\"section\">\n\t\t\t\t\t\t<div class=\"elementor-container elementor-column-gap-default\">\n\t\t\t\t\t\t\t<div class=\"elementor-row\">\n\t\t\t\t\t<div class=\"elementor-column elementor-col-100 elementor-top-column elementor-element elementor-element-jxwghee\" data-id=\"jxwghee\" data-element_type=\"column\">\n\t\t\t<div class=\"elementor-column-wrap elementor-element-populated\">\n\t\t\t\t\t\t\t<div class=\"elementor-widget-wrap\">\n\t\t\t\t\t\t<div class=\"elementor-element elementor-element-utbqkbh elementor-widget elementor-widget-text-editor\" data-id=\"utbqkbh\" data-element_type=\"widget\" data-widget_type=\"text-editor.default\">\n\t\t\t\t<div class=\"elementor-widget-container\">\n\t\t\t\t\t\t\t\t<div class=\"elementor-text-editor elementor-clearfix\">\n\t\t\t\t<p style=\"text-align: center;\"><strong>SERVICE<\/strong> : Temp\u00e9rature de service aux environs de 8\u00b0C. Id\u00e9al sur des poissons ou viandes blanches.<\/p>\t\t\t\t\t<\/div>\n\t\t\t\t\t\t<\/div>\n\t\t\t\t<\/div>\n\t\t\t\t\t\t<\/div>\n\t\t\t\t\t<\/div>\n\t\t<\/div>\n\t\t\t\t\t\t\t\t<\/div>\n\t\t\t\t\t<\/div>\n\t\t<\/section>\n\t\t\t\t\t\t<\/div>\n\t\t\t\t\t\t<\/div>\n\t\t\t\t\t<\/div>\n\t\t","protected":false},"excerpt":{"rendered":"<p>DEGUSTATION Robe dor\u00e9e soutenue. Nez d&rsquo;une belle intensit\u00e9 aromatique, avec une dominante de fruits (p\u00eache, abricots), notes d&rsquo;agrumes et fleurs blanches. En bouche, il poss\u00e8de une structure riche. TECHNIQUE Situation :\u00a0En terroir Languedoc, le vignoble est situ\u00e9 sur des coteaux plein sud qui surplombe la mer m\u00e9diterran\u00e9e. Terroir : la vigne est cultiv\u00e9e sur des&#8230; <\/p>\n<div class=\"read-more navbutton\"><a href=\"http:\/\/nouveau.baronnat.fr\/?page_id=1311\">Lire la suite<i class=\"fa fa-angle-double-right\"><\/i><\/a><\/div>\n","protected":false},"author":1,"featured_media":0,"parent":0,"menu_order":0,"comment_status":"closed","ping_status":"closed","template":"","meta":[],"_links":{"self":[{"href":"http:\/\/nouveau.baronnat.fr\/index.php?rest_route=\/wp\/v2\/pages\/1311"}],"collection":[{"href":"http:\/\/nouveau.baronnat.fr\/index.php?rest_route=\/wp\/v2\/pages"}],"about":[{"href":"http:\/\/nouveau.baronnat.fr\/index.php?rest_route=\/wp\/v2\/types\/page"}],"author":[{"embeddable":true,"href":"http:\/\/nouveau.baronnat.fr\/index.php?rest_route=\/wp\/v2\/users\/1"}],"replies":[{"embeddable":true,"href":"http:\/\/nouveau.baronnat.fr\/index.php?rest_route=%2Fwp%2Fv2%2Fcomments&post=1311"}],"version-history":[{"count":0,"href":"http:\/\/nouveau.baronnat.fr\/index.php?rest_route=\/wp\/v2\/pages\/1311\/revisions"}],"wp:attachment":[{"href":"http:\/\/nouveau.baronnat.fr\/index.php?rest_route=%2Fwp%2Fv2%2Fmedia&parent=1311"}],"curies":[{"name":"wp","href":"https:\/\/api.w.org\/{rel}","templated":true}]}}