{"id":1424,"date":"2016-12-19T12:42:05","date_gmt":"2016-12-19T10:42:05","guid":{"rendered":"http:\/\/127.0.0.1:4001\/wordpress\/our-company-copy-2-copy-copy\/"},"modified":"2019-02-12T17:00:53","modified_gmt":"2019-02-12T15:00:53","slug":"nos-vins-de-la-vallee-du-rhone","status":"publish","type":"page","link":"http:\/\/nouveau.baronnat.fr\/?page_id=1424","title":{"rendered":"La vall\u00e9e du Rh\u00f4ne"},"content":{"rendered":"\t\t<div data-elementor-type=\"wp-post\" data-elementor-id=\"1424\" class=\"elementor elementor-1424 elementor-bc-flex-widget\" data-elementor-settings=\"[]\">\n\t\t\t\t\t\t<div class=\"elementor-inner\">\n\t\t\t\t\t\t\t<div class=\"elementor-section-wrap\">\n\t\t\t\t\t\t\t<section class=\"elementor-section elementor-top-section elementor-element elementor-element-1d2f939 elementor-section-boxed elementor-section-height-default elementor-section-height-default\" data-id=\"1d2f939\" data-element_type=\"section\">\n\t\t\t\t\t\t<div class=\"elementor-container elementor-column-gap-default\">\n\t\t\t\t\t\t\t<div class=\"elementor-row\">\n\t\t\t\t\t<div class=\"elementor-column elementor-col-50 elementor-top-column elementor-element elementor-element-5914a8c\" data-id=\"5914a8c\" data-element_type=\"column\">\n\t\t\t<div class=\"elementor-column-wrap elementor-element-populated\">\n\t\t\t\t\t\t\t<div class=\"elementor-widget-wrap\">\n\t\t\t\t\t\t<div class=\"elementor-element elementor-element-8617daf elementor-widget elementor-widget-text-editor\" data-id=\"8617daf\" data-element_type=\"widget\" data-widget_type=\"text-editor.default\">\n\t\t\t\t<div class=\"elementor-widget-container\">\n\t\t\t\t\t\t\t\t<div class=\"elementor-text-editor elementor-clearfix\">\n\t\t\t\t<h1><strong>\u00a0la Vall\u00e9e du Rh\u00f4ne<\/strong><\/h1><h5><a href=\"http:\/\/nouveau.baronnat.fr\/?page_id=374&amp;lang=fr\" target=\"_blank\" rel=\"noopener\">Coteaux du Lyonnais rouge<\/a><br \/><a href=\"http:\/\/nouveau.baronnat.fr\/?page_id=1125&amp;lang=fr\" target=\"_blank\" rel=\"noopener\">Coteaux du Lyonnais blanc<\/a>,<br \/><a href=\"http:\/\/nouveau.baronnat.fr\/?page_id=1149&amp;lang=fr\" target=\"_blank\" rel=\"noopener\">Coteaux du Lyonnais ros\u00e9<\/a>,<br \/><a href=\"http:\/\/nouveau.baronnat.fr\/?page_id=366&amp;lang=fr\" target=\"_blank\" rel=\"noopener\">Crozes-Hermitage \u201d Les engoulevents \u201c,<\/a><br \/><a href=\"http:\/\/nouveau.baronnat.fr\/?page_id=370&amp;lang=fr\" target=\"_blank\" rel=\"noopener\">Saint Joseph \u201d Les engoulevents \u201c,<\/a><br \/><a href=\"http:\/\/nouveau.baronnat.fr\/?page_id=327&amp;lang=fr\" target=\"_blank\" rel=\"noopener\">Cotes du Rhone<\/a>,<br \/><a href=\"http:\/\/nouveau.baronnat.fr\/?page_id=362&amp;lang=fr\" target=\"_blank\" rel=\"noopener\">\u00a0Ventoux<\/a>,<br \/><a href=\"http:\/\/nouveau.baronnat.fr\/?page_id=378&amp;lang=fr\" target=\"_blank\" rel=\"noopener\">Costi\u00e8res de Nimes.<\/a><\/h5>\t\t\t\t\t<\/div>\n\t\t\t\t\t\t<\/div>\n\t\t\t\t<\/div>\n\t\t\t\t\t\t<\/div>\n\t\t\t\t\t<\/div>\n\t\t<\/div><div class=\"elementor-column elementor-col-50 elementor-top-column elementor-element elementor-element-a1ddbdc\" data-id=\"a1ddbdc\" data-element_type=\"column\">\n\t\t\t<div class=\"elementor-column-wrap elementor-element-populated\">\n\t\t\t\t\t\t\t<div class=\"elementor-widget-wrap\">\n\t\t\t\t\t\t<div class=\"elementor-element elementor-element-3e10243 elementor-widget elementor-widget-image\" data-id=\"3e10243\" data-element_type=\"widget\" data-widget_type=\"image.default\">\n\t\t\t\t<div class=\"elementor-widget-container\">\n\t\t\t\t\t\t\t\t<div class=\"elementor-image\">\n\t\t\t\t\t\t\t\t\t\t\t\t<img width=\"274\" height=\"300\" src=\"http:\/\/nouveau.baronnat.fr\/wp-content\/uploads\/2019\/02\/carte_valle_rhone-274x300.jpg\" class=\"attachment-medium size-medium\" alt=\"\" loading=\"lazy\" srcset=\"http:\/\/nouveau.baronnat.fr\/wp-content\/uploads\/2019\/02\/carte_valle_rhone-274x300.jpg 274w, http:\/\/nouveau.baronnat.fr\/wp-content\/uploads\/2019\/02\/carte_valle_rhone.jpg 698w\" sizes=\"(max-width: 274px) 100vw, 274px\" \/>\t\t\t\t\t\t\t\t\t\t\t\t\t\t<\/div>\n\t\t\t\t\t\t<\/div>\n\t\t\t\t<\/div>\n\t\t\t\t\t\t<\/div>\n\t\t\t\t\t<\/div>\n\t\t<\/div>\n\t\t\t\t\t\t\t\t<\/div>\n\t\t\t\t\t<\/div>\n\t\t<\/section>\n\t\t\t\t<section class=\"elementor-section elementor-top-section elementor-element elementor-element-adjrycb elementor-section-boxed elementor-section-height-default elementor-section-height-default\" data-id=\"adjrycb\" data-element_type=\"section\">\n\t\t\t\t\t\t<div class=\"elementor-container elementor-column-gap-default\">\n\t\t\t\t\t\t\t<div class=\"elementor-row\">\n\t\t\t\t\t<div class=\"elementor-column elementor-col-100 elementor-top-column elementor-element elementor-element-cqsngsk\" data-id=\"cqsngsk\" data-element_type=\"column\">\n\t\t\t<div class=\"elementor-column-wrap elementor-element-populated\">\n\t\t\t\t\t\t\t<div class=\"elementor-widget-wrap\">\n\t\t\t\t\t\t<div class=\"elementor-element elementor-element-ytv9b8j elementor-arrows-position-inside elementor-pagination-position-outside elementor-widget elementor-widget-image-carousel\" data-id=\"ytv9b8j\" data-element_type=\"widget\" data-settings=\"{&quot;navigation&quot;:&quot;both&quot;,&quot;autoplay&quot;:&quot;yes&quot;,&quot;pause_on_hover&quot;:&quot;yes&quot;,&quot;pause_on_interaction&quot;:&quot;yes&quot;,&quot;autoplay_speed&quot;:5000,&quot;infinite&quot;:&quot;yes&quot;,&quot;speed&quot;:500}\" data-widget_type=\"image-carousel.default\">\n\t\t\t\t<div class=\"elementor-widget-container\">\n\t\t\t\t\t<div class=\"elementor-image-carousel-wrapper swiper-container\" dir=\"ltr\">\n\t\t\t<div class=\"elementor-image-carousel swiper-wrapper\">\n\t\t\t\t\t\t\t\t<div class=\"swiper-slide\"><figure class=\"swiper-slide-inner\"><img class=\"swiper-slide-image\" src=\"http:\/\/nouveau.baronnat.fr\/wp-content\/uploads\/elementor\/thumbs\/coteaux_lyonnais_mod_phtflt-nmsexiieaxv9r4mnlp5wnmvmv26qmoik42januj51i.jpg\" alt=\"etiquette_coteaux_lyonnais\" \/><\/figure><\/div><div class=\"swiper-slide\"><figure class=\"swiper-slide-inner\"><img class=\"swiper-slide-image\" src=\"http:\/\/nouveau.baronnat.fr\/wp-content\/uploads\/elementor\/thumbs\/saint_joseph_retouch-nmsey0dbwsjpvpwppevth0de5dqpoxhgiixis3snra.jpg\" alt=\"etiquette_saint_joseph\" \/><\/figure><\/div><div class=\"swiper-slide\"><figure class=\"swiper-slide-inner\"><img class=\"swiper-slide-image\" src=\"http:\/\/nouveau.baronnat.fr\/wp-content\/uploads\/elementor\/thumbs\/cotes_ventoux-nmsey6y78msq4zn5mzq7ggpmb2ua6t7kvfhx51iwjq.jpg\" alt=\"etiquette cotes ventoux\" \/><\/figure><\/div><div class=\"swiper-slide\"><figure class=\"swiper-slide-inner\"><img class=\"swiper-slide-image\" src=\"http:\/\/nouveau.baronnat.fr\/wp-content\/uploads\/elementor\/thumbs\/crozes_hermitage_WEB-nmsey1b63ml07bvcjxag1i4uqrm2wml6unl09dr9l2.jpg\" alt=\"\u00e9tiquette crozes hermitage\" \/><\/figure><\/div><div class=\"swiper-slide\"><figure class=\"swiper-slide-inner\"><img class=\"swiper-slide-image\" src=\"http:\/\/nouveau.baronnat.fr\/wp-content\/uploads\/elementor\/thumbs\/cotes_rhone_vins_baronnat-nmseyfeqy54b1hav9ldukwkrnjol4355wldagj6czq.jpg\" alt=\"\u00e9tiquette C\u00f4tes du Rh\u00f4ne\" \/><\/figure><\/div>\t\t\t<\/div><div class=\"swiper-pagination\"><\/div><div class=\"elementor-swiper-button elementor-swiper-button-prev\">\n\t\t\t\t\t\t<i aria-hidden=\"true\" class=\"eicon-chevron-left\"><\/i>\t\t\t\t\t\t<span class=\"elementor-screen-only\">Pr\u00e9c\u00e9dent<\/span>\n\t\t\t\t\t<\/div><div class=\"elementor-swiper-button elementor-swiper-button-next\">\n\t\t\t\t\t\t<i aria-hidden=\"true\" class=\"eicon-chevron-right\"><\/i>\t\t\t\t\t\t<span class=\"elementor-screen-only\">Suivant<\/span>\n\t\t\t\t\t<\/div>\n\t\t\t\t\t\t\t\t\t<\/div>\n\t\t\t\t<\/div>\n\t\t\t\t<\/div><div class=\"elementor-element elementor-element-5ca4e54 elementor-widget elementor-widget-heading\" data-id=\"5ca4e54\" data-element_type=\"widget\" data-widget_type=\"heading.default\">\n\t\t\t\t<div class=\"elementor-widget-container\">\n\t\t\t<h2 class=\"elementor-heading-title elementor-size-default\">\n<\/h2>\t\t<\/div>\n\t\t\t\t<\/div><div class=\"elementor-element elementor-element-etdduny elementor-widget elementor-widget-text-editor\" data-id=\"etdduny\" data-element_type=\"widget\" data-widget_type=\"text-editor.default\">\n\t\t\t\t<div class=\"elementor-widget-container\">\n\t\t\t\t\t\t\t\t<div class=\"elementor-text-editor elementor-clearfix\">\n\t\t\t\t<h5>\u00a0<\/h5><h2 style=\"text-align: center;\">\u00a0Les vins s\u00e9lectionn\u00e9s par Jean Baronnat<\/h2>\t\t\t\t\t<\/div>\n\t\t\t\t\t\t<\/div>\n\t\t\t\t<\/div>\n\t\t\t\t\t\t<\/div>\n\t\t\t\t\t<\/div>\n\t\t<\/div>\n\t\t\t\t\t\t\t\t<\/div>\n\t\t\t\t\t<\/div>\n\t\t<\/section>\n\t\t\t\t<section class=\"elementor-section elementor-top-section elementor-element elementor-element-g628sem elementor-section-boxed elementor-section-height-default elementor-section-height-default\" data-id=\"g628sem\" data-element_type=\"section\">\n\t\t\t\t\t\t<div class=\"elementor-container elementor-column-gap-default\">\n\t\t\t\t\t\t\t<div class=\"elementor-row\">\n\t\t\t\t\t<div class=\"elementor-column elementor-col-25 elementor-top-column elementor-element elementor-element-enlnyri\" data-id=\"enlnyri\" data-element_type=\"column\">\n\t\t\t<div class=\"elementor-column-wrap elementor-element-populated\">\n\t\t\t\t\t\t\t<div class=\"elementor-widget-wrap\">\n\t\t\t\t\t\t<div class=\"elementor-element elementor-element-rghqmsp elementor-widget elementor-widget-text-editor\" data-id=\"rghqmsp\" data-element_type=\"widget\" data-widget_type=\"text-editor.default\">\n\t\t\t\t<div class=\"elementor-widget-container\">\n\t\t\t\t\t\t\t\t<div class=\"elementor-text-editor elementor-clearfix\">\n\t\t\t\t<h3><span style=\"color: #ffffff;\"><strong>Les vins du littoral m\u00e9diterrann\u00e9en\u00a0<\/strong><\/span><\/h3><h5><a href=\"http:\/\/nouveau.baronnat.fr\/?page_id=329&amp;lang=fr\" target=\"_blank\" rel=\"noopener\">Les Or\u00e9ades<\/a>\u00a0<a href=\"http:\/\/nouveau.baronnat.fr\/?page_id=329&amp;lang=fr\" target=\"_blank\" rel=\"noopener\">rouge<\/a><br \/><a href=\"http:\/\/nouveau.baronnat.fr\/?page_id=335&amp;lang=fr\" target=\"_blank\" rel=\"noopener\">Les Or\u00e9ades <\/a><a href=\"http:\/\/nouveau.baronnat.fr\/?page_id=335&amp;lang=fr\" target=\"_blank\" rel=\"noopener\"> blanc<\/a><a href=\"http:\/\/nouveau.baronnat.fr\/?page_id=331&amp;lang=fr\" target=\"_blank\" rel=\"noopener\"><br \/>Les Or\u00e9ades ros\u00e9,<\/a><br \/><a href=\"http:\/\/nouveau.baronnat.fr\/?page_id=386&amp;lang=fr\" target=\"_blank\" rel=\"noopener\">Cabernet sauvignon \u2013 merlot,<br \/>Syrah,<br \/>chardonnay<\/a><br \/><a href=\"http:\/\/nouveau.baronnat.fr\/?page_id=392&amp;lang=fr\" target=\"_blank\" rel=\"noopener\">Sauvignon<\/a>,<br \/><a href=\"http:\/\/nouveau.baronnat.fr\/?page_id=1311&amp;lang=fr\">Viognier<\/a>.<\/h5>\t\t\t\t\t<\/div>\n\t\t\t\t\t\t<\/div>\n\t\t\t\t<\/div>\n\t\t\t\t\t\t<\/div>\n\t\t\t\t\t<\/div>\n\t\t<\/div><div class=\"elementor-column elementor-col-25 elementor-top-column elementor-element elementor-element-1y8yhz9\" data-id=\"1y8yhz9\" data-element_type=\"column\">\n\t\t\t<div class=\"elementor-column-wrap elementor-element-populated\">\n\t\t\t\t\t\t\t<div class=\"elementor-widget-wrap\">\n\t\t\t\t\t\t<div class=\"elementor-element elementor-element-1dkf0u5 elementor-widget elementor-widget-text-editor\" data-id=\"1dkf0u5\" data-element_type=\"widget\" data-widget_type=\"text-editor.default\">\n\t\t\t\t<div class=\"elementor-widget-container\">\n\t\t\t\t\t\t\t\t<div class=\"elementor-text-editor elementor-clearfix\">\n\t\t\t\t<h3><strong>Du Sud de la Bourgogne<\/strong><\/h3><p>Bourgogne pinot noir<br \/> Bourgogne chardonnay<br \/> Bourgogne aligote,<br \/> Vire Clesse,<br \/> Saint veran,<br \/> Macon rouge<br \/> M\u00e2con Aze,<br \/> M\u00e2con-Villages.<\/p>\t\t\t\t\t<\/div>\n\t\t\t\t\t\t<\/div>\n\t\t\t\t<\/div>\n\t\t\t\t\t\t<\/div>\n\t\t\t\t\t<\/div>\n\t\t<\/div><div class=\"elementor-column elementor-col-25 elementor-top-column elementor-element elementor-element-heu086c\" data-id=\"heu086c\" data-element_type=\"column\">\n\t\t\t<div class=\"elementor-column-wrap elementor-element-populated\">\n\t\t\t\t\t\t\t<div class=\"elementor-widget-wrap\">\n\t\t\t\t\t\t<div class=\"elementor-element elementor-element-secmi7x elementor-widget elementor-widget-text-editor\" data-id=\"secmi7x\" data-element_type=\"widget\" data-widget_type=\"text-editor.default\">\n\t\t\t\t<div class=\"elementor-widget-container\">\n\t\t\t\t\t\t\t\t<div class=\"elementor-text-editor elementor-clearfix\">\n\t\t\t\t<h3><strong>Tous les vins du Beaujolais<\/strong><\/h3><h5><a href=\"http:\/\/nouveau.baronnat.fr\/?page_id=432&amp;lang=fr\" target=\"_blank\">Beaujolais rouge,<\/a><br \/> <a href=\"http:\/\/nouveau.baronnat.fr\/?page_id=427&amp;lang=fr\" target=\"_blank\">Beaujolais blanc,<\/a><br \/> <a href=\"http:\/\/nouveau.baronnat.fr\/?page_id=436&amp;lang=fr\" target=\"_blank\">Beaujolais ros\u00e9,<\/a><br \/> <a href=\"http:\/\/nouveau.baronnat.fr\/?page_id=360&amp;lang=fr\" target=\"_blank\">Beaujolais-Villages \u201d Le bois de la fee \u201c<\/a><br \/> <a href=\"http:\/\/nouveau.baronnat.fr\/?page_id=358&amp;lang=fr\" target=\"_blank\">Brouilly<\/a><br \/> <a href=\"http:\/\/nouveau.baronnat.fr\/?page_id=356&amp;lang=fr\" target=\"_blank\">C\u00f4te de Brouilly<\/a><br \/> <a href=\"http:\/\/nouveau.baronnat.fr\/?page_id=354&amp;lang=fr\" target=\"_blank\">Regnie,<\/a><br \/> <a href=\"http:\/\/nouveau.baronnat.fr\/?page_id=337&amp;lang=fr\" target=\"_blank\">Chiroubles<\/a><br \/> <a href=\"http:\/\/nouveau.baronnat.fr\/?page_id=352&amp;lang=fr\" target=\"_blank\">Morgon<\/a><br \/> <a href=\"http:\/\/nouveau.baronnat.fr\/?page_id=342&amp;lang=fr\">Fleurie<\/a><br \/> <a href=\"http:\/\/nouveau.baronnat.fr\/?page_id=347&amp;lang=fr\" target=\"_blank\">Julienas<\/a><br \/> <a href=\"http:\/\/nouveau.baronnat.fr\/?page_id=344&amp;lang=fr\">Chenas<\/a><br \/> <a href=\"http:\/\/nouveau.baronnat.fr\/?page_id=350&amp;lang=fr\">Moulin a Vent<\/a><br \/> <a href=\"http:\/\/nouveau.baronnat.fr\/?page_id=339&amp;lang=fr\">Saint Amour.<\/a><\/h5>\t\t\t\t\t<\/div>\n\t\t\t\t\t\t<\/div>\n\t\t\t\t<\/div>\n\t\t\t\t\t\t<\/div>\n\t\t\t\t\t<\/div>\n\t\t<\/div><div class=\"elementor-column elementor-col-25 elementor-top-column elementor-element elementor-element-b37b5ah\" data-id=\"b37b5ah\" data-element_type=\"column\">\n\t\t\t<div class=\"elementor-column-wrap elementor-element-populated\">\n\t\t\t\t\t\t\t<div class=\"elementor-widget-wrap\">\n\t\t\t\t\t\t<div class=\"elementor-element elementor-element-7bmva6l elementor-widget elementor-widget-text-editor\" data-id=\"7bmva6l\" data-element_type=\"widget\" data-widget_type=\"text-editor.default\">\n\t\t\t\t<div class=\"elementor-widget-container\">\n\t\t\t\t\t\t\t\t<div class=\"elementor-text-editor elementor-clearfix\">\n\t\t\t\t<h2>\u00a0Plus au sud&#8230;<\/h2><h5><a href=\"http:\/\/nouveau.baronnat.fr\/?page_id=439&amp;lang=fr\" target=\"_blank\">Cotes de Provence \u201d Terre d\u2019Anais \u201c<\/a><br \/> <a href=\"http:\/\/nouveau.baronnat.fr\/?page_id=382&amp;lang=fr\" target=\"_blank\">Coteaux d\u2019Aix en Provence \u201d Terre d\u2019Anais \u201c<\/a><\/h5><h2>Notre m\u00e9thode traditionnelle\u00a0<a href=\"http:\/\/nouveau.baronnat.fr\/?page_id=423&amp;lang=fr\" target=\"_blank\"> Baron de Baronnat<\/a><\/h2>\t\t\t\t\t<\/div>\n\t\t\t\t\t\t<\/div>\n\t\t\t\t<\/div>\n\t\t\t\t\t\t<\/div>\n\t\t\t\t\t<\/div>\n\t\t<\/div>\n\t\t\t\t\t\t\t\t<\/div>\n\t\t\t\t\t<\/div>\n\t\t<\/section>\n\t\t\t\t<section class=\"elementor-section elementor-top-section elementor-element elementor-element-hum122b elementor-section-boxed elementor-section-height-default elementor-section-height-default\" data-id=\"hum122b\" data-element_type=\"section\">\n\t\t\t\t\t\t<div class=\"elementor-container elementor-column-gap-default\">\n\t\t\t\t\t\t\t<div class=\"elementor-row\">\n\t\t\t\t\t<div class=\"elementor-column elementor-col-100 elementor-top-column elementor-element elementor-element-yfvmbzt\" data-id=\"yfvmbzt\" data-element_type=\"column\">\n\t\t\t<div class=\"elementor-column-wrap elementor-element-populated\">\n\t\t\t\t\t\t\t<div class=\"elementor-widget-wrap\">\n\t\t\t\t\t\t<div class=\"elementor-element elementor-element-1f5d5c9 elementor-widget elementor-widget-heading\" data-id=\"1f5d5c9\" data-element_type=\"widget\" data-widget_type=\"heading.default\">\n\t\t\t\t<div class=\"elementor-widget-container\">\n\t\t\t<h2 class=\"elementor-heading-title elementor-size-default\"><a href=\"http:\/\/baronnat.com\/default_zone\/fr\/html\/page-2390.html\">\u00e0 lire aussi : le beaujolais un vin d\u2019avenir ?<\/a><\/h2>\t\t<\/div>\n\t\t\t\t<\/div>\n\t\t\t\t\t\t<\/div>\n\t\t\t\t\t<\/div>\n\t\t<\/div>\n\t\t\t\t\t\t\t\t<\/div>\n\t\t\t\t\t<\/div>\n\t\t<\/section>\n\t\t\t\t\t\t<\/div>\n\t\t\t\t\t\t<\/div>\n\t\t\t\t\t<\/div>\n\t\t","protected":false},"excerpt":{"rendered":"<p>\u00a0la Vall\u00e9e du Rh\u00f4ne Coteaux du Lyonnais rougeCoteaux du Lyonnais blanc,Coteaux du Lyonnais ros\u00e9,Crozes-Hermitage \u201d Les engoulevents \u201c,Saint Joseph \u201d Les engoulevents \u201c,Cotes du Rhone,\u00a0Ventoux,Costi\u00e8res de Nimes. \u00a0 \u00a0Les vins s\u00e9lectionn\u00e9s par Jean Baronnat Les vins du littoral m\u00e9diterrann\u00e9en\u00a0 Les Or\u00e9ades\u00a0rougeLes Or\u00e9ades blancLes Or\u00e9ades ros\u00e9,Cabernet sauvignon \u2013 merlot,Syrah,chardonnaySauvignon,Viognier. Du Sud de la Bourgogne Bourgogne pinot&#8230; <\/p>\n<div class=\"read-more navbutton\"><a href=\"http:\/\/nouveau.baronnat.fr\/?page_id=1424\">Lire la suite<i class=\"fa fa-angle-double-right\"><\/i><\/a><\/div>\n","protected":false},"author":1,"featured_media":0,"parent":0,"menu_order":0,"comment_status":"closed","ping_status":"closed","template":"","meta":[],"_links":{"self":[{"href":"http:\/\/nouveau.baronnat.fr\/index.php?rest_route=\/wp\/v2\/pages\/1424"}],"collection":[{"href":"http:\/\/nouveau.baronnat.fr\/index.php?rest_route=\/wp\/v2\/pages"}],"about":[{"href":"http:\/\/nouveau.baronnat.fr\/index.php?rest_route=\/wp\/v2\/types\/page"}],"author":[{"embeddable":true,"href":"http:\/\/nouveau.baronnat.fr\/index.php?rest_route=\/wp\/v2\/users\/1"}],"replies":[{"embeddable":true,"href":"http:\/\/nouveau.baronnat.fr\/index.php?rest_route=%2Fwp%2Fv2%2Fcomments&post=1424"}],"version-history":[{"count":5,"href":"http:\/\/nouveau.baronnat.fr\/index.php?rest_route=\/wp\/v2\/pages\/1424\/revisions"}],"predecessor-version":[{"id":2152,"href":"http:\/\/nouveau.baronnat.fr\/index.php?rest_route=\/wp\/v2\/pages\/1424\/revisions\/2152"}],"wp:attachment":[{"href":"http:\/\/nouveau.baronnat.fr\/index.php?rest_route=%2Fwp%2Fv2%2Fmedia&parent=1424"}],"curies":[{"name":"wp","href":"https:\/\/api.w.org\/{rel}","templated":true}]}}