{"id":1438,"date":"2017-01-08T18:53:48","date_gmt":"2017-01-08T16:53:48","guid":{"rendered":"http:\/\/127.0.0.1:4001\/wordpress\/cepages-cabernet-sauvignon-merlot-vin-de-pays-doc-copy-2\/"},"modified":"2017-03-15T11:48:05","modified_gmt":"2017-03-15T09:48:05","slug":"syrah-igp-oc-rouge","status":"publish","type":"page","link":"http:\/\/nouveau.baronnat.fr\/?page_id=1438","title":{"rendered":"Syrah &#8211; IGP Oc rouge &#8211;"},"content":{"rendered":"\t\t<div data-elementor-type=\"wp-page\" data-elementor-id=\"1438\" class=\"elementor elementor-1438 elementor-bc-flex-widget\" data-elementor-settings=\"[]\">\n\t\t\t\t\t\t<div class=\"elementor-inner\">\n\t\t\t\t\t\t\t<div class=\"elementor-section-wrap\">\n\t\t\t\t\t\t\t<section class=\"elementor-section elementor-top-section elementor-element elementor-element-anlcxqr elementor-section-boxed elementor-section-height-default elementor-section-height-default\" data-id=\"anlcxqr\" data-element_type=\"section\">\n\t\t\t\t\t\t<div class=\"elementor-container elementor-column-gap-default\">\n\t\t\t\t\t\t\t<div class=\"elementor-row\">\n\t\t\t\t\t<div class=\"elementor-column elementor-col-50 elementor-top-column elementor-element elementor-element-jqzquvs\" data-id=\"jqzquvs\" data-element_type=\"column\">\n\t\t\t<div class=\"elementor-column-wrap elementor-element-populated\">\n\t\t\t\t\t\t\t<div class=\"elementor-widget-wrap\">\n\t\t\t\t\t\t<div class=\"elementor-element elementor-element-uihhtbm elementor-widget elementor-widget-text-editor\" data-id=\"uihhtbm\" data-element_type=\"widget\" data-widget_type=\"text-editor.default\">\n\t\t\t\t<div class=\"elementor-widget-container\">\n\t\t\t\t\t\t\t\t<div class=\"elementor-text-editor elementor-clearfix\">\n\t\t\t\t<div id=\"attachment_1442\" style=\"width: 121px\" class=\"wp-caption aligncenter\"><img loading=\"lazy\" aria-describedby=\"caption-attachment-1442\" class=\"wp-image-1442 size-medium\" src=\"http:\/\/nouveau.baronnat.fr\/wp-content\/uploads\/2017\/01\/photo-blle-syrah-111x300.jpg\" alt=\"photo bouteille syrah\" width=\"111\" height=\"300\" srcset=\"http:\/\/nouveau.baronnat.fr\/wp-content\/uploads\/2017\/01\/photo-blle-syrah-111x300.jpg 111w, http:\/\/nouveau.baronnat.fr\/wp-content\/uploads\/2017\/01\/photo-blle-syrah.jpg 241w\" sizes=\"(max-width: 111px) 100vw, 111px\" \/><p id=\"caption-attachment-1442\" class=\"wp-caption-text\">photo bouteille syrah<\/p><\/div><p>DEGUSTATION<\/p><p>Une robe rouge vif avec des reflets violac\u00e9s,<br \/> Un nez puissant, intense ar\u00f4mes de fruits rouges\u00a0aux senteurs de violette.<br \/> En bouche une attaque franche et\u00a0vive avec des\u00a0tanins fondus\u00a0et gourmands suivis d&rsquo;une bonne longueur.<\/p>\t\t\t\t\t<\/div>\n\t\t\t\t\t\t<\/div>\n\t\t\t\t<\/div>\n\t\t\t\t\t\t<\/div>\n\t\t\t\t\t<\/div>\n\t\t<\/div><div class=\"elementor-column elementor-col-50 elementor-top-column elementor-element elementor-element-rbwkmga\" data-id=\"rbwkmga\" data-element_type=\"column\">\n\t\t\t<div class=\"elementor-column-wrap elementor-element-populated\">\n\t\t\t\t\t\t\t<div class=\"elementor-widget-wrap\">\n\t\t\t\t\t\t<div class=\"elementor-element elementor-element-lxehoet elementor-widget elementor-widget-text-editor\" data-id=\"lxehoet\" data-element_type=\"widget\" data-widget_type=\"text-editor.default\">\n\t\t\t\t<div class=\"elementor-widget-container\">\n\t\t\t\t\t\t\t\t<div class=\"elementor-text-editor elementor-clearfix\">\n\t\t\t\t<p>\u00a0<\/p><p>\u00a0<\/p><p>\u00a0<\/p><div id=\"attachment_1441\" style=\"width: 160px\" class=\"wp-caption aligncenter\"><img loading=\"lazy\" aria-describedby=\"caption-attachment-1441\" class=\"wp-image-1441 size-thumbnail\" src=\"http:\/\/nouveau.baronnat.fr\/wp-content\/uploads\/2017\/01\/etiq-syrah-150x150.jpg\" alt=\"etiquette c\u00e9page syrah\" width=\"150\" height=\"150\" \/><p id=\"caption-attachment-1441\" class=\"wp-caption-text\">etiquette c\u00e9page syrah<\/p><\/div><p>TECHNIQUE<\/p><p>Situation : dans le d\u00e9partement de l&rsquo;H\u00e9rault, le vignoble est situ\u00e9 dans l&rsquo;arri\u00e8re pays de Montpellier.<br \/> Terroir : la vigne est cultiv\u00e9e sur des coteaux\u00a0argilo-calcaire.<br \/> C\u00e9page : syrah noir,<br \/> Vinification : vinification traditionnelle en mac\u00e9ration pr\u00e9-fermentaire avec ma\u00eetrise des temp\u00e9ratures.<br \/> Elevage : en cuve puis en bouteilles.<\/p>\t\t\t\t\t<\/div>\n\t\t\t\t\t\t<\/div>\n\t\t\t\t<\/div>\n\t\t\t\t\t\t<\/div>\n\t\t\t\t\t<\/div>\n\t\t<\/div>\n\t\t\t\t\t\t\t\t<\/div>\n\t\t\t\t\t<\/div>\n\t\t<\/section>\n\t\t\t\t<section class=\"elementor-section elementor-top-section elementor-element elementor-element-gyhrvnh elementor-section-boxed elementor-section-height-default elementor-section-height-default\" data-id=\"gyhrvnh\" data-element_type=\"section\">\n\t\t\t\t\t\t<div class=\"elementor-container elementor-column-gap-default\">\n\t\t\t\t\t\t\t<div class=\"elementor-row\">\n\t\t\t\t\t<div class=\"elementor-column elementor-col-100 elementor-top-column elementor-element elementor-element-gxdgwql\" data-id=\"gxdgwql\" data-element_type=\"column\">\n\t\t\t<div class=\"elementor-column-wrap elementor-element-populated\">\n\t\t\t\t\t\t\t<div class=\"elementor-widget-wrap\">\n\t\t\t\t\t\t<div class=\"elementor-element elementor-element-oifnjtb elementor-widget elementor-widget-text-editor\" data-id=\"oifnjtb\" data-element_type=\"widget\" data-widget_type=\"text-editor.default\">\n\t\t\t\t<div class=\"elementor-widget-container\">\n\t\t\t\t\t\t\t\t<div class=\"elementor-text-editor elementor-clearfix\">\n\t\t\t\t<p style=\"text-align: center;\">SERVICE :\u00a0Temp\u00e9rature de service aux environs de 14\u00b0C. \u00a0Id\u00e9al sur les viandes rouges et les fromages.<\/p>\t\t\t\t\t<\/div>\n\t\t\t\t\t\t<\/div>\n\t\t\t\t<\/div>\n\t\t\t\t\t\t<\/div>\n\t\t\t\t\t<\/div>\n\t\t<\/div>\n\t\t\t\t\t\t\t\t<\/div>\n\t\t\t\t\t<\/div>\n\t\t<\/section>\n\t\t\t\t\t\t<\/div>\n\t\t\t\t\t\t<\/div>\n\t\t\t\t\t<\/div>\n\t\t","protected":false},"excerpt":{"rendered":"<p>DEGUSTATION Une robe rouge vif avec des reflets violac\u00e9s, Un nez puissant, intense ar\u00f4mes de fruits rouges\u00a0aux senteurs de violette. En bouche une attaque franche et\u00a0vive avec des\u00a0tanins fondus\u00a0et gourmands suivis d&rsquo;une bonne longueur. \u00a0 \u00a0 \u00a0 TECHNIQUE Situation : dans le d\u00e9partement de l&rsquo;H\u00e9rault, le vignoble est situ\u00e9 dans l&rsquo;arri\u00e8re pays de Montpellier. Terroir&#8230; <\/p>\n<div class=\"read-more navbutton\"><a href=\"http:\/\/nouveau.baronnat.fr\/?page_id=1438\">Lire la suite<i class=\"fa fa-angle-double-right\"><\/i><\/a><\/div>\n","protected":false},"author":1,"featured_media":0,"parent":0,"menu_order":0,"comment_status":"closed","ping_status":"closed","template":"","meta":[],"_links":{"self":[{"href":"http:\/\/nouveau.baronnat.fr\/index.php?rest_route=\/wp\/v2\/pages\/1438"}],"collection":[{"href":"http:\/\/nouveau.baronnat.fr\/index.php?rest_route=\/wp\/v2\/pages"}],"about":[{"href":"http:\/\/nouveau.baronnat.fr\/index.php?rest_route=\/wp\/v2\/types\/page"}],"author":[{"embeddable":true,"href":"http:\/\/nouveau.baronnat.fr\/index.php?rest_route=\/wp\/v2\/users\/1"}],"replies":[{"embeddable":true,"href":"http:\/\/nouveau.baronnat.fr\/index.php?rest_route=%2Fwp%2Fv2%2Fcomments&post=1438"}],"version-history":[{"count":0,"href":"http:\/\/nouveau.baronnat.fr\/index.php?rest_route=\/wp\/v2\/pages\/1438\/revisions"}],"wp:attachment":[{"href":"http:\/\/nouveau.baronnat.fr\/index.php?rest_route=%2Fwp%2Fv2%2Fmedia&parent=1438"}],"curies":[{"name":"wp","href":"https:\/\/api.w.org\/{rel}","templated":true}]}}