{"id":1839,"date":"2017-09-25T17:54:04","date_gmt":"2017-09-25T15:54:04","guid":{"rendered":"http:\/\/nouveau.baronnat.fr\/les-oreades-vin-de-pays-doc-rose-copy\/"},"modified":"2017-09-30T17:03:05","modified_gmt":"2017-09-30T15:03:05","slug":"cinsault-vin-de-pays-doc-rose-copy","status":"publish","type":"page","link":"http:\/\/nouveau.baronnat.fr\/?page_id=1839","title":{"rendered":"c\u00e9page cinsault  &#8211; IGP Oc ros\u00e9 &#8211;"},"content":{"rendered":"\t\t<div data-elementor-type=\"wp-page\" data-elementor-id=\"1839\" class=\"elementor elementor-1839 elementor-bc-flex-widget\" data-elementor-settings=\"[]\">\n\t\t\t\t\t\t<div class=\"elementor-inner\">\n\t\t\t\t\t\t\t<div class=\"elementor-section-wrap\">\n\t\t\t\t\t\t\t<section class=\"elementor-section elementor-top-section elementor-element elementor-element-bdwxzjx elementor-section-boxed elementor-section-height-default elementor-section-height-default\" data-id=\"bdwxzjx\" data-element_type=\"section\">\n\t\t\t\t\t\t<div class=\"elementor-container elementor-column-gap-default\">\n\t\t\t\t\t\t\t<div class=\"elementor-row\">\n\t\t\t\t\t<div class=\"elementor-column elementor-col-50 elementor-top-column elementor-element elementor-element-wbbatvb\" data-id=\"wbbatvb\" data-element_type=\"column\">\n\t\t\t<div class=\"elementor-column-wrap elementor-element-populated\">\n\t\t\t\t\t\t\t<div class=\"elementor-widget-wrap\">\n\t\t\t\t\t\t<div class=\"elementor-element elementor-element-owvpwns elementor-widget elementor-widget-text-editor\" data-id=\"owvpwns\" data-element_type=\"widget\" data-widget_type=\"text-editor.default\">\n\t\t\t\t<div class=\"elementor-widget-container\">\n\t\t\t\t\t\t\t\t<div class=\"elementor-text-editor elementor-clearfix\">\n\t\t\t\t<p><img loading=\"lazy\" class=\"wp-image-1860 size-medium aligncenter\" src=\"http:\/\/nouveau.baronnat.fr\/wp-content\/uploads\/2017\/09\/blle-cinsault1-83x300.jpg\" alt=\"\" width=\"83\" height=\"300\" srcset=\"http:\/\/nouveau.baronnat.fr\/wp-content\/uploads\/2017\/09\/blle-cinsault1-83x300.jpg 83w, http:\/\/nouveau.baronnat.fr\/wp-content\/uploads\/2017\/09\/blle-cinsault1.jpg 200w\" sizes=\"(max-width: 83px) 100vw, 83px\" \/><\/p><p style=\"text-align: center;\">DEGUSTATION<\/p><p>Robe rose p\u00e2le aux l\u00e9gers reflets saumon\u00e9s.<\/p><p>Nez aux ar\u00f4mes intenses de fleurs et de fruits.<\/p><p>Gras, long et fruit\u00e9 en bouche.<br \/> Pas d&rsquo;agressivit\u00e9 en bouche.<\/p><p>\u00a0<\/p>\t\t\t\t\t<\/div>\n\t\t\t\t\t\t<\/div>\n\t\t\t\t<\/div>\n\t\t\t\t\t\t<\/div>\n\t\t\t\t\t<\/div>\n\t\t<\/div><div class=\"elementor-column elementor-col-50 elementor-top-column elementor-element elementor-element-xavagzq\" data-id=\"xavagzq\" data-element_type=\"column\">\n\t\t\t<div class=\"elementor-column-wrap elementor-element-populated\">\n\t\t\t\t\t\t\t<div class=\"elementor-widget-wrap\">\n\t\t\t\t\t\t<div class=\"elementor-element elementor-element-jlptybf elementor-widget elementor-widget-text-editor\" data-id=\"jlptybf\" data-element_type=\"widget\" data-widget_type=\"text-editor.default\">\n\t\t\t\t<div class=\"elementor-widget-container\">\n\t\t\t\t\t\t\t\t<div class=\"elementor-text-editor elementor-clearfix\">\n\t\t\t\t<p><img loading=\"lazy\" class=\"aligncenter wp-image-1845 size-medium\" src=\"http:\/\/nouveau.baronnat.fr\/wp-content\/uploads\/2017\/09\/cinsault-292x300.jpg\" alt=\"\" width=\"292\" height=\"300\" srcset=\"http:\/\/nouveau.baronnat.fr\/wp-content\/uploads\/2017\/09\/cinsault-292x300.jpg 292w, http:\/\/nouveau.baronnat.fr\/wp-content\/uploads\/2017\/09\/cinsault.jpg 300w\" sizes=\"(max-width: 292px) 100vw, 292px\" \/><\/p><p>\u00a0<\/p><p><strong>TECHNIQUE <\/strong><\/p><p><strong>Situation<\/strong> : de la vall\u00e9e du Rh\u00f4ne aux contreforts des pyr\u00e9n\u00e9es, le vignoble se situe tel un amphith\u00e9atre orient\u00e9 vers la m\u00e9diterran\u00e9e.<\/p><p><strong> Terroir<\/strong> : la vigne est cultiv\u00e9e sur des sols argilo-calcaires.<\/p><p><strong>C\u00e9page<\/strong>\u00a0: 100% cinsault.<\/p><p><strong>Vinification<\/strong> : par saign\u00e9e avec contr\u00f4le des temp\u00e9ratures.<\/p><p><strong> Elevage<\/strong> : en cuve puis en bouteilles.<\/p>\t\t\t\t\t<\/div>\n\t\t\t\t\t\t<\/div>\n\t\t\t\t<\/div>\n\t\t\t\t\t\t<\/div>\n\t\t\t\t\t<\/div>\n\t\t<\/div>\n\t\t\t\t\t\t\t\t<\/div>\n\t\t\t\t\t<\/div>\n\t\t<\/section>\n\t\t\t\t<section class=\"elementor-section elementor-top-section elementor-element elementor-element-vwmlrro elementor-section-boxed elementor-section-height-default elementor-section-height-default\" data-id=\"vwmlrro\" data-element_type=\"section\">\n\t\t\t\t\t\t<div class=\"elementor-container elementor-column-gap-default\">\n\t\t\t\t\t\t\t<div class=\"elementor-row\">\n\t\t\t\t\t<div class=\"elementor-column elementor-col-100 elementor-top-column elementor-element elementor-element-vzxholq\" data-id=\"vzxholq\" data-element_type=\"column\">\n\t\t\t<div class=\"elementor-column-wrap elementor-element-populated\">\n\t\t\t\t\t\t\t<div class=\"elementor-widget-wrap\">\n\t\t\t\t\t\t<div class=\"elementor-element elementor-element-nsnubtg elementor-widget elementor-widget-text-editor\" data-id=\"nsnubtg\" data-element_type=\"widget\" data-widget_type=\"text-editor.default\">\n\t\t\t\t<div class=\"elementor-widget-container\">\n\t\t\t\t\t\t\t\t<div class=\"elementor-text-editor elementor-clearfix\">\n\t\t\t\t<p style=\"text-align: center;\">SERVICE<br \/>Temp\u00e9rature de service aux environs de 8\u00b0C.<br \/>Id\u00e9al sur les entr\u00e9es et grillades.<\/p>\t\t\t\t\t<\/div>\n\t\t\t\t\t\t<\/div>\n\t\t\t\t<\/div>\n\t\t\t\t\t\t<\/div>\n\t\t\t\t\t<\/div>\n\t\t<\/div>\n\t\t\t\t\t\t\t\t<\/div>\n\t\t\t\t\t<\/div>\n\t\t<\/section>\n\t\t\t\t\t\t<\/div>\n\t\t\t\t\t\t<\/div>\n\t\t\t\t\t<\/div>\n\t\t","protected":false},"excerpt":{"rendered":"<p>DEGUSTATION Robe rose p\u00e2le aux l\u00e9gers reflets saumon\u00e9s. Nez aux ar\u00f4mes intenses de fleurs et de fruits. Gras, long et fruit\u00e9 en bouche. Pas d&rsquo;agressivit\u00e9 en bouche. \u00a0 \u00a0 TECHNIQUE Situation : de la vall\u00e9e du Rh\u00f4ne aux contreforts des pyr\u00e9n\u00e9es, le vignoble se situe tel un amphith\u00e9atre orient\u00e9 vers la m\u00e9diterran\u00e9e. Terroir : la&#8230; <\/p>\n<div class=\"read-more navbutton\"><a href=\"http:\/\/nouveau.baronnat.fr\/?page_id=1839\">Lire la suite<i class=\"fa fa-angle-double-right\"><\/i><\/a><\/div>\n","protected":false},"author":1,"featured_media":0,"parent":0,"menu_order":0,"comment_status":"closed","ping_status":"closed","template":"","meta":[],"_links":{"self":[{"href":"http:\/\/nouveau.baronnat.fr\/index.php?rest_route=\/wp\/v2\/pages\/1839"}],"collection":[{"href":"http:\/\/nouveau.baronnat.fr\/index.php?rest_route=\/wp\/v2\/pages"}],"about":[{"href":"http:\/\/nouveau.baronnat.fr\/index.php?rest_route=\/wp\/v2\/types\/page"}],"author":[{"embeddable":true,"href":"http:\/\/nouveau.baronnat.fr\/index.php?rest_route=\/wp\/v2\/users\/1"}],"replies":[{"embeddable":true,"href":"http:\/\/nouveau.baronnat.fr\/index.php?rest_route=%2Fwp%2Fv2%2Fcomments&post=1839"}],"version-history":[{"count":6,"href":"http:\/\/nouveau.baronnat.fr\/index.php?rest_route=\/wp\/v2\/pages\/1839\/revisions"}],"predecessor-version":[{"id":1861,"href":"http:\/\/nouveau.baronnat.fr\/index.php?rest_route=\/wp\/v2\/pages\/1839\/revisions\/1861"}],"wp:attachment":[{"href":"http:\/\/nouveau.baronnat.fr\/index.php?rest_route=%2Fwp%2Fv2%2Fmedia&parent=1839"}],"curies":[{"name":"wp","href":"https:\/\/api.w.org\/{rel}","templated":true}]}}