{"id":1849,"date":"2017-09-25T18:24:43","date_gmt":"2017-09-25T16:24:43","guid":{"rendered":"http:\/\/nouveau.baronnat.fr\/les-oreades-vin-de-pays-doc-rouge-copy\/"},"modified":"2017-09-30T16:23:30","modified_gmt":"2017-09-30T14:23:30","slug":"pinot_noir-2","status":"publish","type":"page","link":"http:\/\/nouveau.baronnat.fr\/?page_id=1849","title":{"rendered":"Pinot noir"},"content":{"rendered":"\t\t<div data-elementor-type=\"wp-page\" data-elementor-id=\"1849\" class=\"elementor elementor-1849 elementor-bc-flex-widget\" data-elementor-settings=\"[]\">\n\t\t\t\t\t\t<div class=\"elementor-inner\">\n\t\t\t\t\t\t\t<div class=\"elementor-section-wrap\">\n\t\t\t\t\t\t\t<section class=\"elementor-section elementor-top-section elementor-element elementor-element-eorqaiv elementor-section-boxed elementor-section-height-default elementor-section-height-default\" data-id=\"eorqaiv\" data-element_type=\"section\">\n\t\t\t\t\t\t<div class=\"elementor-container elementor-column-gap-default\">\n\t\t\t\t\t\t\t<div class=\"elementor-row\">\n\t\t\t\t\t<div class=\"elementor-column elementor-col-100 elementor-top-column elementor-element elementor-element-woolqiz\" data-id=\"woolqiz\" data-element_type=\"column\">\n\t\t\t<div class=\"elementor-column-wrap\">\n\t\t\t\t\t\t\t<div class=\"elementor-widget-wrap\">\n\t\t\t\t\t\t\t\t<\/div>\n\t\t\t\t\t<\/div>\n\t\t<\/div>\n\t\t\t\t\t\t\t\t<\/div>\n\t\t\t\t\t<\/div>\n\t\t<\/section>\n\t\t\t\t<section class=\"elementor-section elementor-top-section elementor-element elementor-element-pcodzps elementor-section-boxed elementor-section-height-default elementor-section-height-default\" data-id=\"pcodzps\" data-element_type=\"section\">\n\t\t\t\t\t\t<div class=\"elementor-container elementor-column-gap-default\">\n\t\t\t\t\t\t\t<div class=\"elementor-row\">\n\t\t\t\t\t<div class=\"elementor-column elementor-col-50 elementor-top-column elementor-element elementor-element-wgjwodz\" data-id=\"wgjwodz\" data-element_type=\"column\">\n\t\t\t<div class=\"elementor-column-wrap elementor-element-populated\">\n\t\t\t\t\t\t\t<div class=\"elementor-widget-wrap\">\n\t\t\t\t\t\t<div class=\"elementor-element elementor-element-ycfqcfj elementor-widget elementor-widget-text-editor\" data-id=\"ycfqcfj\" data-element_type=\"widget\" data-widget_type=\"text-editor.default\">\n\t\t\t\t<div class=\"elementor-widget-container\">\n\t\t\t\t\t\t\t\t<div class=\"elementor-text-editor elementor-clearfix\">\n\t\t\t\t<p><img loading=\"lazy\" class=\"wp-image-1858 size-medium aligncenter\" src=\"http:\/\/nouveau.baronnat.fr\/wp-content\/uploads\/2017\/09\/blle-pinot-noir1-93x300.jpg\" alt=\"\" width=\"93\" height=\"300\" srcset=\"http:\/\/nouveau.baronnat.fr\/wp-content\/uploads\/2017\/09\/blle-pinot-noir1-93x300.jpg 93w, http:\/\/nouveau.baronnat.fr\/wp-content\/uploads\/2017\/09\/blle-pinot-noir1.jpg 193w\" sizes=\"(max-width: 93px) 100vw, 93px\" \/><\/p><p><strong>DEGUSTATION<\/strong><\/p><p>Une robe rouge rubis assez soutenue.<br \/> Un nez aux ar\u00f4mes de fruits rouges m\u00eal\u00e9s \u00e0 des notes poivr\u00e9es.<br \/> En bouche, une attaque franche suivie d&rsquo;une finale \u00e9pic\u00e9e et d&rsquo;une bonne longueur.<\/p>\t\t\t\t\t<\/div>\n\t\t\t\t\t\t<\/div>\n\t\t\t\t<\/div>\n\t\t\t\t\t\t<\/div>\n\t\t\t\t\t<\/div>\n\t\t<\/div><div class=\"elementor-column elementor-col-50 elementor-top-column elementor-element elementor-element-qykgwei\" data-id=\"qykgwei\" data-element_type=\"column\">\n\t\t\t<div class=\"elementor-column-wrap elementor-element-populated\">\n\t\t\t\t\t\t\t<div class=\"elementor-widget-wrap\">\n\t\t\t\t\t\t<div class=\"elementor-element elementor-element-kpvrmex elementor-widget elementor-widget-text-editor\" data-id=\"kpvrmex\" data-element_type=\"widget\" data-widget_type=\"text-editor.default\">\n\t\t\t\t<div class=\"elementor-widget-container\">\n\t\t\t\t\t\t\t\t<div class=\"elementor-text-editor elementor-clearfix\">\n\t\t\t\t<p>\u00a0<\/p><p><img loading=\"lazy\" class=\"wp-image-1852 size-thumbnail aligncenter\" src=\"http:\/\/nouveau.baronnat.fr\/wp-content\/uploads\/2017\/09\/pinot_noir-150x150.jpg\" alt=\"\" width=\"150\" height=\"150\" srcset=\"http:\/\/nouveau.baronnat.fr\/wp-content\/uploads\/2017\/09\/pinot_noir-150x150.jpg 150w, http:\/\/nouveau.baronnat.fr\/wp-content\/uploads\/2017\/09\/pinot_noir-300x300.jpg 300w\" sizes=\"(max-width: 150px) 100vw, 150px\" \/><\/p><p><strong>TECHNIQUE<\/strong><\/p><p><strong>Situation<\/strong> : cette cuv\u00e9e provient du sud de la France.<\/p><p><strong>Terroir<\/strong> : la vigne est cultiv\u00e9e sur des sols argilo-calcaires.<\/p><p><strong>C\u00e9pages<\/strong> : 100% pinot noir.<\/p><p><strong>Vinification<\/strong> : vinification traditionnelle avec \u00e9raflage de la vendange.<\/p><p><strong>Elevage<\/strong> : vieillissement en cuve puis mise en bouteilles<\/p><p>\u00a0<\/p>\t\t\t\t\t<\/div>\n\t\t\t\t\t\t<\/div>\n\t\t\t\t<\/div>\n\t\t\t\t\t\t<\/div>\n\t\t\t\t\t<\/div>\n\t\t<\/div>\n\t\t\t\t\t\t\t\t<\/div>\n\t\t\t\t\t<\/div>\n\t\t<\/section>\n\t\t\t\t<section class=\"elementor-section elementor-top-section elementor-element elementor-element-zthmmxm elementor-section-boxed elementor-section-height-default elementor-section-height-default\" data-id=\"zthmmxm\" data-element_type=\"section\">\n\t\t\t\t\t\t<div class=\"elementor-container elementor-column-gap-default\">\n\t\t\t\t\t\t\t<div class=\"elementor-row\">\n\t\t\t\t\t<div class=\"elementor-column elementor-col-100 elementor-top-column elementor-element elementor-element-ijwngaw\" data-id=\"ijwngaw\" data-element_type=\"column\">\n\t\t\t<div class=\"elementor-column-wrap elementor-element-populated\">\n\t\t\t\t\t\t\t<div class=\"elementor-widget-wrap\">\n\t\t\t\t\t\t<div class=\"elementor-element elementor-element-rmcqtkm elementor-widget elementor-widget-text-editor\" data-id=\"rmcqtkm\" data-element_type=\"widget\" data-widget_type=\"text-editor.default\">\n\t\t\t\t<div class=\"elementor-widget-container\">\n\t\t\t\t\t\t\t\t<div class=\"elementor-text-editor elementor-clearfix\">\n\t\t\t\t<p style=\"text-align: center;\"><strong>SERVICE : <\/strong>Temp\u00e9rature de service aux environs de 15\/16\u00b0C.<br \/>Id\u00e9al sur les viandes grill\u00e9es et les fromages.<\/p>\t\t\t\t\t<\/div>\n\t\t\t\t\t\t<\/div>\n\t\t\t\t<\/div>\n\t\t\t\t\t\t<\/div>\n\t\t\t\t\t<\/div>\n\t\t<\/div>\n\t\t\t\t\t\t\t\t<\/div>\n\t\t\t\t\t<\/div>\n\t\t<\/section>\n\t\t\t\t\t\t<\/div>\n\t\t\t\t\t\t<\/div>\n\t\t\t\t\t<\/div>\n\t\t","protected":false},"excerpt":{"rendered":"<p>DEGUSTATION Une robe rouge rubis assez soutenue. Un nez aux ar\u00f4mes de fruits rouges m\u00eal\u00e9s \u00e0 des notes poivr\u00e9es. En bouche, une attaque franche suivie d&rsquo;une finale \u00e9pic\u00e9e et d&rsquo;une bonne longueur. \u00a0 TECHNIQUE Situation : cette cuv\u00e9e provient du sud de la France. Terroir : la vigne est cultiv\u00e9e sur des sols argilo-calcaires. C\u00e9pages&#8230; <\/p>\n<div class=\"read-more navbutton\"><a href=\"http:\/\/nouveau.baronnat.fr\/?page_id=1849\">Lire la suite<i class=\"fa fa-angle-double-right\"><\/i><\/a><\/div>\n","protected":false},"author":1,"featured_media":0,"parent":0,"menu_order":0,"comment_status":"closed","ping_status":"closed","template":"","meta":[],"_links":{"self":[{"href":"http:\/\/nouveau.baronnat.fr\/index.php?rest_route=\/wp\/v2\/pages\/1849"}],"collection":[{"href":"http:\/\/nouveau.baronnat.fr\/index.php?rest_route=\/wp\/v2\/pages"}],"about":[{"href":"http:\/\/nouveau.baronnat.fr\/index.php?rest_route=\/wp\/v2\/types\/page"}],"author":[{"embeddable":true,"href":"http:\/\/nouveau.baronnat.fr\/index.php?rest_route=\/wp\/v2\/users\/1"}],"replies":[{"embeddable":true,"href":"http:\/\/nouveau.baronnat.fr\/index.php?rest_route=%2Fwp%2Fv2%2Fcomments&post=1849"}],"version-history":[{"count":4,"href":"http:\/\/nouveau.baronnat.fr\/index.php?rest_route=\/wp\/v2\/pages\/1849\/revisions"}],"predecessor-version":[{"id":1859,"href":"http:\/\/nouveau.baronnat.fr\/index.php?rest_route=\/wp\/v2\/pages\/1849\/revisions\/1859"}],"wp:attachment":[{"href":"http:\/\/nouveau.baronnat.fr\/index.php?rest_route=%2Fwp%2Fv2%2Fmedia&parent=1849"}],"curies":[{"name":"wp","href":"https:\/\/api.w.org\/{rel}","templated":true}]}}