{"id":327,"date":"2015-02-27T10:22:07","date_gmt":"2015-02-27T09:22:07","guid":{"rendered":"http:\/\/127.0.0.1:4001\/wordpress\/?page_id=327"},"modified":"2017-03-12T20:55:11","modified_gmt":"2017-03-12T18:55:11","slug":"cotes-du-rhone-jean-baronnat","status":"publish","type":"page","link":"http:\/\/nouveau.baronnat.fr\/?page_id=327","title":{"rendered":"Cotes du Rh\u00f4ne"},"content":{"rendered":"\t\t<div data-elementor-type=\"wp-page\" data-elementor-id=\"327\" class=\"elementor elementor-327 elementor-bc-flex-widget\" data-elementor-settings=\"[]\">\n\t\t\t\t\t\t<div class=\"elementor-inner\">\n\t\t\t\t\t\t\t<div class=\"elementor-section-wrap\">\n\t\t\t\t\t\t\t<section class=\"elementor-section elementor-top-section elementor-element elementor-element-ajegkey elementor-section-boxed elementor-section-height-default elementor-section-height-default\" data-id=\"ajegkey\" data-element_type=\"section\">\n\t\t\t\t\t\t<div class=\"elementor-container elementor-column-gap-default\">\n\t\t\t\t\t\t\t<div class=\"elementor-row\">\n\t\t\t\t\t<div class=\"elementor-column elementor-col-50 elementor-top-column elementor-element elementor-element-lxvutrz\" data-id=\"lxvutrz\" data-element_type=\"column\">\n\t\t\t<div class=\"elementor-column-wrap elementor-element-populated\">\n\t\t\t\t\t\t\t<div class=\"elementor-widget-wrap\">\n\t\t\t\t\t\t<div class=\"elementor-element elementor-element-sdchihe elementor-widget elementor-widget-text-editor\" data-id=\"sdchihe\" data-element_type=\"widget\" data-widget_type=\"text-editor.default\">\n\t\t\t\t<div class=\"elementor-widget-container\">\n\t\t\t\t\t\t\t\t<div class=\"elementor-text-editor elementor-clearfix\">\n\t\t\t\t<p>\u00a0<\/p><p><a href=\"http:\/\/nouveau.baronnat.fr\/wp-content\/uploads\/2015\/02\/cotes-du-rhone1.jpg\"><img loading=\"lazy\" class=\"wp-image-315 size-medium aligncenter\" src=\"http:\/\/nouveau.baronnat.fr\/wp-content\/uploads\/2015\/02\/cotes-du-rhone1-91x300.jpg\" alt=\"cotes du rhone\" width=\"91\" height=\"300\" \/><\/a><\/p><p><strong>DEGUSTATION<\/strong><\/p><p>Robe d&rsquo;un rouge profond aux reflets grenats.<br \/> Nez fruit\u00e9, ar\u00f4mes de cerises, fraises et notes poivr\u00e9es.<br \/> En bouche les tanins sont encore pr\u00e9sents et les parfums offrent une bonne persistance. Vin \u00e9quilibr\u00e9 et harmonieux, caract\u00e9ristique de son appellation.<br \/> <strong> <a href=\"http:\/\/baronnat.com\/protected\/fr\/html\/page-1257.html\" target=\"\"><span style=\"color: #800080;\"><br \/> <\/span><\/a><\/strong><\/p>\t\t\t\t\t<\/div>\n\t\t\t\t\t\t<\/div>\n\t\t\t\t<\/div>\n\t\t\t\t\t\t<\/div>\n\t\t\t\t\t<\/div>\n\t\t<\/div><div class=\"elementor-column elementor-col-50 elementor-top-column elementor-element elementor-element-ieoabah\" data-id=\"ieoabah\" data-element_type=\"column\">\n\t\t\t<div class=\"elementor-column-wrap elementor-element-populated\">\n\t\t\t\t\t\t\t<div class=\"elementor-widget-wrap\">\n\t\t\t\t\t\t<div class=\"elementor-element elementor-element-duljwhs elementor-widget elementor-widget-text-editor\" data-id=\"duljwhs\" data-element_type=\"widget\" data-widget_type=\"text-editor.default\">\n\t\t\t\t<div class=\"elementor-widget-container\">\n\t\t\t\t\t\t\t\t<div class=\"elementor-text-editor elementor-clearfix\">\n\t\t\t\t<p>\u00a0<\/p><p>\u00a0<\/p><p style=\"text-align: center;\"><img loading=\"lazy\" class=\"wp-image-317 size-medium aligncenter\" src=\"http:\/\/nouveau.baronnat.fr\/wp-content\/uploads\/2015\/02\/cotes_rhone_vins_baronnat-300x211.jpg\" alt=\"cotes_rhone_vins_baronnat\" width=\"300\" height=\"211\" srcset=\"http:\/\/nouveau.baronnat.fr\/wp-content\/uploads\/2015\/02\/cotes_rhone_vins_baronnat-300x211.jpg 300w, http:\/\/nouveau.baronnat.fr\/wp-content\/uploads\/2015\/02\/cotes_rhone_vins_baronnat.jpg 927w\" sizes=\"(max-width: 300px) 100vw, 300px\" \/>l&rsquo;\u00e9tiquette Cotes du Rhone &#8211; Jean Baronnat<\/p><p style=\"text-align: left;\"><strong>TECHNIQUE<\/strong><\/p><p><strong>Situation<\/strong>: Le vignoble est situ\u00e9 sur la rive gauche du Rh\u00f4ne, dans le d\u00e9partement du Vaucluse, entre Mont\u00e9limar et Avignon.<strong>&#8211;<br \/> Terroir<\/strong>: La vigne est cultiv\u00e9e sur des sols d&rsquo;origine calcaire.<strong>&#8211; C\u00e9pages :<\/strong> Assemblage de <a href=\"http:\/\/baronnat.com\/default_zone\/fr\/html\/page-878.html\" target=\"\">Syrah. <\/a> <a href=\"http:\/\/baronnat.com\/default_zone\/fr\/html\/page-879.html\" target=\"\">grenache<\/a>, Carignan, <a href=\"http:\/\/baronnat.com\/default_zone\/fr\/html\/page-881.html\" target=\"\">Cinsault<\/a> et <a href=\"http:\/\/baronnat.com\/default_zone\/fr\/html\/page-887.html\" target=\"\">Mourv\u00e8dre<\/a>.- <strong><br \/> Vinification :<\/strong> Une semaine de mac\u00e9ration, ma\u00eetrise totale des temp\u00e9ratures.- <strong>Elevage <\/strong>: Elevage en cuve puis en bouteilles.<\/p>\t\t\t\t\t<\/div>\n\t\t\t\t\t\t<\/div>\n\t\t\t\t<\/div>\n\t\t\t\t\t\t<\/div>\n\t\t\t\t\t<\/div>\n\t\t<\/div>\n\t\t\t\t\t\t\t\t<\/div>\n\t\t\t\t\t<\/div>\n\t\t<\/section>\n\t\t\t\t<section class=\"elementor-section elementor-top-section elementor-element elementor-element-cvlrpld elementor-section-boxed elementor-section-height-default elementor-section-height-default\" data-id=\"cvlrpld\" data-element_type=\"section\">\n\t\t\t\t\t\t<div class=\"elementor-container elementor-column-gap-default\">\n\t\t\t\t\t\t\t<div class=\"elementor-row\">\n\t\t\t\t\t<div class=\"elementor-column elementor-col-100 elementor-top-column elementor-element elementor-element-uhbvfwj\" data-id=\"uhbvfwj\" data-element_type=\"column\">\n\t\t\t<div class=\"elementor-column-wrap elementor-element-populated\">\n\t\t\t\t\t\t\t<div class=\"elementor-widget-wrap\">\n\t\t\t\t\t\t<div class=\"elementor-element elementor-element-vdjgrbl elementor-widget elementor-widget-text-editor\" data-id=\"vdjgrbl\" data-element_type=\"widget\" data-widget_type=\"text-editor.default\">\n\t\t\t\t<div class=\"elementor-widget-container\">\n\t\t\t\t\t\t\t\t<div class=\"elementor-text-editor elementor-clearfix\">\n\t\t\t\t<p style=\"text-align: center;\">SERVICE : Temp\u00e9rature de service aux environs de 14\u00b0C. Id\u00e9al sur les charcuteries et fromages.<\/p>\t\t\t\t\t<\/div>\n\t\t\t\t\t\t<\/div>\n\t\t\t\t<\/div>\n\t\t\t\t\t\t<\/div>\n\t\t\t\t\t<\/div>\n\t\t<\/div>\n\t\t\t\t\t\t\t\t<\/div>\n\t\t\t\t\t<\/div>\n\t\t<\/section>\n\t\t\t\t\t\t<\/div>\n\t\t\t\t\t\t<\/div>\n\t\t\t\t\t<\/div>\n\t\t","protected":false},"excerpt":{"rendered":"<p>\u00a0 DEGUSTATION Robe d&rsquo;un rouge profond aux reflets grenats. Nez fruit\u00e9, ar\u00f4mes de cerises, fraises et notes poivr\u00e9es. En bouche les tanins sont encore pr\u00e9sents et les parfums offrent une bonne persistance. Vin \u00e9quilibr\u00e9 et harmonieux, caract\u00e9ristique de son appellation. \u00a0 \u00a0 l&rsquo;\u00e9tiquette Cotes du Rhone &#8211; Jean Baronnat TECHNIQUE Situation: Le vignoble est situ\u00e9&#8230; <\/p>\n<div class=\"read-more navbutton\"><a href=\"http:\/\/nouveau.baronnat.fr\/?page_id=327\">Lire la suite<i class=\"fa fa-angle-double-right\"><\/i><\/a><\/div>\n","protected":false},"author":1,"featured_media":0,"parent":0,"menu_order":0,"comment_status":"closed","ping_status":"open","template":"","meta":[],"_links":{"self":[{"href":"http:\/\/nouveau.baronnat.fr\/index.php?rest_route=\/wp\/v2\/pages\/327"}],"collection":[{"href":"http:\/\/nouveau.baronnat.fr\/index.php?rest_route=\/wp\/v2\/pages"}],"about":[{"href":"http:\/\/nouveau.baronnat.fr\/index.php?rest_route=\/wp\/v2\/types\/page"}],"author":[{"embeddable":true,"href":"http:\/\/nouveau.baronnat.fr\/index.php?rest_route=\/wp\/v2\/users\/1"}],"replies":[{"embeddable":true,"href":"http:\/\/nouveau.baronnat.fr\/index.php?rest_route=%2Fwp%2Fv2%2Fcomments&post=327"}],"version-history":[{"count":0,"href":"http:\/\/nouveau.baronnat.fr\/index.php?rest_route=\/wp\/v2\/pages\/327\/revisions"}],"wp:attachment":[{"href":"http:\/\/nouveau.baronnat.fr\/index.php?rest_route=%2Fwp%2Fv2%2Fmedia&parent=327"}],"curies":[{"name":"wp","href":"https:\/\/api.w.org\/{rel}","templated":true}]}}