{"id":329,"date":"2015-02-27T10:24:59","date_gmt":"2015-02-27T08:24:59","guid":{"rendered":"http:\/\/127.0.0.1:4001\/wordpress\/?page_id=329"},"modified":"2017-03-15T20:28:28","modified_gmt":"2017-03-15T18:28:28","slug":"les-oreades-vin-de-pays-doc-rouge","status":"publish","type":"page","link":"http:\/\/nouveau.baronnat.fr\/?page_id=329","title":{"rendered":"Les Or\u00e9ades  &#8211; IGP Oc rouge &#8211;"},"content":{"rendered":"\t\t<div data-elementor-type=\"wp-page\" data-elementor-id=\"329\" class=\"elementor elementor-329 elementor-bc-flex-widget\" data-elementor-settings=\"[]\">\n\t\t\t\t\t\t<div class=\"elementor-inner\">\n\t\t\t\t\t\t\t<div class=\"elementor-section-wrap\">\n\t\t\t\t\t\t\t<section class=\"elementor-section elementor-top-section elementor-element elementor-element-eorqaiv elementor-section-boxed elementor-section-height-default elementor-section-height-default\" data-id=\"eorqaiv\" data-element_type=\"section\">\n\t\t\t\t\t\t<div class=\"elementor-container elementor-column-gap-default\">\n\t\t\t\t\t\t\t<div class=\"elementor-row\">\n\t\t\t\t\t<div class=\"elementor-column elementor-col-100 elementor-top-column elementor-element elementor-element-woolqiz\" data-id=\"woolqiz\" data-element_type=\"column\">\n\t\t\t<div class=\"elementor-column-wrap\">\n\t\t\t\t\t\t\t<div class=\"elementor-widget-wrap\">\n\t\t\t\t\t\t\t\t<\/div>\n\t\t\t\t\t<\/div>\n\t\t<\/div>\n\t\t\t\t\t\t\t\t<\/div>\n\t\t\t\t\t<\/div>\n\t\t<\/section>\n\t\t\t\t<section class=\"elementor-section elementor-top-section elementor-element elementor-element-pcodzps elementor-section-boxed elementor-section-height-default elementor-section-height-default\" data-id=\"pcodzps\" data-element_type=\"section\">\n\t\t\t\t\t\t<div class=\"elementor-container elementor-column-gap-default\">\n\t\t\t\t\t\t\t<div class=\"elementor-row\">\n\t\t\t\t\t<div class=\"elementor-column elementor-col-50 elementor-top-column elementor-element elementor-element-wgjwodz\" data-id=\"wgjwodz\" data-element_type=\"column\">\n\t\t\t<div class=\"elementor-column-wrap elementor-element-populated\">\n\t\t\t\t\t\t\t<div class=\"elementor-widget-wrap\">\n\t\t\t\t\t\t<div class=\"elementor-element elementor-element-ycfqcfj elementor-widget elementor-widget-text-editor\" data-id=\"ycfqcfj\" data-element_type=\"widget\" data-widget_type=\"text-editor.default\">\n\t\t\t\t<div class=\"elementor-widget-container\">\n\t\t\t\t\t\t\t\t<div class=\"elementor-text-editor elementor-clearfix\">\n\t\t\t\t<p>\u00a0<\/p><p><a href=\"http:\/\/nouveau.baronnat.fr\/wp-content\/uploads\/2015\/02\/oreade_rouge1.jpg\"><img loading=\"lazy\" class=\"size-medium wp-image-300 aligncenter\" src=\"http:\/\/nouveau.baronnat.fr\/wp-content\/uploads\/2015\/02\/oreade_rouge1-87x300.jpg\" alt=\"oreade_rouge1\" width=\"87\" height=\"300\" srcset=\"http:\/\/nouveau.baronnat.fr\/wp-content\/uploads\/2015\/02\/oreade_rouge1-87x300.jpg 87w, http:\/\/nouveau.baronnat.fr\/wp-content\/uploads\/2015\/02\/oreade_rouge1-298x1024.jpg 298w, http:\/\/nouveau.baronnat.fr\/wp-content\/uploads\/2015\/02\/oreade_rouge1.jpg 309w\" sizes=\"(max-width: 87px) 100vw, 87px\" \/><\/a><\/p><p><strong>DEGUSTATION<\/strong><\/p><p>Belle robe rouge cerise.<br \/> Nez l\u00e9g\u00e8rement \u00e9pic\u00e9.<br \/> En bouche le vin est souple et agr\u00e9able.<br \/> Equilibre et harmonie g\u00e9n\u00e9rale.<\/p>\t\t\t\t\t<\/div>\n\t\t\t\t\t\t<\/div>\n\t\t\t\t<\/div>\n\t\t\t\t\t\t<\/div>\n\t\t\t\t\t<\/div>\n\t\t<\/div><div class=\"elementor-column elementor-col-50 elementor-top-column elementor-element elementor-element-qykgwei\" data-id=\"qykgwei\" data-element_type=\"column\">\n\t\t\t<div class=\"elementor-column-wrap elementor-element-populated\">\n\t\t\t\t\t\t\t<div class=\"elementor-widget-wrap\">\n\t\t\t\t\t\t<div class=\"elementor-element elementor-element-kpvrmex elementor-widget elementor-widget-text-editor\" data-id=\"kpvrmex\" data-element_type=\"widget\" data-widget_type=\"text-editor.default\">\n\t\t\t\t<div class=\"elementor-widget-container\">\n\t\t\t\t\t\t\t\t<div class=\"elementor-text-editor elementor-clearfix\">\n\t\t\t\t<p>\u00a0<\/p><p><img loading=\"lazy\" class=\" wp-image-271 aligncenter\" src=\"http:\/\/nouveau.baronnat.fr\/wp-content\/uploads\/2015\/02\/oreades_cadre.bmp\" alt=\"oreades_cadre\" width=\"200\" height=\"205\" \/><\/p><p><strong>TECHNIQUE<\/strong><\/p><p><strong>Situation<\/strong> : de la vall\u00e9e du Rh\u00f4ne aux contreforts des pyr\u00e9n\u00e9es, le vignoble se situe tel un amphith\u00e9\u00e2tre orient\u00e9 vers la m\u00e9diterran\u00e9e.<br \/> <strong>Terroir<\/strong> : la vigne est cultiv\u00e9e sur des sols argilo-calcaires.<br \/> <strong>C\u00e9pages<\/strong> : notre cuv\u00e9e est constitu\u00e9e d&rsquo;un assemblage de Grenache, Syrah et Merlot.<br \/> <strong>Vinification<\/strong> : traditionnelle et ma\u00eetrise des temp\u00e9ratures.<br \/> <strong>Elevage<\/strong> : vieillissement en cuve puis mise en bouteilles<\/p><p><a href=\"http:\/\/nouveau.baronnat.fr\/wp-content\/uploads\/2015\/02\/oreades_cadre.bmp\">\u00a0<\/a><\/p>\t\t\t\t\t<\/div>\n\t\t\t\t\t\t<\/div>\n\t\t\t\t<\/div>\n\t\t\t\t\t\t<\/div>\n\t\t\t\t\t<\/div>\n\t\t<\/div>\n\t\t\t\t\t\t\t\t<\/div>\n\t\t\t\t\t<\/div>\n\t\t<\/section>\n\t\t\t\t<section class=\"elementor-section elementor-top-section elementor-element elementor-element-zthmmxm elementor-section-boxed elementor-section-height-default elementor-section-height-default\" data-id=\"zthmmxm\" data-element_type=\"section\">\n\t\t\t\t\t\t<div class=\"elementor-container elementor-column-gap-default\">\n\t\t\t\t\t\t\t<div class=\"elementor-row\">\n\t\t\t\t\t<div class=\"elementor-column elementor-col-100 elementor-top-column elementor-element elementor-element-ijwngaw\" data-id=\"ijwngaw\" data-element_type=\"column\">\n\t\t\t<div class=\"elementor-column-wrap elementor-element-populated\">\n\t\t\t\t\t\t\t<div class=\"elementor-widget-wrap\">\n\t\t\t\t\t\t<div class=\"elementor-element elementor-element-rmcqtkm elementor-widget elementor-widget-text-editor\" data-id=\"rmcqtkm\" data-element_type=\"widget\" data-widget_type=\"text-editor.default\">\n\t\t\t\t<div class=\"elementor-widget-container\">\n\t\t\t\t\t\t\t\t<div class=\"elementor-text-editor elementor-clearfix\">\n\t\t\t\t<p style=\"text-align: center;\"><strong>SERVICE :\u00a0<\/strong>Temp\u00e9rature de service aux environs de 14\u00b0C.\u00a0Id\u00e9al sur les viandes rouges et les fromages.<\/p>\t\t\t\t\t<\/div>\n\t\t\t\t\t\t<\/div>\n\t\t\t\t<\/div>\n\t\t\t\t\t\t<\/div>\n\t\t\t\t\t<\/div>\n\t\t<\/div>\n\t\t\t\t\t\t\t\t<\/div>\n\t\t\t\t\t<\/div>\n\t\t<\/section>\n\t\t\t\t\t\t<\/div>\n\t\t\t\t\t\t<\/div>\n\t\t\t\t\t<\/div>\n\t\t","protected":false},"excerpt":{"rendered":"<p>\u00a0 DEGUSTATION Belle robe rouge cerise. Nez l\u00e9g\u00e8rement \u00e9pic\u00e9. En bouche le vin est souple et agr\u00e9able. Equilibre et harmonie g\u00e9n\u00e9rale. \u00a0 TECHNIQUE Situation : de la vall\u00e9e du Rh\u00f4ne aux contreforts des pyr\u00e9n\u00e9es, le vignoble se situe tel un amphith\u00e9\u00e2tre orient\u00e9 vers la m\u00e9diterran\u00e9e. Terroir : la vigne est cultiv\u00e9e sur des sols argilo-calcaires&#8230;. <\/p>\n<div class=\"read-more navbutton\"><a href=\"http:\/\/nouveau.baronnat.fr\/?page_id=329\">Lire la suite<i class=\"fa fa-angle-double-right\"><\/i><\/a><\/div>\n","protected":false},"author":1,"featured_media":0,"parent":0,"menu_order":0,"comment_status":"closed","ping_status":"closed","template":"","meta":[],"_links":{"self":[{"href":"http:\/\/nouveau.baronnat.fr\/index.php?rest_route=\/wp\/v2\/pages\/329"}],"collection":[{"href":"http:\/\/nouveau.baronnat.fr\/index.php?rest_route=\/wp\/v2\/pages"}],"about":[{"href":"http:\/\/nouveau.baronnat.fr\/index.php?rest_route=\/wp\/v2\/types\/page"}],"author":[{"embeddable":true,"href":"http:\/\/nouveau.baronnat.fr\/index.php?rest_route=\/wp\/v2\/users\/1"}],"replies":[{"embeddable":true,"href":"http:\/\/nouveau.baronnat.fr\/index.php?rest_route=%2Fwp%2Fv2%2Fcomments&post=329"}],"version-history":[{"count":0,"href":"http:\/\/nouveau.baronnat.fr\/index.php?rest_route=\/wp\/v2\/pages\/329\/revisions"}],"wp:attachment":[{"href":"http:\/\/nouveau.baronnat.fr\/index.php?rest_route=%2Fwp%2Fv2%2Fmedia&parent=329"}],"curies":[{"name":"wp","href":"https:\/\/api.w.org\/{rel}","templated":true}]}}