{"id":331,"date":"2015-02-27T10:26:53","date_gmt":"2015-02-27T08:26:53","guid":{"rendered":"http:\/\/127.0.0.1:4001\/wordpress\/?page_id=331"},"modified":"2019-02-12T12:50:23","modified_gmt":"2019-02-12T10:50:23","slug":"les-oreades-vin-de-pays-doc-rose","status":"publish","type":"page","link":"http:\/\/nouveau.baronnat.fr\/?page_id=331","title":{"rendered":"Les Or\u00e9ades &#8211; IGP Oc ros\u00e9 &#8211;"},"content":{"rendered":"\t\t<div data-elementor-type=\"wp-page\" data-elementor-id=\"331\" class=\"elementor elementor-331 elementor-bc-flex-widget\" data-elementor-settings=\"[]\">\n\t\t\t\t\t\t<div class=\"elementor-inner\">\n\t\t\t\t\t\t\t<div class=\"elementor-section-wrap\">\n\t\t\t\t\t\t\t<section class=\"elementor-section elementor-top-section elementor-element elementor-element-bdwxzjx elementor-section-boxed elementor-section-height-default elementor-section-height-default\" data-id=\"bdwxzjx\" data-element_type=\"section\">\n\t\t\t\t\t\t<div class=\"elementor-container elementor-column-gap-default\">\n\t\t\t\t\t\t\t<div class=\"elementor-row\">\n\t\t\t\t\t<div class=\"elementor-column elementor-col-50 elementor-top-column elementor-element elementor-element-wbbatvb\" data-id=\"wbbatvb\" data-element_type=\"column\">\n\t\t\t<div class=\"elementor-column-wrap elementor-element-populated\">\n\t\t\t\t\t\t\t<div class=\"elementor-widget-wrap\">\n\t\t\t\t\t\t<div class=\"elementor-element elementor-element-owvpwns elementor-widget elementor-widget-text-editor\" data-id=\"owvpwns\" data-element_type=\"widget\" data-widget_type=\"text-editor.default\">\n\t\t\t\t<div class=\"elementor-widget-container\">\n\t\t\t\t\t\t\t\t<div class=\"elementor-text-editor elementor-clearfix\">\n\t\t\t\t<p>\u00a0<\/p><p><a href=\"http:\/\/nouveau.baronnat.fr\/wp-content\/uploads\/2015\/02\/oreades_rose11.jpg\"><img loading=\"lazy\" class=\"wp-image-293 size-medium aligncenter\" src=\"http:\/\/nouveau.baronnat.fr\/wp-content\/uploads\/2015\/02\/oreades_rose11-84x300.jpg\" alt=\"oreades_rose1\" width=\"84\" height=\"300\" srcset=\"http:\/\/nouveau.baronnat.fr\/wp-content\/uploads\/2015\/02\/oreades_rose11-84x300.jpg 84w, http:\/\/nouveau.baronnat.fr\/wp-content\/uploads\/2015\/02\/oreades_rose11-288x1024.jpg 288w, http:\/\/nouveau.baronnat.fr\/wp-content\/uploads\/2015\/02\/oreades_rose11.jpg 300w\" sizes=\"(max-width: 84px) 100vw, 84px\" \/><\/a><\/p><p style=\"text-align: center;\">DEGUSTATION<\/p><p style=\"text-align: center;\">Robe rose saumon.<\/p><p style=\"text-align: center;\">Nez aux ar\u00f4mes intenses de fleurs et de fruits.<\/p><p style=\"text-align: center;\">Gras, long et fruit\u00e9 en bouche. Pas d&rsquo;agressivit\u00e9 en bouche.<\/p>\t\t\t\t\t<\/div>\n\t\t\t\t\t\t<\/div>\n\t\t\t\t<\/div>\n\t\t\t\t\t\t<\/div>\n\t\t\t\t\t<\/div>\n\t\t<\/div><div class=\"elementor-column elementor-col-50 elementor-top-column elementor-element elementor-element-xavagzq\" data-id=\"xavagzq\" data-element_type=\"column\">\n\t\t\t<div class=\"elementor-column-wrap elementor-element-populated\">\n\t\t\t\t\t\t\t<div class=\"elementor-widget-wrap\">\n\t\t\t\t\t\t<div class=\"elementor-element elementor-element-jlptybf elementor-widget elementor-widget-text-editor\" data-id=\"jlptybf\" data-element_type=\"widget\" data-widget_type=\"text-editor.default\">\n\t\t\t\t<div class=\"elementor-widget-container\">\n\t\t\t\t\t\t\t\t<div class=\"elementor-text-editor elementor-clearfix\">\n\t\t\t\t<p><img loading=\"lazy\" class=\" wp-image-271 aligncenter\" src=\"http:\/\/nouveau.baronnat.fr\/wp-content\/uploads\/2015\/02\/oreades_cadre.bmp\" alt=\"oreades_cadre\" width=\"200\" height=\"205\" \/><\/p><p><strong>\u00a0TECHNIQUE <\/strong><\/p><p><strong>Situation<\/strong> : de la vall\u00e9e du Rh\u00f4ne aux contreforts des pyr\u00e9n\u00e9es, le vignoble se situe tel un amphith\u00e9atre orient\u00e9 vers la m\u00e9diterran\u00e9e.<\/p><p><strong> Terroir<\/strong> : la vigne est cultiv\u00e9e sur des sols argilo-calcaires.<\/p><p><strong>C\u00e9pages<\/strong> : assemblage de grenache avec dominante cinsault.<\/p><p><strong>Vinification<\/strong> : par saign\u00e9e avec contr\u00f4le des temp\u00e9ratures.<\/p><p><strong> Elevage<\/strong> : en cuve puis en bouteilles.<\/p>\t\t\t\t\t<\/div>\n\t\t\t\t\t\t<\/div>\n\t\t\t\t<\/div>\n\t\t\t\t\t\t<\/div>\n\t\t\t\t\t<\/div>\n\t\t<\/div>\n\t\t\t\t\t\t\t\t<\/div>\n\t\t\t\t\t<\/div>\n\t\t<\/section>\n\t\t\t\t<section class=\"elementor-section elementor-top-section elementor-element elementor-element-vwmlrro elementor-section-boxed elementor-section-height-default elementor-section-height-default\" data-id=\"vwmlrro\" data-element_type=\"section\">\n\t\t\t\t\t\t<div class=\"elementor-container elementor-column-gap-default\">\n\t\t\t\t\t\t\t<div class=\"elementor-row\">\n\t\t\t\t\t<div class=\"elementor-column elementor-col-100 elementor-top-column elementor-element elementor-element-vzxholq\" data-id=\"vzxholq\" data-element_type=\"column\">\n\t\t\t<div class=\"elementor-column-wrap elementor-element-populated\">\n\t\t\t\t\t\t\t<div class=\"elementor-widget-wrap\">\n\t\t\t\t\t\t<div class=\"elementor-element elementor-element-nsnubtg elementor-widget elementor-widget-text-editor\" data-id=\"nsnubtg\" data-element_type=\"widget\" data-widget_type=\"text-editor.default\">\n\t\t\t\t<div class=\"elementor-widget-container\">\n\t\t\t\t\t\t\t\t<div class=\"elementor-text-editor elementor-clearfix\">\n\t\t\t\t<p style=\"text-align: center;\">SERVICE :\u00a0Temp\u00e9rature de service aux environs de 8\u00b0C.\u00a0Id\u00e9al sur les entr\u00e9es et grillades.<\/p>\t\t\t\t\t<\/div>\n\t\t\t\t\t\t<\/div>\n\t\t\t\t<\/div>\n\t\t\t\t\t\t<\/div>\n\t\t\t\t\t<\/div>\n\t\t<\/div>\n\t\t\t\t\t\t\t\t<\/div>\n\t\t\t\t\t<\/div>\n\t\t<\/section>\n\t\t\t\t\t\t<\/div>\n\t\t\t\t\t\t<\/div>\n\t\t\t\t\t<\/div>\n\t\t","protected":false},"excerpt":{"rendered":"<p>\u00a0 DEGUSTATION Robe rose saumon. Nez aux ar\u00f4mes intenses de fleurs et de fruits. Gras, long et fruit\u00e9 en bouche. Pas d&rsquo;agressivit\u00e9 en bouche. \u00a0TECHNIQUE Situation : de la vall\u00e9e du Rh\u00f4ne aux contreforts des pyr\u00e9n\u00e9es, le vignoble se situe tel un amphith\u00e9atre orient\u00e9 vers la m\u00e9diterran\u00e9e. Terroir : la vigne est cultiv\u00e9e sur des&#8230; <\/p>\n<div class=\"read-more navbutton\"><a href=\"http:\/\/nouveau.baronnat.fr\/?page_id=331\">Lire la suite<i class=\"fa fa-angle-double-right\"><\/i><\/a><\/div>\n","protected":false},"author":1,"featured_media":0,"parent":0,"menu_order":0,"comment_status":"closed","ping_status":"closed","template":"","meta":[],"_links":{"self":[{"href":"http:\/\/nouveau.baronnat.fr\/index.php?rest_route=\/wp\/v2\/pages\/331"}],"collection":[{"href":"http:\/\/nouveau.baronnat.fr\/index.php?rest_route=\/wp\/v2\/pages"}],"about":[{"href":"http:\/\/nouveau.baronnat.fr\/index.php?rest_route=\/wp\/v2\/types\/page"}],"author":[{"embeddable":true,"href":"http:\/\/nouveau.baronnat.fr\/index.php?rest_route=\/wp\/v2\/users\/1"}],"replies":[{"embeddable":true,"href":"http:\/\/nouveau.baronnat.fr\/index.php?rest_route=%2Fwp%2Fv2%2Fcomments&post=331"}],"version-history":[{"count":1,"href":"http:\/\/nouveau.baronnat.fr\/index.php?rest_route=\/wp\/v2\/pages\/331\/revisions"}],"predecessor-version":[{"id":1842,"href":"http:\/\/nouveau.baronnat.fr\/index.php?rest_route=\/wp\/v2\/pages\/331\/revisions\/1842"}],"wp:attachment":[{"href":"http:\/\/nouveau.baronnat.fr\/index.php?rest_route=%2Fwp%2Fv2%2Fmedia&parent=331"}],"curies":[{"name":"wp","href":"https:\/\/api.w.org\/{rel}","templated":true}]}}