{"id":337,"date":"2015-02-27T11:25:00","date_gmt":"2015-02-27T10:25:00","guid":{"rendered":"http:\/\/127.0.0.1:4001\/wordpress\/?page_id=337"},"modified":"2017-03-09T20:42:38","modified_gmt":"2017-03-09T18:42:38","slug":"chiroubles-jean-baronnat","status":"publish","type":"page","link":"http:\/\/nouveau.baronnat.fr\/?page_id=337","title":{"rendered":"Chiroubles"},"content":{"rendered":"\t\t<div data-elementor-type=\"wp-page\" data-elementor-id=\"337\" class=\"elementor elementor-337 elementor-bc-flex-widget\" data-elementor-settings=\"[]\">\n\t\t\t\t\t\t<div class=\"elementor-inner\">\n\t\t\t\t\t\t\t<div class=\"elementor-section-wrap\">\n\t\t\t\t\t\t\t<section class=\"elementor-section elementor-top-section elementor-element elementor-element-crnmutp elementor-section-boxed elementor-section-height-default elementor-section-height-default\" data-id=\"crnmutp\" data-element_type=\"section\">\n\t\t\t\t\t\t<div class=\"elementor-container elementor-column-gap-default\">\n\t\t\t\t\t\t\t<div class=\"elementor-row\">\n\t\t\t\t\t<div class=\"elementor-column elementor-col-50 elementor-top-column elementor-element elementor-element-vbqkkrm\" data-id=\"vbqkkrm\" data-element_type=\"column\">\n\t\t\t<div class=\"elementor-column-wrap elementor-element-populated\">\n\t\t\t\t\t\t\t<div class=\"elementor-widget-wrap\">\n\t\t\t\t\t\t<div class=\"elementor-element elementor-element-pffmbek elementor-widget elementor-widget-text-editor\" data-id=\"pffmbek\" data-element_type=\"widget\" data-widget_type=\"text-editor.default\">\n\t\t\t\t<div class=\"elementor-widget-container\">\n\t\t\t\t\t\t\t\t<div class=\"elementor-text-editor elementor-clearfix\">\n\t\t\t\t<p><a href=\"http:\/\/nouveau.baronnat.fr\/wp-content\/uploads\/2015\/02\/chiroubles1.jpg\"><img loading=\"lazy\" class=\"size-medium wp-image-176 aligncenter\" src=\"http:\/\/nouveau.baronnat.fr\/wp-content\/uploads\/2015\/02\/chiroubles1-92x300.jpg\" alt=\"chiroubles\" width=\"92\" height=\"300\" srcset=\"http:\/\/nouveau.baronnat.fr\/wp-content\/uploads\/2015\/02\/chiroubles1-92x300.jpg 92w, http:\/\/nouveau.baronnat.fr\/wp-content\/uploads\/2015\/02\/chiroubles1.jpg 300w\" sizes=\"(max-width: 92px) 100vw, 92px\" \/><\/a><\/p><p>DEGUSTATION<\/p><p>Robe d&rsquo;un beau rouge \u00e9clatant limpide et brillant.<br \/> Nez aux ar\u00f4mes tr\u00e8s floraux (muguet et violette) m\u00eal\u00e9s \u00e0 des notes de fruits rouges de type fraise ou myrtille.<br \/> En bouche le vin est tr\u00e8s charmeur, l\u00e9ger et frais.Persistant et fin, il est l&rsquo;un des plus typique des vins du Beaujolais.<\/p>\t\t\t\t\t<\/div>\n\t\t\t\t\t\t<\/div>\n\t\t\t\t<\/div>\n\t\t\t\t\t\t<\/div>\n\t\t\t\t\t<\/div>\n\t\t<\/div><div class=\"elementor-column elementor-col-50 elementor-top-column elementor-element elementor-element-avxwyns\" data-id=\"avxwyns\" data-element_type=\"column\">\n\t\t\t<div class=\"elementor-column-wrap elementor-element-populated\">\n\t\t\t\t\t\t\t<div class=\"elementor-widget-wrap\">\n\t\t\t\t\t\t<div class=\"elementor-element elementor-element-yqngcao elementor-widget elementor-widget-text-editor\" data-id=\"yqngcao\" data-element_type=\"widget\" data-widget_type=\"text-editor.default\">\n\t\t\t\t<div class=\"elementor-widget-container\">\n\t\t\t\t\t\t\t\t<div class=\"elementor-text-editor elementor-clearfix\">\n\t\t\t\t<p>\u00a0<\/p><p><img loading=\"lazy\" class=\"wp-image-226 aligncenter\" src=\"http:\/\/nouveau.baronnat.fr\/wp-content\/uploads\/2015\/02\/chiroubles-300x179.jpg\" alt=\"chiroubles\" width=\"204\" height=\"122\" srcset=\"http:\/\/nouveau.baronnat.fr\/wp-content\/uploads\/2015\/02\/chiroubles-300x179.jpg 300w, http:\/\/nouveau.baronnat.fr\/wp-content\/uploads\/2015\/02\/chiroubles.jpg 687w\" sizes=\"(max-width: 204px) 100vw, 204px\" \/><\/p><p>\u00a0<\/p><p><strong>TECHNIQUE<\/strong><\/p><p><strong>Situation<\/strong> : le vignoble est le plus \u00ab\u00a0haut perch\u00e9\u00a0\u00bb des crus du Beaujolais et est situ\u00e9 au centre de l&rsquo;appellation, dans le d\u00e9partement du Rh\u00f4ne.<\/p><p><strong>Terroir<\/strong> : la vigne est cultiv\u00e9e sur des sols constitu\u00e9s de granit et de porphyre.<\/p><p><strong>C\u00e9page unique<\/strong> : Gamay noir \u00e0 jus blanc.<\/p><p><strong>Vinification<\/strong> : mac\u00e9ration semi &#8211; carbonique et fermentation traditionnelle.<\/p><p><strong>Elevage<\/strong> : en cuve puis en bouteilles.<\/p>\t\t\t\t\t<\/div>\n\t\t\t\t\t\t<\/div>\n\t\t\t\t<\/div>\n\t\t\t\t\t\t<\/div>\n\t\t\t\t\t<\/div>\n\t\t<\/div>\n\t\t\t\t\t\t\t\t<\/div>\n\t\t\t\t\t<\/div>\n\t\t<\/section>\n\t\t\t\t<section class=\"elementor-section elementor-top-section elementor-element elementor-element-xkwghyv elementor-section-boxed elementor-section-height-default elementor-section-height-default\" data-id=\"xkwghyv\" data-element_type=\"section\">\n\t\t\t\t\t\t<div class=\"elementor-container elementor-column-gap-default\">\n\t\t\t\t\t\t\t<div class=\"elementor-row\">\n\t\t\t\t\t<div class=\"elementor-column elementor-col-100 elementor-top-column elementor-element elementor-element-jcycwhh\" data-id=\"jcycwhh\" data-element_type=\"column\">\n\t\t\t<div class=\"elementor-column-wrap elementor-element-populated\">\n\t\t\t\t\t\t\t<div class=\"elementor-widget-wrap\">\n\t\t\t\t\t\t<div class=\"elementor-element elementor-element-dezfwek elementor-widget elementor-widget-text-editor\" data-id=\"dezfwek\" data-element_type=\"widget\" data-widget_type=\"text-editor.default\">\n\t\t\t\t<div class=\"elementor-widget-container\">\n\t\t\t\t\t\t\t\t<div class=\"elementor-text-editor elementor-clearfix\">\n\t\t\t\t<p style=\"text-align: center;\"><strong>SERVICE<\/strong> :\u00a0Temp\u00e9rature de service aux environs de 13-14\u00b0C. Id\u00e9al sur les entr\u00e9es et les viandes blanches.<\/p>\t\t\t\t\t<\/div>\n\t\t\t\t\t\t<\/div>\n\t\t\t\t<\/div>\n\t\t\t\t\t\t<\/div>\n\t\t\t\t\t<\/div>\n\t\t<\/div>\n\t\t\t\t\t\t\t\t<\/div>\n\t\t\t\t\t<\/div>\n\t\t<\/section>\n\t\t\t\t\t\t<\/div>\n\t\t\t\t\t\t<\/div>\n\t\t\t\t\t<\/div>\n\t\t","protected":false},"excerpt":{"rendered":"<p>DEGUSTATION Robe d&rsquo;un beau rouge \u00e9clatant limpide et brillant. Nez aux ar\u00f4mes tr\u00e8s floraux (muguet et violette) m\u00eal\u00e9s \u00e0 des notes de fruits rouges de type fraise ou myrtille. En bouche le vin est tr\u00e8s charmeur, l\u00e9ger et frais.Persistant et fin, il est l&rsquo;un des plus typique des vins du Beaujolais. \u00a0 \u00a0 TECHNIQUE Situation&#8230; <\/p>\n<div class=\"read-more navbutton\"><a href=\"http:\/\/nouveau.baronnat.fr\/?page_id=337\">Lire la suite<i class=\"fa fa-angle-double-right\"><\/i><\/a><\/div>\n","protected":false},"author":1,"featured_media":0,"parent":0,"menu_order":0,"comment_status":"closed","ping_status":"closed","template":"","meta":[],"_links":{"self":[{"href":"http:\/\/nouveau.baronnat.fr\/index.php?rest_route=\/wp\/v2\/pages\/337"}],"collection":[{"href":"http:\/\/nouveau.baronnat.fr\/index.php?rest_route=\/wp\/v2\/pages"}],"about":[{"href":"http:\/\/nouveau.baronnat.fr\/index.php?rest_route=\/wp\/v2\/types\/page"}],"author":[{"embeddable":true,"href":"http:\/\/nouveau.baronnat.fr\/index.php?rest_route=\/wp\/v2\/users\/1"}],"replies":[{"embeddable":true,"href":"http:\/\/nouveau.baronnat.fr\/index.php?rest_route=%2Fwp%2Fv2%2Fcomments&post=337"}],"version-history":[{"count":0,"href":"http:\/\/nouveau.baronnat.fr\/index.php?rest_route=\/wp\/v2\/pages\/337\/revisions"}],"wp:attachment":[{"href":"http:\/\/nouveau.baronnat.fr\/index.php?rest_route=%2Fwp%2Fv2%2Fmedia&parent=337"}],"curies":[{"name":"wp","href":"https:\/\/api.w.org\/{rel}","templated":true}]}}