{"id":339,"date":"2015-02-27T11:25:57","date_gmt":"2015-02-27T09:25:57","guid":{"rendered":"http:\/\/127.0.0.1:4001\/wordpress\/?page_id=339"},"modified":"2017-03-18T19:24:13","modified_gmt":"2017-03-18T17:24:13","slug":"saint-amour-jean-baronnat","status":"publish","type":"page","link":"http:\/\/nouveau.baronnat.fr\/?page_id=339","title":{"rendered":"Saint-Amour"},"content":{"rendered":"\t\t<div data-elementor-type=\"wp-page\" data-elementor-id=\"339\" class=\"elementor elementor-339 elementor-bc-flex-widget\" data-elementor-settings=\"[]\">\n\t\t\t\t\t\t<div class=\"elementor-inner\">\n\t\t\t\t\t\t\t<div class=\"elementor-section-wrap\">\n\t\t\t\t\t\t\t<section class=\"elementor-section elementor-top-section elementor-element elementor-element-nqkzpfo elementor-section-boxed elementor-section-height-default elementor-section-height-default\" data-id=\"nqkzpfo\" data-element_type=\"section\">\n\t\t\t\t\t\t<div class=\"elementor-container elementor-column-gap-default\">\n\t\t\t\t\t\t\t<div class=\"elementor-row\">\n\t\t\t\t\t<div class=\"elementor-column elementor-col-50 elementor-top-column elementor-element elementor-element-wdoscrp\" data-id=\"wdoscrp\" data-element_type=\"column\">\n\t\t\t<div class=\"elementor-column-wrap elementor-element-populated\">\n\t\t\t\t\t\t\t<div class=\"elementor-widget-wrap\">\n\t\t\t\t\t\t<div class=\"elementor-element elementor-element-birfesc elementor-widget elementor-widget-text-editor\" data-id=\"birfesc\" data-element_type=\"widget\" data-widget_type=\"text-editor.default\">\n\t\t\t\t<div class=\"elementor-widget-container\">\n\t\t\t\t\t\t\t\t<div class=\"elementor-text-editor elementor-clearfix\">\n\t\t\t\t<p><a href=\"http:\/\/nouveau.baronnat.fr\/wp-content\/uploads\/2015\/02\/st-amour.jpg\"><img loading=\"lazy\" class=\"size-medium wp-image-189 aligncenter\" src=\"http:\/\/nouveau.baronnat.fr\/wp-content\/uploads\/2015\/02\/st-amour-92x300.jpg\" alt=\"st amour\" width=\"92\" height=\"300\" srcset=\"http:\/\/nouveau.baronnat.fr\/wp-content\/uploads\/2015\/02\/st-amour-92x300.jpg 92w, http:\/\/nouveau.baronnat.fr\/wp-content\/uploads\/2015\/02\/st-amour.jpg 300w\" sizes=\"(max-width: 92px) 100vw, 92px\" \/><\/a><\/p><p>DEGUSTATION<\/p><p>Robe d&rsquo;un rouge rubis soutenu, brillant et limpide.<br \/> Nez riche et complexe aux ar\u00f4mes de fruits m\u00fbrs, confitur\u00e9s (pruneaux et Cherry) et notes sous-bois.<br \/> En bouche les tanins sont souples, le vin charpent\u00e9 et harmonieux.\u00a0Une excellente persistance en finale.<\/p>\t\t\t\t\t<\/div>\n\t\t\t\t\t\t<\/div>\n\t\t\t\t<\/div>\n\t\t\t\t\t\t<\/div>\n\t\t\t\t\t<\/div>\n\t\t<\/div><div class=\"elementor-column elementor-col-50 elementor-top-column elementor-element elementor-element-kboyccg\" data-id=\"kboyccg\" data-element_type=\"column\">\n\t\t\t<div class=\"elementor-column-wrap elementor-element-populated\">\n\t\t\t\t\t\t\t<div class=\"elementor-widget-wrap\">\n\t\t\t\t\t\t<div class=\"elementor-element elementor-element-glrtszl elementor-widget elementor-widget-text-editor\" data-id=\"glrtszl\" data-element_type=\"widget\" data-widget_type=\"text-editor.default\">\n\t\t\t\t<div class=\"elementor-widget-container\">\n\t\t\t\t\t\t\t\t<div class=\"elementor-text-editor elementor-clearfix\">\n\t\t\t\t<p><img loading=\"lazy\" class=\"aligncenter size-medium wp-image-264\" src=\"http:\/\/nouveau.baronnat.fr\/wp-content\/uploads\/2015\/02\/saint_amour-300x176.jpg\" alt=\"saint_amour\" width=\"300\" height=\"176\" srcset=\"http:\/\/nouveau.baronnat.fr\/wp-content\/uploads\/2015\/02\/saint_amour-300x176.jpg 300w, http:\/\/nouveau.baronnat.fr\/wp-content\/uploads\/2015\/02\/saint_amour.jpg 704w\" sizes=\"(max-width: 300px) 100vw, 300px\" \/><\/p><p>TECHNIQUE<\/p><p>Situation : le vignoble est le plus au nord de l&rsquo;appellation du Beaujolais et est situ\u00e9 dans le d\u00e9partement de la Sa\u00f4ne et Loire au sud de M\u00e2con.<\/p><p>Terroir : la vigne est cultiv\u00e9e sur des sols argilo &#8211; siliceux.<\/p><p>C\u00e9page unique : Gamay noir \u00e0 jus blanc.<\/p><p>Vinification : mac\u00e9ration semi &#8211; carbonique et fermentation traditionnelle.<\/p><p>Elevage : en cuve puis en bouteilles.<\/p>\t\t\t\t\t<\/div>\n\t\t\t\t\t\t<\/div>\n\t\t\t\t<\/div>\n\t\t\t\t\t\t<\/div>\n\t\t\t\t\t<\/div>\n\t\t<\/div>\n\t\t\t\t\t\t\t\t<\/div>\n\t\t\t\t\t<\/div>\n\t\t<\/section>\n\t\t\t\t<section class=\"elementor-section elementor-top-section elementor-element elementor-element-ivxdqrs elementor-section-boxed elementor-section-height-default elementor-section-height-default\" data-id=\"ivxdqrs\" data-element_type=\"section\">\n\t\t\t\t\t\t<div class=\"elementor-container elementor-column-gap-default\">\n\t\t\t\t\t\t\t<div class=\"elementor-row\">\n\t\t\t\t\t<div class=\"elementor-column elementor-col-100 elementor-top-column elementor-element elementor-element-rocklrx\" data-id=\"rocklrx\" data-element_type=\"column\">\n\t\t\t<div class=\"elementor-column-wrap elementor-element-populated\">\n\t\t\t\t\t\t\t<div class=\"elementor-widget-wrap\">\n\t\t\t\t\t\t<div class=\"elementor-element elementor-element-xqibiug elementor-widget elementor-widget-text-editor\" data-id=\"xqibiug\" data-element_type=\"widget\" data-widget_type=\"text-editor.default\">\n\t\t\t\t<div class=\"elementor-widget-container\">\n\t\t\t\t\t\t\t\t<div class=\"elementor-text-editor elementor-clearfix\">\n\t\t\t\t<p style=\"text-align: center;\">SERVICE :\u00a0Temp\u00e9rature de service aux environs de 15\u00b0C. \u00a0Id\u00e9al sur les volailles et les gibiers \u00e0 plumes.<\/p><p>\u00a0<\/p><p>\u00a0<\/p>\t\t\t\t\t<\/div>\n\t\t\t\t\t\t<\/div>\n\t\t\t\t<\/div>\n\t\t\t\t\t\t<\/div>\n\t\t\t\t\t<\/div>\n\t\t<\/div>\n\t\t\t\t\t\t\t\t<\/div>\n\t\t\t\t\t<\/div>\n\t\t<\/section>\n\t\t\t\t\t\t<\/div>\n\t\t\t\t\t\t<\/div>\n\t\t\t\t\t<\/div>\n\t\t","protected":false},"excerpt":{"rendered":"<p>DEGUSTATION Robe d&rsquo;un rouge rubis soutenu, brillant et limpide. Nez riche et complexe aux ar\u00f4mes de fruits m\u00fbrs, confitur\u00e9s (pruneaux et Cherry) et notes sous-bois. En bouche les tanins sont souples, le vin charpent\u00e9 et harmonieux.\u00a0Une excellente persistance en finale. TECHNIQUE Situation : le vignoble est le plus au nord de l&rsquo;appellation du Beaujolais et&#8230; <\/p>\n<div class=\"read-more navbutton\"><a href=\"http:\/\/nouveau.baronnat.fr\/?page_id=339\">Lire la suite<i class=\"fa fa-angle-double-right\"><\/i><\/a><\/div>\n","protected":false},"author":1,"featured_media":0,"parent":0,"menu_order":0,"comment_status":"closed","ping_status":"closed","template":"","meta":[],"_links":{"self":[{"href":"http:\/\/nouveau.baronnat.fr\/index.php?rest_route=\/wp\/v2\/pages\/339"}],"collection":[{"href":"http:\/\/nouveau.baronnat.fr\/index.php?rest_route=\/wp\/v2\/pages"}],"about":[{"href":"http:\/\/nouveau.baronnat.fr\/index.php?rest_route=\/wp\/v2\/types\/page"}],"author":[{"embeddable":true,"href":"http:\/\/nouveau.baronnat.fr\/index.php?rest_route=\/wp\/v2\/users\/1"}],"replies":[{"embeddable":true,"href":"http:\/\/nouveau.baronnat.fr\/index.php?rest_route=%2Fwp%2Fv2%2Fcomments&post=339"}],"version-history":[{"count":0,"href":"http:\/\/nouveau.baronnat.fr\/index.php?rest_route=\/wp\/v2\/pages\/339\/revisions"}],"wp:attachment":[{"href":"http:\/\/nouveau.baronnat.fr\/index.php?rest_route=%2Fwp%2Fv2%2Fmedia&parent=339"}],"curies":[{"name":"wp","href":"https:\/\/api.w.org\/{rel}","templated":true}]}}