{"id":342,"date":"2015-02-27T11:27:41","date_gmt":"2015-02-27T10:27:41","guid":{"rendered":"http:\/\/127.0.0.1:4001\/wordpress\/?page_id=342"},"modified":"2017-03-15T20:02:59","modified_gmt":"2017-03-15T18:02:59","slug":"fleurie-jean-baronnat","status":"publish","type":"page","link":"http:\/\/nouveau.baronnat.fr\/?page_id=342","title":{"rendered":"Fleurie"},"content":{"rendered":"\t\t<div data-elementor-type=\"wp-page\" data-elementor-id=\"342\" class=\"elementor elementor-342 elementor-bc-flex-widget\" data-elementor-settings=\"[]\">\n\t\t\t\t\t\t<div class=\"elementor-inner\">\n\t\t\t\t\t\t\t<div class=\"elementor-section-wrap\">\n\t\t\t\t\t\t\t<section class=\"elementor-section elementor-top-section elementor-element elementor-element-pabcmkq elementor-section-boxed elementor-section-height-default elementor-section-height-default\" data-id=\"pabcmkq\" data-element_type=\"section\">\n\t\t\t\t\t\t<div class=\"elementor-container elementor-column-gap-default\">\n\t\t\t\t\t\t\t<div class=\"elementor-row\">\n\t\t\t\t\t<div class=\"elementor-column elementor-col-50 elementor-top-column elementor-element elementor-element-hztywzt\" data-id=\"hztywzt\" data-element_type=\"column\">\n\t\t\t<div class=\"elementor-column-wrap elementor-element-populated\">\n\t\t\t\t\t\t\t<div class=\"elementor-widget-wrap\">\n\t\t\t\t\t\t<div class=\"elementor-element elementor-element-piwfyel elementor-widget elementor-widget-text-editor\" data-id=\"piwfyel\" data-element_type=\"widget\" data-widget_type=\"text-editor.default\">\n\t\t\t\t<div class=\"elementor-widget-container\">\n\t\t\t\t\t\t\t\t<div class=\"elementor-text-editor elementor-clearfix\">\n\t\t\t\t<p><a href=\"http:\/\/nouveau.baronnat.fr\/wp-content\/uploads\/2015\/02\/fleurie1.jpg\"><img loading=\"lazy\" class=\"size-medium wp-image-180 aligncenter\" src=\"http:\/\/nouveau.baronnat.fr\/wp-content\/uploads\/2015\/02\/fleurie1-90x300.jpg\" alt=\"fleurie\" width=\"90\" height=\"300\" srcset=\"http:\/\/nouveau.baronnat.fr\/wp-content\/uploads\/2015\/02\/fleurie1-90x300.jpg 90w, http:\/\/nouveau.baronnat.fr\/wp-content\/uploads\/2015\/02\/fleurie1.jpg 300w\" sizes=\"(max-width: 90px) 100vw, 90px\" \/><\/a><\/p><p>DEGUSTATION<\/p><p>Robe d&rsquo;une tr\u00e8s belle nuance rouge profond, carmin.<br \/> Nez complexe et fin de fleurs, de p\u00eache, de groseille et cassis.<br \/> En bouche le vin est fondu, velout\u00e9 et g\u00e9n\u00e9reux avec une finale longue et harmonieuse.Un ensemble en m\u00eame temps puissant et fin.<\/p>\t\t\t\t\t<\/div>\n\t\t\t\t\t\t<\/div>\n\t\t\t\t<\/div>\n\t\t\t\t\t\t<\/div>\n\t\t\t\t\t<\/div>\n\t\t<\/div><div class=\"elementor-column elementor-col-50 elementor-top-column elementor-element elementor-element-ulkrbbr\" data-id=\"ulkrbbr\" data-element_type=\"column\">\n\t\t\t<div class=\"elementor-column-wrap elementor-element-populated\">\n\t\t\t\t\t\t\t<div class=\"elementor-widget-wrap\">\n\t\t\t\t\t\t<div class=\"elementor-element elementor-element-zupvtxh elementor-widget elementor-widget-text-editor\" data-id=\"zupvtxh\" data-element_type=\"widget\" data-widget_type=\"text-editor.default\">\n\t\t\t\t<div class=\"elementor-widget-container\">\n\t\t\t\t\t\t\t\t<div class=\"elementor-text-editor elementor-clearfix\">\n\t\t\t\t<p>\u00a0<\/p><p><img loading=\"lazy\" class=\"aligncenter size-medium wp-image-227\" src=\"http:\/\/nouveau.baronnat.fr\/wp-content\/uploads\/2015\/02\/fleurie-300x177.jpg\" alt=\"fleurie\" width=\"300\" height=\"177\" srcset=\"http:\/\/nouveau.baronnat.fr\/wp-content\/uploads\/2015\/02\/fleurie-300x177.jpg 300w, http:\/\/nouveau.baronnat.fr\/wp-content\/uploads\/2015\/02\/fleurie.jpg 700w\" sizes=\"(max-width: 300px) 100vw, 300px\" \/><\/p><p><strong>TECHNIQUE<\/strong><\/p><p><strong>Situation<\/strong> : le vignoble est situ\u00e9 dans le d\u00e9partement du Rh\u00f4ne au nord de l&rsquo;aire d&rsquo;appellation Beaujolais au sud de M\u00e2con.<\/p><p><strong>Terroir<\/strong> : la vigne est cultiv\u00e9e sur des sols constitu\u00e9s d&rsquo;ar\u00e8ne granitique.<\/p><p><strong>C\u00e9page unique<\/strong> : Gamay noir \u00e0 jus blanc.<\/p><p><strong>Vinification<\/strong> : mac\u00e9ration semi &#8211; carbonique et fermentation traditionnelle.<\/p><p><strong>Elevage<\/strong> : en cuve puis en bouteilles.<\/p>\t\t\t\t\t<\/div>\n\t\t\t\t\t\t<\/div>\n\t\t\t\t<\/div>\n\t\t\t\t\t\t<\/div>\n\t\t\t\t\t<\/div>\n\t\t<\/div>\n\t\t\t\t\t\t\t\t<\/div>\n\t\t\t\t\t<\/div>\n\t\t<\/section>\n\t\t\t\t<section class=\"elementor-section elementor-top-section elementor-element elementor-element-zmytboz elementor-section-boxed elementor-section-height-default elementor-section-height-default\" data-id=\"zmytboz\" data-element_type=\"section\">\n\t\t\t\t\t\t<div class=\"elementor-container elementor-column-gap-default\">\n\t\t\t\t\t\t\t<div class=\"elementor-row\">\n\t\t\t\t\t<div class=\"elementor-column elementor-col-100 elementor-top-column elementor-element elementor-element-tvftpjf\" data-id=\"tvftpjf\" data-element_type=\"column\">\n\t\t\t<div class=\"elementor-column-wrap elementor-element-populated\">\n\t\t\t\t\t\t\t<div class=\"elementor-widget-wrap\">\n\t\t\t\t\t\t<div class=\"elementor-element elementor-element-pyspvww elementor-widget elementor-widget-text-editor\" data-id=\"pyspvww\" data-element_type=\"widget\" data-widget_type=\"text-editor.default\">\n\t\t\t\t<div class=\"elementor-widget-container\">\n\t\t\t\t\t\t\t\t<div class=\"elementor-text-editor elementor-clearfix\">\n\t\t\t\t<p style=\"text-align: center;\">SERVICE :\u00a0Temp\u00e9rature de service aux environs de 15\u00b0C. \u00a0Id\u00e9al sur les volailles et les viandes blanches.<\/p>\t\t\t\t\t<\/div>\n\t\t\t\t\t\t<\/div>\n\t\t\t\t<\/div>\n\t\t\t\t\t\t<\/div>\n\t\t\t\t\t<\/div>\n\t\t<\/div>\n\t\t\t\t\t\t\t\t<\/div>\n\t\t\t\t\t<\/div>\n\t\t<\/section>\n\t\t\t\t\t\t<\/div>\n\t\t\t\t\t\t<\/div>\n\t\t\t\t\t<\/div>\n\t\t","protected":false},"excerpt":{"rendered":"<p>DEGUSTATION Robe d&rsquo;une tr\u00e8s belle nuance rouge profond, carmin. Nez complexe et fin de fleurs, de p\u00eache, de groseille et cassis. En bouche le vin est fondu, velout\u00e9 et g\u00e9n\u00e9reux avec une finale longue et harmonieuse.Un ensemble en m\u00eame temps puissant et fin. \u00a0 TECHNIQUE Situation : le vignoble est situ\u00e9 dans le d\u00e9partement du&#8230; <\/p>\n<div class=\"read-more navbutton\"><a href=\"http:\/\/nouveau.baronnat.fr\/?page_id=342\">Lire la suite<i class=\"fa fa-angle-double-right\"><\/i><\/a><\/div>\n","protected":false},"author":1,"featured_media":0,"parent":0,"menu_order":0,"comment_status":"closed","ping_status":"closed","template":"","meta":[],"_links":{"self":[{"href":"http:\/\/nouveau.baronnat.fr\/index.php?rest_route=\/wp\/v2\/pages\/342"}],"collection":[{"href":"http:\/\/nouveau.baronnat.fr\/index.php?rest_route=\/wp\/v2\/pages"}],"about":[{"href":"http:\/\/nouveau.baronnat.fr\/index.php?rest_route=\/wp\/v2\/types\/page"}],"author":[{"embeddable":true,"href":"http:\/\/nouveau.baronnat.fr\/index.php?rest_route=\/wp\/v2\/users\/1"}],"replies":[{"embeddable":true,"href":"http:\/\/nouveau.baronnat.fr\/index.php?rest_route=%2Fwp%2Fv2%2Fcomments&post=342"}],"version-history":[{"count":0,"href":"http:\/\/nouveau.baronnat.fr\/index.php?rest_route=\/wp\/v2\/pages\/342\/revisions"}],"wp:attachment":[{"href":"http:\/\/nouveau.baronnat.fr\/index.php?rest_route=%2Fwp%2Fv2%2Fmedia&parent=342"}],"curies":[{"name":"wp","href":"https:\/\/api.w.org\/{rel}","templated":true}]}}