{"id":350,"date":"2015-03-14T18:31:47","date_gmt":"2015-03-14T17:31:47","guid":{"rendered":"http:\/\/127.0.0.1:4001\/wordpress\/?page_id=350"},"modified":"2019-10-02T20:06:32","modified_gmt":"2019-10-02T18:06:32","slug":"moulin-a-vent-jean-baronnat","status":"publish","type":"page","link":"http:\/\/nouveau.baronnat.fr\/?page_id=350","title":{"rendered":"Moulin \u00e0 Vent"},"content":{"rendered":"\t\t<div data-elementor-type=\"wp-page\" data-elementor-id=\"350\" class=\"elementor elementor-350\" data-elementor-settings=\"[]\">\n\t\t\t\t\t\t<div class=\"elementor-inner\">\n\t\t\t\t\t\t\t<div class=\"elementor-section-wrap\">\n\t\t\t\t\t\t\t<section class=\"elementor-section elementor-top-section elementor-element elementor-element-zusipcj elementor-section-boxed elementor-section-height-default elementor-section-height-default\" data-id=\"zusipcj\" data-element_type=\"section\">\n\t\t\t\t\t\t<div class=\"elementor-container elementor-column-gap-default\">\n\t\t\t\t\t\t\t<div class=\"elementor-row\">\n\t\t\t\t\t<div class=\"elementor-column elementor-col-50 elementor-top-column elementor-element elementor-element-tszgdij\" data-id=\"tszgdij\" data-element_type=\"column\">\n\t\t\t<div class=\"elementor-column-wrap elementor-element-populated\">\n\t\t\t\t\t\t\t<div class=\"elementor-widget-wrap\">\n\t\t\t\t\t\t<div class=\"elementor-element elementor-element-zhwdkxq elementor-widget elementor-widget-text-editor\" data-id=\"zhwdkxq\" data-element_type=\"widget\" data-widget_type=\"text-editor.default\">\n\t\t\t\t<div class=\"elementor-widget-container\">\n\t\t\t\t\t\t\t\t<div class=\"elementor-text-editor elementor-clearfix\">\n\t\t\t\t<p><a href=\"http:\/\/nouveau.baronnat.fr\/wp-content\/uploads\/2015\/02\/moulin_vent-e1423490586825.jpg\"><img loading=\"lazy\" class=\"size-medium wp-image-253 aligncenter\" src=\"http:\/\/nouveau.baronnat.fr\/wp-content\/uploads\/2015\/02\/moulin_vent-e1423490586825-87x300.jpg\" alt=\"moulin_vent\" width=\"87\" height=\"300\" srcset=\"http:\/\/nouveau.baronnat.fr\/wp-content\/uploads\/2015\/02\/moulin_vent-e1423490586825-87x300.jpg 87w, http:\/\/nouveau.baronnat.fr\/wp-content\/uploads\/2015\/02\/moulin_vent-e1423490586825.jpg 174w\" sizes=\"(max-width: 87px) 100vw, 87px\" \/><\/a><\/p><p style=\"text-align: center;\">DEGUSTATION<\/p><p style=\"text-align: center;\">Une belle robe rubis fonc\u00e9e, mate et limpide.<br \/> Nez fin et riche aux parfums de fleurs (rose, violettes) et de fruits murs (figue, coing).<br \/> En bouche, le vin r\u00e9v\u00e8le toute son harmonie dans une bonne structure tannique, une finale longue et ample.<\/p>\t\t\t\t\t<\/div>\n\t\t\t\t\t\t<\/div>\n\t\t\t\t<\/div>\n\t\t\t\t\t\t<\/div>\n\t\t\t\t\t<\/div>\n\t\t<\/div><div class=\"elementor-column elementor-col-50 elementor-top-column elementor-element elementor-element-bntldzp\" data-id=\"bntldzp\" data-element_type=\"column\">\n\t\t\t<div class=\"elementor-column-wrap elementor-element-populated\">\n\t\t\t\t\t\t\t<div class=\"elementor-widget-wrap\">\n\t\t\t\t\t\t<div class=\"elementor-element elementor-element-jpjkhzn elementor-widget elementor-widget-text-editor\" data-id=\"jpjkhzn\" data-element_type=\"widget\" data-widget_type=\"text-editor.default\">\n\t\t\t\t<div class=\"elementor-widget-container\">\n\t\t\t\t\t\t\t\t<div class=\"elementor-text-editor elementor-clearfix\">\n\t\t\t\t<p>\u00a0<\/p><p>\u00a0<\/p><p><img loading=\"lazy\" class=\"aligncenter  wp-image-230\" src=\"http:\/\/nouveau.baronnat.fr\/wp-content\/uploads\/2015\/02\/moulin-a-vent-300x172.jpg\" alt=\"moulin a vent\" width=\"191\" height=\"109\" srcset=\"http:\/\/nouveau.baronnat.fr\/wp-content\/uploads\/2015\/02\/moulin-a-vent-300x172.jpg 300w, http:\/\/nouveau.baronnat.fr\/wp-content\/uploads\/2015\/02\/moulin-a-vent.jpg 713w\" sizes=\"(max-width: 191px) 100vw, 191px\" \/><\/p><p>TECHNIQUE<\/p><p>Situation : le vignoble est situ\u00e9 dans le d\u00e9partement du Rh\u00f4ne, au nord de l&rsquo;aire d&rsquo;appellation du Beaujolais, au sud de la ville de M\u00e2con.<\/p><p>Terroir : la vigne est cultiv\u00e9e sur des sols granitiques riches en mangan\u00e8se.<\/p><p>C\u00e9page unique : Gamay noir \u00e0 jus blanc.<\/p><p>Vinification : mac\u00e9ration semi &#8211; carbonique et fermentation traditionnelle.<\/p><p>Elevage : en cuve puis en bouteilles.<\/p><p>\u00a0<\/p>\t\t\t\t\t<\/div>\n\t\t\t\t\t\t<\/div>\n\t\t\t\t<\/div>\n\t\t\t\t\t\t<\/div>\n\t\t\t\t\t<\/div>\n\t\t<\/div>\n\t\t\t\t\t\t\t\t<\/div>\n\t\t\t\t\t<\/div>\n\t\t<\/section>\n\t\t\t\t<section class=\"elementor-section elementor-top-section elementor-element elementor-element-ksgvrub elementor-section-boxed elementor-section-height-default elementor-section-height-default\" data-id=\"ksgvrub\" data-element_type=\"section\">\n\t\t\t\t\t\t<div class=\"elementor-container elementor-column-gap-default\">\n\t\t\t\t\t\t\t<div class=\"elementor-row\">\n\t\t\t\t\t<div class=\"elementor-column elementor-col-100 elementor-top-column elementor-element elementor-element-gnwfevu\" data-id=\"gnwfevu\" data-element_type=\"column\">\n\t\t\t<div class=\"elementor-column-wrap elementor-element-populated\">\n\t\t\t\t\t\t\t<div class=\"elementor-widget-wrap\">\n\t\t\t\t\t\t<div class=\"elementor-element elementor-element-qbmfybz elementor-widget elementor-widget-text-editor\" data-id=\"qbmfybz\" data-element_type=\"widget\" data-widget_type=\"text-editor.default\">\n\t\t\t\t<div class=\"elementor-widget-container\">\n\t\t\t\t\t\t\t\t<div class=\"elementor-text-editor elementor-clearfix\">\n\t\t\t\t<p style=\"text-align: center;\">SERVICE : Temp\u00e9rature de service aux environs de 15-16\u00b0C. Id\u00e9al sur les viandes rouges, gibiers et fromages cors\u00e9s.<\/p>\t\t\t\t\t<\/div>\n\t\t\t\t\t\t<\/div>\n\t\t\t\t<\/div>\n\t\t\t\t\t\t<\/div>\n\t\t\t\t\t<\/div>\n\t\t<\/div>\n\t\t\t\t\t\t\t\t<\/div>\n\t\t\t\t\t<\/div>\n\t\t<\/section>\n\t\t\t\t<section class=\"elementor-section elementor-top-section elementor-element elementor-element-c2bbddb elementor-section-boxed elementor-section-height-default elementor-section-height-default\" data-id=\"c2bbddb\" data-element_type=\"section\">\n\t\t\t\t\t\t<div class=\"elementor-container elementor-column-gap-default\">\n\t\t\t\t\t\t\t<div class=\"elementor-row\">\n\t\t\t\t\t<div class=\"elementor-column elementor-col-33 elementor-top-column elementor-element elementor-element-d55bb37\" data-id=\"d55bb37\" data-element_type=\"column\">\n\t\t\t<div class=\"elementor-column-wrap elementor-element-populated\">\n\t\t\t\t\t\t\t<div class=\"elementor-widget-wrap\">\n\t\t\t\t\t\t<div class=\"elementor-element elementor-element-d3efc25 elementor-widget elementor-widget-image\" data-id=\"d3efc25\" data-element_type=\"widget\" data-widget_type=\"image.default\">\n\t\t\t\t<div class=\"elementor-widget-container\">\n\t\t\t\t\t\t\t\t<div class=\"elementor-image\">\n\t\t\t\t\t\t\t\t\t\t\t\t<img width=\"177\" height=\"223\" src=\"http:\/\/nouveau.baronnat.fr\/wp-content\/uploads\/2019\/10\/hachette_visuel-4.jpg\" class=\"attachment-large size-large\" alt=\"\" loading=\"lazy\" \/>\t\t\t\t\t\t\t\t\t\t\t\t\t\t<\/div>\n\t\t\t\t\t\t<\/div>\n\t\t\t\t<\/div>\n\t\t\t\t\t\t<\/div>\n\t\t\t\t\t<\/div>\n\t\t<\/div><div class=\"elementor-column elementor-col-33 elementor-top-column elementor-element elementor-element-226d146\" data-id=\"226d146\" data-element_type=\"column\">\n\t\t\t<div class=\"elementor-column-wrap\">\n\t\t\t\t\t\t\t<div class=\"elementor-widget-wrap\">\n\t\t\t\t\t\t\t\t<\/div>\n\t\t\t\t\t<\/div>\n\t\t<\/div><div class=\"elementor-column elementor-col-33 elementor-top-column elementor-element elementor-element-3983219\" data-id=\"3983219\" data-element_type=\"column\">\n\t\t\t<div class=\"elementor-column-wrap elementor-element-populated\">\n\t\t\t\t\t\t\t<div class=\"elementor-widget-wrap\">\n\t\t\t\t\t\t<div class=\"elementor-element elementor-element-2baf911 elementor-widget elementor-widget-image\" data-id=\"2baf911\" data-element_type=\"widget\" data-widget_type=\"image.default\">\n\t\t\t\t<div class=\"elementor-widget-container\">\n\t\t\t\t\t\t\t\t<div class=\"elementor-image\">\n\t\t\t\t\t\t\t\t\t\t\t\t<img width=\"143\" height=\"112\" src=\"http:\/\/nouveau.baronnat.fr\/wp-content\/uploads\/2019\/10\/guide-dussert-gerber.jpg\" class=\"attachment-large size-large\" alt=\"\" loading=\"lazy\" \/>\t\t\t\t\t\t\t\t\t\t\t\t\t\t<\/div>\n\t\t\t\t\t\t<\/div>\n\t\t\t\t<\/div>\n\t\t\t\t\t\t<\/div>\n\t\t\t\t\t<\/div>\n\t\t<\/div>\n\t\t\t\t\t\t\t\t<\/div>\n\t\t\t\t\t<\/div>\n\t\t<\/section>\n\t\t\t\t\t\t<\/div>\n\t\t\t\t\t\t<\/div>\n\t\t\t\t\t<\/div>\n\t\t","protected":false},"excerpt":{"rendered":"<p>DEGUSTATION Une belle robe rubis fonc\u00e9e, mate et limpide. Nez fin et riche aux parfums de fleurs (rose, violettes) et de fruits murs (figue, coing). En bouche, le vin r\u00e9v\u00e8le toute son harmonie dans une bonne structure tannique, une finale longue et ample. \u00a0 \u00a0 TECHNIQUE Situation : le vignoble est situ\u00e9 dans le d\u00e9partement&#8230; <\/p>\n<div class=\"read-more navbutton\"><a href=\"http:\/\/nouveau.baronnat.fr\/?page_id=350\">Lire la suite<i class=\"fa fa-angle-double-right\"><\/i><\/a><\/div>\n","protected":false},"author":1,"featured_media":0,"parent":0,"menu_order":0,"comment_status":"closed","ping_status":"closed","template":"","meta":[],"_links":{"self":[{"href":"http:\/\/nouveau.baronnat.fr\/index.php?rest_route=\/wp\/v2\/pages\/350"}],"collection":[{"href":"http:\/\/nouveau.baronnat.fr\/index.php?rest_route=\/wp\/v2\/pages"}],"about":[{"href":"http:\/\/nouveau.baronnat.fr\/index.php?rest_route=\/wp\/v2\/types\/page"}],"author":[{"embeddable":true,"href":"http:\/\/nouveau.baronnat.fr\/index.php?rest_route=\/wp\/v2\/users\/1"}],"replies":[{"embeddable":true,"href":"http:\/\/nouveau.baronnat.fr\/index.php?rest_route=%2Fwp%2Fv2%2Fcomments&post=350"}],"version-history":[{"count":2,"href":"http:\/\/nouveau.baronnat.fr\/index.php?rest_route=\/wp\/v2\/pages\/350\/revisions"}],"predecessor-version":[{"id":2333,"href":"http:\/\/nouveau.baronnat.fr\/index.php?rest_route=\/wp\/v2\/pages\/350\/revisions\/2333"}],"wp:attachment":[{"href":"http:\/\/nouveau.baronnat.fr\/index.php?rest_route=%2Fwp%2Fv2%2Fmedia&parent=350"}],"curies":[{"name":"wp","href":"https:\/\/api.w.org\/{rel}","templated":true}]}}