{"id":352,"date":"2015-03-14T18:31:47","date_gmt":"2015-03-14T16:31:47","guid":{"rendered":"http:\/\/127.0.0.1:4001\/wordpress\/?page_id=352"},"modified":"2017-03-18T16:31:56","modified_gmt":"2017-03-18T14:31:56","slug":"morgon-jean-baronnat","status":"publish","type":"page","link":"http:\/\/nouveau.baronnat.fr\/?page_id=352","title":{"rendered":"Morgon"},"content":{"rendered":"\t\t<div data-elementor-type=\"wp-page\" data-elementor-id=\"352\" class=\"elementor elementor-352 elementor-bc-flex-widget\" data-elementor-settings=\"[]\">\n\t\t\t\t\t\t<div class=\"elementor-inner\">\n\t\t\t\t\t\t\t<div class=\"elementor-section-wrap\">\n\t\t\t\t\t\t\t<section class=\"elementor-section elementor-top-section elementor-element elementor-element-bxibbem elementor-section-boxed elementor-section-height-default elementor-section-height-default\" data-id=\"bxibbem\" data-element_type=\"section\">\n\t\t\t\t\t\t<div class=\"elementor-container elementor-column-gap-default\">\n\t\t\t\t\t\t\t<div class=\"elementor-row\">\n\t\t\t\t\t<div class=\"elementor-column elementor-col-50 elementor-top-column elementor-element elementor-element-ghshqeb\" data-id=\"ghshqeb\" data-element_type=\"column\">\n\t\t\t<div class=\"elementor-column-wrap elementor-element-populated\">\n\t\t\t\t\t\t\t<div class=\"elementor-widget-wrap\">\n\t\t\t\t\t\t<div class=\"elementor-element elementor-element-utmbznd elementor-widget elementor-widget-text-editor\" data-id=\"utmbznd\" data-element_type=\"widget\" data-widget_type=\"text-editor.default\">\n\t\t\t\t<div class=\"elementor-widget-container\">\n\t\t\t\t\t\t\t\t<div class=\"elementor-text-editor elementor-clearfix\">\n\t\t\t\t<p><a href=\"http:\/\/nouveau.baronnat.fr\/wp-content\/uploads\/2015\/02\/morgon1.jpg\"><img loading=\"lazy\" class=\"size-medium wp-image-184 aligncenter\" src=\"http:\/\/nouveau.baronnat.fr\/wp-content\/uploads\/2015\/02\/morgon1-93x300.jpg\" alt=\"etiq_morgon\" width=\"93\" height=\"300\" srcset=\"http:\/\/nouveau.baronnat.fr\/wp-content\/uploads\/2015\/02\/morgon1-93x300.jpg 93w, http:\/\/nouveau.baronnat.fr\/wp-content\/uploads\/2015\/02\/morgon1.jpg 300w\" sizes=\"(max-width: 93px) 100vw, 93px\" \/><\/a><\/p><p style=\"text-align: center;\">DEGUSTATION<\/p><p style=\"text-align: center;\">Robe rubis aux nuances grenat.<br \/> Parfums typiques de fruits \u00e0 noyaux (griotte, p\u00eache, prune..), tr\u00e8s m\u00fbrs et de terroir.<br \/> En bouche le vin r\u00e9v\u00e8le une grande finesse.Un corps ample et \u00e9quilibr\u00e9, il \u00ab\u00a0morgonne\u00a0\u00bb sans exc\u00e8s.<\/p>\t\t\t\t\t<\/div>\n\t\t\t\t\t\t<\/div>\n\t\t\t\t<\/div>\n\t\t\t\t\t\t<\/div>\n\t\t\t\t\t<\/div>\n\t\t<\/div><div class=\"elementor-column elementor-col-50 elementor-top-column elementor-element elementor-element-jaxsqsc\" data-id=\"jaxsqsc\" data-element_type=\"column\">\n\t\t\t<div class=\"elementor-column-wrap elementor-element-populated\">\n\t\t\t\t\t\t\t<div class=\"elementor-widget-wrap\">\n\t\t\t\t\t\t<div class=\"elementor-element elementor-element-ytozpzs elementor-widget elementor-widget-text-editor\" data-id=\"ytozpzs\" data-element_type=\"widget\" data-widget_type=\"text-editor.default\">\n\t\t\t\t<div class=\"elementor-widget-container\">\n\t\t\t\t\t\t\t\t<div class=\"elementor-text-editor elementor-clearfix\">\n\t\t\t\t<p>\u00a0<\/p><p>\u00a0<\/p><p><img loading=\"lazy\" class=\"aligncenter  wp-image-220\" src=\"http:\/\/nouveau.baronnat.fr\/wp-content\/uploads\/2015\/02\/morgon-300x177.jpg\" alt=\"morgon\" width=\"202\" height=\"119\" \/><\/p><p>TECHNIQUE<\/p><p>Situation : le vignoble est situ\u00e9 dans le d\u00e9partement du Rh\u00f4ne au centre de l&rsquo;aire d&rsquo;appellation du Beaujolais, au sud de M\u00e2con.<\/p><p>Terroir : la vigne est cultiv\u00e9e sur des sols constitu\u00e9s de schistes d\u00e9compos\u00e9s.<\/p><p>C\u00e9page unique : Gamay noir \u00e0 jus blanc.<\/p><p>Vinification : mac\u00e9ration semi &#8211; carbonique et fermentation traditionnelle.<\/p><p>Elevage : en cuve puis en bouteilles.<\/p>\t\t\t\t\t<\/div>\n\t\t\t\t\t\t<\/div>\n\t\t\t\t<\/div>\n\t\t\t\t\t\t<\/div>\n\t\t\t\t\t<\/div>\n\t\t<\/div>\n\t\t\t\t\t\t\t\t<\/div>\n\t\t\t\t\t<\/div>\n\t\t<\/section>\n\t\t\t\t<section class=\"elementor-section elementor-top-section elementor-element elementor-element-dxljmob elementor-section-boxed elementor-section-height-default elementor-section-height-default\" data-id=\"dxljmob\" data-element_type=\"section\">\n\t\t\t\t\t\t<div class=\"elementor-container elementor-column-gap-default\">\n\t\t\t\t\t\t\t<div class=\"elementor-row\">\n\t\t\t\t\t<div class=\"elementor-column elementor-col-100 elementor-top-column elementor-element elementor-element-wpsecvw\" data-id=\"wpsecvw\" data-element_type=\"column\">\n\t\t\t<div class=\"elementor-column-wrap elementor-element-populated\">\n\t\t\t\t\t\t\t<div class=\"elementor-widget-wrap\">\n\t\t\t\t\t\t<div class=\"elementor-element elementor-element-tbcertu elementor-widget elementor-widget-text-editor\" data-id=\"tbcertu\" data-element_type=\"widget\" data-widget_type=\"text-editor.default\">\n\t\t\t\t<div class=\"elementor-widget-container\">\n\t\t\t\t\t\t\t\t<div class=\"elementor-text-editor elementor-clearfix\">\n\t\t\t\t<p style=\"text-align: center;\">SERVICE : Temp\u00e9rature de service aux environs de 15\u00b0C. Id\u00e9al sur les viandes en sauce et les gibiers.<\/p>\t\t\t\t\t<\/div>\n\t\t\t\t\t\t<\/div>\n\t\t\t\t<\/div>\n\t\t\t\t\t\t<\/div>\n\t\t\t\t\t<\/div>\n\t\t<\/div>\n\t\t\t\t\t\t\t\t<\/div>\n\t\t\t\t\t<\/div>\n\t\t<\/section>\n\t\t\t\t\t\t<\/div>\n\t\t\t\t\t\t<\/div>\n\t\t\t\t\t<\/div>\n\t\t","protected":false},"excerpt":{"rendered":"<p>DEGUSTATION Robe rubis aux nuances grenat. Parfums typiques de fruits \u00e0 noyaux (griotte, p\u00eache, prune..), tr\u00e8s m\u00fbrs et de terroir. En bouche le vin r\u00e9v\u00e8le une grande finesse.Un corps ample et \u00e9quilibr\u00e9, il \u00ab\u00a0morgonne\u00a0\u00bb sans exc\u00e8s. \u00a0 \u00a0 TECHNIQUE Situation : le vignoble est situ\u00e9 dans le d\u00e9partement du Rh\u00f4ne au centre de l&rsquo;aire d&rsquo;appellation&#8230; <\/p>\n<div class=\"read-more navbutton\"><a href=\"http:\/\/nouveau.baronnat.fr\/?page_id=352\">Lire la suite<i class=\"fa fa-angle-double-right\"><\/i><\/a><\/div>\n","protected":false},"author":1,"featured_media":0,"parent":0,"menu_order":0,"comment_status":"closed","ping_status":"closed","template":"","meta":[],"_links":{"self":[{"href":"http:\/\/nouveau.baronnat.fr\/index.php?rest_route=\/wp\/v2\/pages\/352"}],"collection":[{"href":"http:\/\/nouveau.baronnat.fr\/index.php?rest_route=\/wp\/v2\/pages"}],"about":[{"href":"http:\/\/nouveau.baronnat.fr\/index.php?rest_route=\/wp\/v2\/types\/page"}],"author":[{"embeddable":true,"href":"http:\/\/nouveau.baronnat.fr\/index.php?rest_route=\/wp\/v2\/users\/1"}],"replies":[{"embeddable":true,"href":"http:\/\/nouveau.baronnat.fr\/index.php?rest_route=%2Fwp%2Fv2%2Fcomments&post=352"}],"version-history":[{"count":0,"href":"http:\/\/nouveau.baronnat.fr\/index.php?rest_route=\/wp\/v2\/pages\/352\/revisions"}],"wp:attachment":[{"href":"http:\/\/nouveau.baronnat.fr\/index.php?rest_route=%2Fwp%2Fv2%2Fmedia&parent=352"}],"curies":[{"name":"wp","href":"https:\/\/api.w.org\/{rel}","templated":true}]}}