{"id":354,"date":"2015-03-14T18:32:20","date_gmt":"2015-03-14T17:32:20","guid":{"rendered":"http:\/\/127.0.0.1:4001\/wordpress\/?page_id=354"},"modified":"2017-03-18T16:49:54","modified_gmt":"2017-03-18T14:49:54","slug":"regnie-jean-baronnat","status":"publish","type":"page","link":"http:\/\/nouveau.baronnat.fr\/?page_id=354","title":{"rendered":"R\u00e9gni\u00e9"},"content":{"rendered":"\t\t<div data-elementor-type=\"wp-page\" data-elementor-id=\"354\" class=\"elementor elementor-354 elementor-bc-flex-widget\" data-elementor-settings=\"[]\">\n\t\t\t\t\t\t<div class=\"elementor-inner\">\n\t\t\t\t\t\t\t<div class=\"elementor-section-wrap\">\n\t\t\t\t\t\t\t<section class=\"elementor-section elementor-top-section elementor-element elementor-element-ucunzpi elementor-section-boxed elementor-section-height-default elementor-section-height-default\" data-id=\"ucunzpi\" data-element_type=\"section\">\n\t\t\t\t\t\t<div class=\"elementor-container elementor-column-gap-default\">\n\t\t\t\t\t\t\t<div class=\"elementor-row\">\n\t\t\t\t\t<div class=\"elementor-column elementor-col-50 elementor-top-column elementor-element elementor-element-uxzmktx\" data-id=\"uxzmktx\" data-element_type=\"column\">\n\t\t\t<div class=\"elementor-column-wrap elementor-element-populated\">\n\t\t\t\t\t\t\t<div class=\"elementor-widget-wrap\">\n\t\t\t\t\t\t<div class=\"elementor-element elementor-element-etcgure elementor-widget elementor-widget-text-editor\" data-id=\"etcgure\" data-element_type=\"widget\" data-widget_type=\"text-editor.default\">\n\t\t\t\t<div class=\"elementor-widget-container\">\n\t\t\t\t\t\t\t\t<div class=\"elementor-text-editor elementor-clearfix\">\n\t\t\t\t<p><a href=\"http:\/\/nouveau.baronnat.fr\/wp-content\/uploads\/2015\/02\/regnie.jpg\"><img loading=\"lazy\" class=\"size-medium wp-image-187 aligncenter\" src=\"http:\/\/nouveau.baronnat.fr\/wp-content\/uploads\/2015\/02\/regnie-85x300.jpg\" alt=\"etiq_regnie\" width=\"85\" height=\"300\" srcset=\"http:\/\/nouveau.baronnat.fr\/wp-content\/uploads\/2015\/02\/regnie-85x300.jpg 85w, http:\/\/nouveau.baronnat.fr\/wp-content\/uploads\/2015\/02\/regnie-289x1024.jpg 289w, http:\/\/nouveau.baronnat.fr\/wp-content\/uploads\/2015\/02\/regnie.jpg 300w\" sizes=\"(max-width: 85px) 100vw, 85px\" \/><\/a><\/p><p>DEGUSTATION<\/p><p>Robe d&rsquo;un beau rouge cerise soutenu et brillant.<br \/> Nez tr\u00e8s aromatique m\u00ealant harmonieusement, fruits rouges et senteurs d&rsquo;arbustes \u00e0 fleurs.<br \/> La bouche est souple et persistante.<br \/> Ce R\u00e9gni\u00e9, tr\u00e8s \u00e9l\u00e9gant, pr\u00e9sente une belle structure.<\/p>\t\t\t\t\t<\/div>\n\t\t\t\t\t\t<\/div>\n\t\t\t\t<\/div>\n\t\t\t\t\t\t<\/div>\n\t\t\t\t\t<\/div>\n\t\t<\/div><div class=\"elementor-column elementor-col-50 elementor-top-column elementor-element elementor-element-ssdqfav\" data-id=\"ssdqfav\" data-element_type=\"column\">\n\t\t\t<div class=\"elementor-column-wrap elementor-element-populated\">\n\t\t\t\t\t\t\t<div class=\"elementor-widget-wrap\">\n\t\t\t\t\t\t<div class=\"elementor-element elementor-element-wmzwhcu elementor-widget elementor-widget-text-editor\" data-id=\"wmzwhcu\" data-element_type=\"widget\" data-widget_type=\"text-editor.default\">\n\t\t\t\t<div class=\"elementor-widget-container\">\n\t\t\t\t\t\t\t\t<div class=\"elementor-text-editor elementor-clearfix\">\n\t\t\t\t<p>\u00a0<\/p><p>\u00a0<\/p><p><img loading=\"lazy\" class=\"aligncenter  wp-image-195\" src=\"http:\/\/nouveau.baronnat.fr\/wp-content\/uploads\/2015\/02\/regnie1-300x174.jpg\" alt=\"etiq_regnie\" width=\"216\" height=\"125\" srcset=\"http:\/\/nouveau.baronnat.fr\/wp-content\/uploads\/2015\/02\/regnie1-300x174.jpg 300w, http:\/\/nouveau.baronnat.fr\/wp-content\/uploads\/2015\/02\/regnie1-500x290.jpg 500w, http:\/\/nouveau.baronnat.fr\/wp-content\/uploads\/2015\/02\/regnie1.jpg 706w\" sizes=\"(max-width: 216px) 100vw, 216px\" \/><\/p><p>TECHNIQUE<\/p><p>Situation : le vignoble est situ\u00e9 dans le d\u00e9partement du Rh\u00f4ne au centre de la r\u00e9gion Beaujolaise, entre Villefranche &#8211; sur &#8211; Sa\u00f4ne et M\u00e2con.<\/p><p>Terroir : la vigne est cultiv\u00e9e sur des sols granitiques et sablonneux.<\/p><p>C\u00e9page unique : Gamay noir \u00e0 jus blanc.<\/p><p>Vinification : mac\u00e9ration semi &#8211; carbonique et fermentation traditionnelle.<\/p><p>Elevage : en cuve puis en bouteilles.<\/p>\t\t\t\t\t<\/div>\n\t\t\t\t\t\t<\/div>\n\t\t\t\t<\/div>\n\t\t\t\t\t\t<\/div>\n\t\t\t\t\t<\/div>\n\t\t<\/div>\n\t\t\t\t\t\t\t\t<\/div>\n\t\t\t\t\t<\/div>\n\t\t<\/section>\n\t\t\t\t<section class=\"elementor-section elementor-top-section elementor-element elementor-element-vkpbrfs elementor-section-boxed elementor-section-height-default elementor-section-height-default\" data-id=\"vkpbrfs\" data-element_type=\"section\">\n\t\t\t\t\t\t<div class=\"elementor-container elementor-column-gap-default\">\n\t\t\t\t\t\t\t<div class=\"elementor-row\">\n\t\t\t\t\t<div class=\"elementor-column elementor-col-100 elementor-top-column elementor-element elementor-element-czigxub\" data-id=\"czigxub\" data-element_type=\"column\">\n\t\t\t<div class=\"elementor-column-wrap elementor-element-populated\">\n\t\t\t\t\t\t\t<div class=\"elementor-widget-wrap\">\n\t\t\t\t\t\t<div class=\"elementor-element elementor-element-eerwadb elementor-widget elementor-widget-text-editor\" data-id=\"eerwadb\" data-element_type=\"widget\" data-widget_type=\"text-editor.default\">\n\t\t\t\t<div class=\"elementor-widget-container\">\n\t\t\t\t\t\t\t\t<div class=\"elementor-text-editor elementor-clearfix\">\n\t\t\t\t<p style=\"text-align: center;\">SERVICE :\u00a0Temp\u00e9rature de service aux environs de 14\u00b0C.\u00a0Id\u00e9al sur les entr\u00e9es chaudes et les volailles pr\u00e9par\u00e9es.<\/p>\t\t\t\t\t<\/div>\n\t\t\t\t\t\t<\/div>\n\t\t\t\t<\/div>\n\t\t\t\t\t\t<\/div>\n\t\t\t\t\t<\/div>\n\t\t<\/div>\n\t\t\t\t\t\t\t\t<\/div>\n\t\t\t\t\t<\/div>\n\t\t<\/section>\n\t\t\t\t\t\t<\/div>\n\t\t\t\t\t\t<\/div>\n\t\t\t\t\t<\/div>\n\t\t","protected":false},"excerpt":{"rendered":"<p>DEGUSTATION Robe d&rsquo;un beau rouge cerise soutenu et brillant. Nez tr\u00e8s aromatique m\u00ealant harmonieusement, fruits rouges et senteurs d&rsquo;arbustes \u00e0 fleurs. La bouche est souple et persistante. Ce R\u00e9gni\u00e9, tr\u00e8s \u00e9l\u00e9gant, pr\u00e9sente une belle structure. \u00a0 \u00a0 TECHNIQUE Situation : le vignoble est situ\u00e9 dans le d\u00e9partement du Rh\u00f4ne au centre de la r\u00e9gion Beaujolaise,&#8230; <\/p>\n<div class=\"read-more navbutton\"><a href=\"http:\/\/nouveau.baronnat.fr\/?page_id=354\">Lire la suite<i class=\"fa fa-angle-double-right\"><\/i><\/a><\/div>\n","protected":false},"author":1,"featured_media":0,"parent":0,"menu_order":0,"comment_status":"closed","ping_status":"closed","template":"","meta":[],"_links":{"self":[{"href":"http:\/\/nouveau.baronnat.fr\/index.php?rest_route=\/wp\/v2\/pages\/354"}],"collection":[{"href":"http:\/\/nouveau.baronnat.fr\/index.php?rest_route=\/wp\/v2\/pages"}],"about":[{"href":"http:\/\/nouveau.baronnat.fr\/index.php?rest_route=\/wp\/v2\/types\/page"}],"author":[{"embeddable":true,"href":"http:\/\/nouveau.baronnat.fr\/index.php?rest_route=\/wp\/v2\/users\/1"}],"replies":[{"embeddable":true,"href":"http:\/\/nouveau.baronnat.fr\/index.php?rest_route=%2Fwp%2Fv2%2Fcomments&post=354"}],"version-history":[{"count":0,"href":"http:\/\/nouveau.baronnat.fr\/index.php?rest_route=\/wp\/v2\/pages\/354\/revisions"}],"wp:attachment":[{"href":"http:\/\/nouveau.baronnat.fr\/index.php?rest_route=%2Fwp%2Fv2%2Fmedia&parent=354"}],"curies":[{"name":"wp","href":"https:\/\/api.w.org\/{rel}","templated":true}]}}