{"id":356,"date":"2015-03-14T18:30:25","date_gmt":"2015-03-14T17:30:25","guid":{"rendered":"http:\/\/127.0.0.1:4001\/wordpress\/?page_id=356"},"modified":"2017-03-09T21:08:36","modified_gmt":"2017-03-09T19:08:36","slug":"cote-de-brouilly-jean-baronnat","status":"publish","type":"page","link":"http:\/\/nouveau.baronnat.fr\/?page_id=356","title":{"rendered":"C\u00f4te de Brouilly"},"content":{"rendered":"\t\t<div data-elementor-type=\"wp-page\" data-elementor-id=\"356\" class=\"elementor elementor-356 elementor-bc-flex-widget\" data-elementor-settings=\"[]\">\n\t\t\t\t\t\t<div class=\"elementor-inner\">\n\t\t\t\t\t\t\t<div class=\"elementor-section-wrap\">\n\t\t\t\t\t\t\t<section class=\"elementor-section elementor-top-section elementor-element elementor-element-vfyfkaq elementor-section-boxed elementor-section-height-default elementor-section-height-default\" data-id=\"vfyfkaq\" data-element_type=\"section\">\n\t\t\t\t\t\t<div class=\"elementor-container elementor-column-gap-default\">\n\t\t\t\t\t\t\t<div class=\"elementor-row\">\n\t\t\t\t\t<div class=\"elementor-column elementor-col-50 elementor-top-column elementor-element elementor-element-rpmwgej\" data-id=\"rpmwgej\" data-element_type=\"column\">\n\t\t\t<div class=\"elementor-column-wrap elementor-element-populated\">\n\t\t\t\t\t\t\t<div class=\"elementor-widget-wrap\">\n\t\t\t\t\t\t<div class=\"elementor-element elementor-element-eacrnfr elementor-widget elementor-widget-text-editor\" data-id=\"eacrnfr\" data-element_type=\"widget\" data-widget_type=\"text-editor.default\">\n\t\t\t\t<div class=\"elementor-widget-container\">\n\t\t\t\t\t\t\t\t<div class=\"elementor-text-editor elementor-clearfix\">\n\t\t\t\t<p><a href=\"http:\/\/nouveau.baronnat.fr\/wp-content\/uploads\/2015\/02\/cote-de-brouilly.jpg\"><img loading=\"lazy\" class=\"size-medium wp-image-129 aligncenter\" src=\"http:\/\/nouveau.baronnat.fr\/wp-content\/uploads\/2015\/02\/cote-de-brouilly-88x300.jpg\" alt=\"photo_bouteille_cote_brouilly\" width=\"88\" height=\"300\" srcset=\"http:\/\/nouveau.baronnat.fr\/wp-content\/uploads\/2015\/02\/cote-de-brouilly-88x300.jpg 88w, http:\/\/nouveau.baronnat.fr\/wp-content\/uploads\/2015\/02\/cote-de-brouilly-299x1024.jpg 299w\" sizes=\"(max-width: 88px) 100vw, 88px\" \/><\/a><\/p><p><strong>DEGUSTATION<\/strong><\/p><p>Une robe pourpre, soutenue et brillante.Une dominante de fruits rouges au nez raisin frais, griotte et noyaux.Bouche puissante et \u00e9quilibr\u00e9e qui r\u00e9v\u00e8le quelques tanins en finale.Vin d&rsquo;une bonne persistance gustative.<\/p>\t\t\t\t\t<\/div>\n\t\t\t\t\t\t<\/div>\n\t\t\t\t<\/div>\n\t\t\t\t\t\t<\/div>\n\t\t\t\t\t<\/div>\n\t\t<\/div><div class=\"elementor-column elementor-col-50 elementor-top-column elementor-element elementor-element-kzvdcud\" data-id=\"kzvdcud\" data-element_type=\"column\">\n\t\t\t<div class=\"elementor-column-wrap elementor-element-populated\">\n\t\t\t\t\t\t\t<div class=\"elementor-widget-wrap\">\n\t\t\t\t\t\t<div class=\"elementor-element elementor-element-ngwicrf elementor-widget elementor-widget-text-editor\" data-id=\"ngwicrf\" data-element_type=\"widget\" data-widget_type=\"text-editor.default\">\n\t\t\t\t<div class=\"elementor-widget-container\">\n\t\t\t\t\t\t\t\t<div class=\"elementor-text-editor elementor-clearfix\">\n\t\t\t\t<p>\u00a0<\/p><p><img loading=\"lazy\" class=\"aligncenter  wp-image-130\" src=\"http:\/\/nouveau.baronnat.fr\/wp-content\/uploads\/2015\/02\/cote-de-brouilly1-300x173.jpg\" alt=\"etiq_cote_brouilly\" width=\"214\" height=\"123\" srcset=\"http:\/\/nouveau.baronnat.fr\/wp-content\/uploads\/2015\/02\/cote-de-brouilly1-300x173.jpg 300w, http:\/\/nouveau.baronnat.fr\/wp-content\/uploads\/2015\/02\/cote-de-brouilly1-500x288.jpg 500w, http:\/\/nouveau.baronnat.fr\/wp-content\/uploads\/2015\/02\/cote-de-brouilly1.jpg 708w\" sizes=\"(max-width: 214px) 100vw, 214px\" \/><\/p><p>TECHNIQUE<\/p><p>Situation : le vignoble est situ\u00e9 dans le d\u00e9partement du Rh\u00f4ne au centre du Beaujolais, sur les versants pentus et bien expos\u00e9s du Mont &#8211; Brouilly.<\/p><p>Terroir : la vigne est cultiv\u00e9e sur des sols constitu\u00e9s de granit et de schiste.<\/p><p>C\u00e9page unique : Gamay noir \u00e0 jus blanc.<\/p><p>Vinification : mac\u00e9ration semi -carbonique et fermentation traditionnelle.<\/p><p>Elevage : en cuve puis en bouteilles.<\/p>\t\t\t\t\t<\/div>\n\t\t\t\t\t\t<\/div>\n\t\t\t\t<\/div>\n\t\t\t\t\t\t<\/div>\n\t\t\t\t\t<\/div>\n\t\t<\/div>\n\t\t\t\t\t\t\t\t<\/div>\n\t\t\t\t\t<\/div>\n\t\t<\/section>\n\t\t\t\t<section class=\"elementor-section elementor-top-section elementor-element elementor-element-mqvqkvr elementor-section-boxed elementor-section-height-default elementor-section-height-default\" data-id=\"mqvqkvr\" data-element_type=\"section\">\n\t\t\t\t\t\t<div class=\"elementor-container elementor-column-gap-default\">\n\t\t\t\t\t\t\t<div class=\"elementor-row\">\n\t\t\t\t\t<div class=\"elementor-column elementor-col-100 elementor-top-column elementor-element elementor-element-cgpzcln\" data-id=\"cgpzcln\" data-element_type=\"column\">\n\t\t\t<div class=\"elementor-column-wrap elementor-element-populated\">\n\t\t\t\t\t\t\t<div class=\"elementor-widget-wrap\">\n\t\t\t\t\t\t<div class=\"elementor-element elementor-element-zkz2sva elementor-widget elementor-widget-text-editor\" data-id=\"zkz2sva\" data-element_type=\"widget\" data-widget_type=\"text-editor.default\">\n\t\t\t\t<div class=\"elementor-widget-container\">\n\t\t\t\t\t\t\t\t<div class=\"elementor-text-editor elementor-clearfix\">\n\t\t\t\t<p><img loading=\"lazy\" class=\"aligncenter wp-image-237 size-thumbnail\" src=\"http:\/\/nouveau.baronnat.fr\/wp-content\/uploads\/2015\/02\/ce-cote-de-brouilly-001-150x150.jpg\" alt=\"ce cote de brouilly 001\" width=\"150\" height=\"150\" \/><\/p>\t\t\t\t\t<\/div>\n\t\t\t\t\t\t<\/div>\n\t\t\t\t<\/div><div class=\"elementor-element elementor-element-eiafxax elementor-widget elementor-widget-text-editor\" data-id=\"eiafxax\" data-element_type=\"widget\" data-widget_type=\"text-editor.default\">\n\t\t\t\t<div class=\"elementor-widget-container\">\n\t\t\t\t\t\t\t\t<div class=\"elementor-text-editor elementor-clearfix\">\n\t\t\t\t<p style=\"text-align: center;\"><strong>SERVICE<\/strong> :\u00a0Temp\u00e9rature de service aux environs de 14\u00b0C.\u00a0Id\u00e9al sur les viandes en sauce et les fromages affin\u00e9s.<\/p>\t\t\t\t\t<\/div>\n\t\t\t\t\t\t<\/div>\n\t\t\t\t<\/div>\n\t\t\t\t\t\t<\/div>\n\t\t\t\t\t<\/div>\n\t\t<\/div>\n\t\t\t\t\t\t\t\t<\/div>\n\t\t\t\t\t<\/div>\n\t\t<\/section>\n\t\t\t\t\t\t<\/div>\n\t\t\t\t\t\t<\/div>\n\t\t\t\t\t<\/div>\n\t\t","protected":false},"excerpt":{"rendered":"<p>DEGUSTATION Une robe pourpre, soutenue et brillante.Une dominante de fruits rouges au nez raisin frais, griotte et noyaux.Bouche puissante et \u00e9quilibr\u00e9e qui r\u00e9v\u00e8le quelques tanins en finale.Vin d&rsquo;une bonne persistance gustative. \u00a0 TECHNIQUE Situation : le vignoble est situ\u00e9 dans le d\u00e9partement du Rh\u00f4ne au centre du Beaujolais, sur les versants pentus et bien expos\u00e9s&#8230; <\/p>\n<div class=\"read-more navbutton\"><a href=\"http:\/\/nouveau.baronnat.fr\/?page_id=356\">Lire la suite<i class=\"fa fa-angle-double-right\"><\/i><\/a><\/div>\n","protected":false},"author":1,"featured_media":0,"parent":0,"menu_order":0,"comment_status":"closed","ping_status":"closed","template":"","meta":[],"_links":{"self":[{"href":"http:\/\/nouveau.baronnat.fr\/index.php?rest_route=\/wp\/v2\/pages\/356"}],"collection":[{"href":"http:\/\/nouveau.baronnat.fr\/index.php?rest_route=\/wp\/v2\/pages"}],"about":[{"href":"http:\/\/nouveau.baronnat.fr\/index.php?rest_route=\/wp\/v2\/types\/page"}],"author":[{"embeddable":true,"href":"http:\/\/nouveau.baronnat.fr\/index.php?rest_route=\/wp\/v2\/users\/1"}],"replies":[{"embeddable":true,"href":"http:\/\/nouveau.baronnat.fr\/index.php?rest_route=%2Fwp%2Fv2%2Fcomments&post=356"}],"version-history":[{"count":0,"href":"http:\/\/nouveau.baronnat.fr\/index.php?rest_route=\/wp\/v2\/pages\/356\/revisions"}],"wp:attachment":[{"href":"http:\/\/nouveau.baronnat.fr\/index.php?rest_route=%2Fwp%2Fv2%2Fmedia&parent=356"}],"curies":[{"name":"wp","href":"https:\/\/api.w.org\/{rel}","templated":true}]}}