{"id":358,"date":"2015-03-14T18:22:11","date_gmt":"2015-03-14T17:22:11","guid":{"rendered":"http:\/\/127.0.0.1:4001\/wordpress\/?page_id=358"},"modified":"2017-03-08T20:49:37","modified_gmt":"2017-03-08T18:49:37","slug":"brouilly-jean-baronnat","status":"publish","type":"page","link":"http:\/\/nouveau.baronnat.fr\/?page_id=358","title":{"rendered":"Brouilly"},"content":{"rendered":"\t\t<div data-elementor-type=\"wp-page\" data-elementor-id=\"358\" class=\"elementor elementor-358 elementor-bc-flex-widget\" data-elementor-settings=\"[]\">\n\t\t\t\t\t\t<div class=\"elementor-inner\">\n\t\t\t\t\t\t\t<div class=\"elementor-section-wrap\">\n\t\t\t\t\t\t\t<section class=\"elementor-section elementor-top-section elementor-element elementor-element-pvfwiow elementor-section-boxed elementor-section-height-default elementor-section-height-default\" data-id=\"pvfwiow\" data-element_type=\"section\">\n\t\t\t\t\t\t<div class=\"elementor-container elementor-column-gap-default\">\n\t\t\t\t\t\t\t<div class=\"elementor-row\">\n\t\t\t\t\t<div class=\"elementor-column elementor-col-50 elementor-top-column elementor-element elementor-element-uopolmm\" data-id=\"uopolmm\" data-element_type=\"column\">\n\t\t\t<div class=\"elementor-column-wrap elementor-element-populated\">\n\t\t\t\t\t\t\t<div class=\"elementor-widget-wrap\">\n\t\t\t\t\t\t<div class=\"elementor-element elementor-element-vybiqsg elementor-widget elementor-widget-text-editor\" data-id=\"vybiqsg\" data-element_type=\"widget\" data-widget_type=\"text-editor.default\">\n\t\t\t\t<div class=\"elementor-widget-container\">\n\t\t\t\t\t\t\t\t<div class=\"elementor-text-editor elementor-clearfix\">\n\t\t\t\t<p><a href=\"http:\/\/nouveau.baronnat.fr\/wp-content\/uploads\/2015\/02\/brouilly.jpg\"><img loading=\"lazy\" class=\"size-medium wp-image-111 aligncenter\" src=\"http:\/\/nouveau.baronnat.fr\/wp-content\/uploads\/2015\/02\/brouilly-86x300.jpg\" alt=\"photo_bouteilles_brouilly\" width=\"86\" height=\"300\" srcset=\"http:\/\/nouveau.baronnat.fr\/wp-content\/uploads\/2015\/02\/brouilly-86x300.jpg 86w, http:\/\/nouveau.baronnat.fr\/wp-content\/uploads\/2015\/02\/brouilly-293x1024.jpg 293w, http:\/\/nouveau.baronnat.fr\/wp-content\/uploads\/2015\/02\/brouilly.jpg 300w\" sizes=\"(max-width: 86px) 100vw, 86px\" \/><\/a><\/p><p><strong>DEGUSTATION<\/strong><\/p><p>Robe d&rsquo;un rouge assez soutenu et brillant.<br \/> Nez aromatique aux parfums tr\u00e8s prononc\u00e9s de fruits rouges et de prunes.<br \/> Quelques notes de sous bois et champignon au 2\u00e8me nez.Belle attaque en bouche, le vin est bien \u00e9quilibr\u00e9 avec une pointe de tanin.<\/p><p><a href=\"http:\/\/nouveau.baronnat.fr\/wp-content\/uploads\/2015\/02\/brouilly1.jpg\">\u00a0<\/a><\/p>\t\t\t\t\t<\/div>\n\t\t\t\t\t\t<\/div>\n\t\t\t\t<\/div>\n\t\t\t\t\t\t<\/div>\n\t\t\t\t\t<\/div>\n\t\t<\/div><div class=\"elementor-column elementor-col-50 elementor-top-column elementor-element elementor-element-elnhbcd\" data-id=\"elnhbcd\" data-element_type=\"column\">\n\t\t\t<div class=\"elementor-column-wrap elementor-element-populated\">\n\t\t\t\t\t\t\t<div class=\"elementor-widget-wrap\">\n\t\t\t\t\t\t<div class=\"elementor-element elementor-element-opvdvsx elementor-widget elementor-widget-text-editor\" data-id=\"opvdvsx\" data-element_type=\"widget\" data-widget_type=\"text-editor.default\">\n\t\t\t\t<div class=\"elementor-widget-container\">\n\t\t\t\t\t\t\t\t<div class=\"elementor-text-editor elementor-clearfix\">\n\t\t\t\t<p>\u00a0<\/p><p><img loading=\"lazy\" class=\"aligncenter size-medium wp-image-112\" src=\"http:\/\/nouveau.baronnat.fr\/wp-content\/uploads\/2015\/02\/brouilly1-300x173.jpg\" alt=\"etiquette_brouilly\" width=\"300\" height=\"173\" srcset=\"http:\/\/nouveau.baronnat.fr\/wp-content\/uploads\/2015\/02\/brouilly1-300x173.jpg 300w, http:\/\/nouveau.baronnat.fr\/wp-content\/uploads\/2015\/02\/brouilly1-500x288.jpg 500w, http:\/\/nouveau.baronnat.fr\/wp-content\/uploads\/2015\/02\/brouilly1.jpg 711w\" sizes=\"(max-width: 300px) 100vw, 300px\" \/><\/p><p>\u00a0<\/p><p><strong>&#8211; Situation :<\/strong> Le vignoble est situ\u00e9 dans le d\u00e9partement du Rh\u00f4ne au centre de la r\u00e9gion Beaujolaise, au pied du Mont-Brouilly.<\/p><p>&#8211;<strong> Terroir :<\/strong> La vigne est cultiv\u00e9e sur des sols constitu\u00e9s de granit et de sable.<\/p><p>&#8211; <strong>C\u00e9page unique<\/strong> : <a href=\"http:\/\/baronnat.com\/default_zone\/fr\/html\/page-876.html\" target=\"\">gamay noir \u00e0 jus blanc<\/a><\/p><p>&#8211; <strong>Vinification <\/strong>: Mac\u00e9ration semi &#8211; carbonique et fermentation traditionnelle.<\/p><p>&#8211; <strong>Elevage <\/strong>: Elevage en cuve puis en bouteilles.<\/p>\t\t\t\t\t<\/div>\n\t\t\t\t\t\t<\/div>\n\t\t\t\t<\/div>\n\t\t\t\t\t\t<\/div>\n\t\t\t\t\t<\/div>\n\t\t<\/div>\n\t\t\t\t\t\t\t\t<\/div>\n\t\t\t\t\t<\/div>\n\t\t<\/section>\n\t\t\t\t<section class=\"elementor-section elementor-top-section elementor-element elementor-element-ixgmfpu elementor-section-boxed elementor-section-height-default elementor-section-height-default\" data-id=\"ixgmfpu\" data-element_type=\"section\">\n\t\t\t\t\t\t<div class=\"elementor-container elementor-column-gap-default\">\n\t\t\t\t\t\t\t<div class=\"elementor-row\">\n\t\t\t\t\t<div class=\"elementor-column elementor-col-100 elementor-top-column elementor-element elementor-element-yrrwnii\" data-id=\"yrrwnii\" data-element_type=\"column\">\n\t\t\t<div class=\"elementor-column-wrap elementor-element-populated\">\n\t\t\t\t\t\t\t<div class=\"elementor-widget-wrap\">\n\t\t\t\t\t\t<div class=\"elementor-element elementor-element-egzevib elementor-widget elementor-widget-text-editor\" data-id=\"egzevib\" data-element_type=\"widget\" data-widget_type=\"text-editor.default\">\n\t\t\t\t<div class=\"elementor-widget-container\">\n\t\t\t\t\t\t\t\t<div class=\"elementor-text-editor elementor-clearfix\">\n\t\t\t\t<p><strong>SERVICE<\/strong> :\u00a0Temp\u00e9rature de service aux environs de 14\u00b0C. Id\u00e9al sur des viandes rouges et les fromages \u00e0 p\u00e2te s\u00e8che.<\/p>\t\t\t\t\t<\/div>\n\t\t\t\t\t\t<\/div>\n\t\t\t\t<\/div>\n\t\t\t\t\t\t<\/div>\n\t\t\t\t\t<\/div>\n\t\t<\/div>\n\t\t\t\t\t\t\t\t<\/div>\n\t\t\t\t\t<\/div>\n\t\t<\/section>\n\t\t\t\t\t\t<\/div>\n\t\t\t\t\t\t<\/div>\n\t\t\t\t\t<\/div>\n\t\t","protected":false},"excerpt":{"rendered":"<p>DEGUSTATION Robe d&rsquo;un rouge assez soutenu et brillant. Nez aromatique aux parfums tr\u00e8s prononc\u00e9s de fruits rouges et de prunes. Quelques notes de sous bois et champignon au 2\u00e8me nez.Belle attaque en bouche, le vin est bien \u00e9quilibr\u00e9 avec une pointe de tanin. \u00a0 \u00a0 \u00a0 &#8211; Situation : Le vignoble est situ\u00e9 dans le&#8230; <\/p>\n<div class=\"read-more navbutton\"><a href=\"http:\/\/nouveau.baronnat.fr\/?page_id=358\">Lire la suite<i class=\"fa fa-angle-double-right\"><\/i><\/a><\/div>\n","protected":false},"author":1,"featured_media":0,"parent":0,"menu_order":0,"comment_status":"closed","ping_status":"closed","template":"","meta":[],"_links":{"self":[{"href":"http:\/\/nouveau.baronnat.fr\/index.php?rest_route=\/wp\/v2\/pages\/358"}],"collection":[{"href":"http:\/\/nouveau.baronnat.fr\/index.php?rest_route=\/wp\/v2\/pages"}],"about":[{"href":"http:\/\/nouveau.baronnat.fr\/index.php?rest_route=\/wp\/v2\/types\/page"}],"author":[{"embeddable":true,"href":"http:\/\/nouveau.baronnat.fr\/index.php?rest_route=\/wp\/v2\/users\/1"}],"replies":[{"embeddable":true,"href":"http:\/\/nouveau.baronnat.fr\/index.php?rest_route=%2Fwp%2Fv2%2Fcomments&post=358"}],"version-history":[{"count":0,"href":"http:\/\/nouveau.baronnat.fr\/index.php?rest_route=\/wp\/v2\/pages\/358\/revisions"}],"wp:attachment":[{"href":"http:\/\/nouveau.baronnat.fr\/index.php?rest_route=%2Fwp%2Fv2%2Fmedia&parent=358"}],"curies":[{"name":"wp","href":"https:\/\/api.w.org\/{rel}","templated":true}]}}