{"id":362,"date":"2015-03-14T18:31:46","date_gmt":"2015-03-14T17:31:46","guid":{"rendered":"http:\/\/127.0.0.1:4001\/wordpress\/?page_id=362"},"modified":"2018-09-19T18:32:42","modified_gmt":"2018-09-19T16:32:42","slug":"cotes-du-ventoux-jean-baronnat","status":"publish","type":"page","link":"http:\/\/nouveau.baronnat.fr\/?page_id=362","title":{"rendered":"Ventoux"},"content":{"rendered":"\t\t<div data-elementor-type=\"wp-page\" data-elementor-id=\"362\" class=\"elementor elementor-362 elementor-bc-flex-widget\" data-elementor-settings=\"[]\">\n\t\t\t\t\t\t<div class=\"elementor-inner\">\n\t\t\t\t\t\t\t<div class=\"elementor-section-wrap\">\n\t\t\t\t\t\t\t<section class=\"elementor-section elementor-top-section elementor-element elementor-element-tpndhau elementor-section-boxed elementor-section-height-default elementor-section-height-default\" data-id=\"tpndhau\" data-element_type=\"section\">\n\t\t\t\t\t\t<div class=\"elementor-container elementor-column-gap-default\">\n\t\t\t\t\t\t\t<div class=\"elementor-row\">\n\t\t\t\t\t<div class=\"elementor-column elementor-col-50 elementor-top-column elementor-element elementor-element-kcvphzo\" data-id=\"kcvphzo\" data-element_type=\"column\">\n\t\t\t<div class=\"elementor-column-wrap elementor-element-populated\">\n\t\t\t\t\t\t\t<div class=\"elementor-widget-wrap\">\n\t\t\t\t\t\t<div class=\"elementor-element elementor-element-eu6l2xn elementor-widget elementor-widget-text-editor\" data-id=\"eu6l2xn\" data-element_type=\"widget\" data-widget_type=\"text-editor.default\">\n\t\t\t\t<div class=\"elementor-widget-container\">\n\t\t\t\t\t\t\t\t<div class=\"elementor-text-editor elementor-clearfix\">\n\t\t\t\t<div id=\"attachment_363\" style=\"width: 94px\" class=\"wp-caption aligncenter\"><img loading=\"lazy\" aria-describedby=\"caption-attachment-363\" class=\"wp-image-363 size-medium\" src=\"http:\/\/nouveau.baronnat.fr\/wp-content\/uploads\/2015\/02\/cotes-du-ventoux_modif-84x300.jpg\" alt=\"photo bouteille cotes ventoux\" width=\"84\" height=\"300\" \/><p id=\"caption-attachment-363\" class=\"wp-caption-text\">la bouteille<\/p><\/div><p>\u00a0<\/p><p>DEGUSTATION<\/p><p>Robe d&rsquo;un rouge grenat assez soutenu et limpide.<br \/> Des \u00a0parfums prononc\u00e9s de fruits rouges (cassis) associes aux \u00e9pices et \u00e0 un boise fleuri.<br \/> L&rsquo;attaque en bouche est l\u00e9g\u00e8re et aromatique, les tanins sont souples et fondus.\u00a0C&rsquo;est un vin \u00e9l\u00e9gant et tr\u00e8s agr\u00e9able.<\/p>\t\t\t\t\t<\/div>\n\t\t\t\t\t\t<\/div>\n\t\t\t\t<\/div>\n\t\t\t\t\t\t<\/div>\n\t\t\t\t\t<\/div>\n\t\t<\/div><div class=\"elementor-column elementor-col-50 elementor-top-column elementor-element elementor-element-zcntqju\" data-id=\"zcntqju\" data-element_type=\"column\">\n\t\t\t<div class=\"elementor-column-wrap elementor-element-populated\">\n\t\t\t\t\t\t\t<div class=\"elementor-widget-wrap\">\n\t\t\t\t\t\t<div class=\"elementor-element elementor-element-ugnlunf elementor-widget elementor-widget-text-editor\" data-id=\"ugnlunf\" data-element_type=\"widget\" data-widget_type=\"text-editor.default\">\n\t\t\t\t<div class=\"elementor-widget-container\">\n\t\t\t\t\t\t\t\t<div class=\"elementor-text-editor elementor-clearfix\">\n\t\t\t\t<p>\u00a0<\/p><p><a href=\"http:\/\/nouveau.baronnat.fr\/wp-content\/uploads\/2015\/02\/cotes_ventoux.jpg\"><img loading=\"lazy\" class=\"wp-image-364\" src=\"http:\/\/nouveau.baronnat.fr\/wp-content\/uploads\/2015\/02\/cotes_ventoux-300x240.jpg\" alt=\"etiquette cotes ventoux\" width=\"289\" height=\"231\" srcset=\"http:\/\/nouveau.baronnat.fr\/wp-content\/uploads\/2015\/02\/cotes_ventoux-300x240.jpg 300w, http:\/\/nouveau.baronnat.fr\/wp-content\/uploads\/2015\/02\/cotes_ventoux.jpg 592w\" sizes=\"(max-width: 289px) 100vw, 289px\" \/><\/a> etiquette Cotes du Ventoux &#8211; Jean Baronnat &#8211;<\/p><p>\u00a0<\/p><p>TECHNIQUE<\/p><p>Situation : le vignoble est situ\u00e9 dans le d\u00e9partement du Vaucluse, au pied du massif du Mont &#8211; Ventoux.<br \/> Terroir : la vigne est cultiv\u00e9e sur des sols constitu\u00e9s de calcaire.<br \/> C\u00e9pages : assemblage de Syrah, Grenache, Cinsault, Mourv\u00e8dre et Carignan.<br \/> Vinification : vinification traditionnelle avec ma\u00eetrise des temp\u00e9ratures.\u00a0Elevage : en cuve puis en bouteilles.<\/p>\t\t\t\t\t<\/div>\n\t\t\t\t\t\t<\/div>\n\t\t\t\t<\/div>\n\t\t\t\t\t\t<\/div>\n\t\t\t\t\t<\/div>\n\t\t<\/div>\n\t\t\t\t\t\t\t\t<\/div>\n\t\t\t\t\t<\/div>\n\t\t<\/section>\n\t\t\t\t<section class=\"elementor-section elementor-top-section elementor-element elementor-element-rbkxnnj elementor-section-boxed elementor-section-height-default elementor-section-height-default\" data-id=\"rbkxnnj\" data-element_type=\"section\">\n\t\t\t\t\t\t<div class=\"elementor-container elementor-column-gap-default\">\n\t\t\t\t\t\t\t<div class=\"elementor-row\">\n\t\t\t\t\t<div class=\"elementor-column elementor-col-100 elementor-top-column elementor-element elementor-element-wkkpwqi\" data-id=\"wkkpwqi\" data-element_type=\"column\">\n\t\t\t<div class=\"elementor-column-wrap elementor-element-populated\">\n\t\t\t\t\t\t\t<div class=\"elementor-widget-wrap\">\n\t\t\t\t\t\t<div class=\"elementor-element elementor-element-nbmuvpx elementor-widget elementor-widget-text-editor\" data-id=\"nbmuvpx\" data-element_type=\"widget\" data-widget_type=\"text-editor.default\">\n\t\t\t\t<div class=\"elementor-widget-container\">\n\t\t\t\t\t\t\t\t<div class=\"elementor-text-editor elementor-clearfix\">\n\t\t\t\t<p style=\"text-align: center;\">SERVICE : Temp\u00e9rature de service aux environs de 14\u00b0C. Id\u00e9al sur les charcuteries, les volailles et les fromages.<\/p>\t\t\t\t\t<\/div>\n\t\t\t\t\t\t<\/div>\n\t\t\t\t<\/div>\n\t\t\t\t\t\t<\/div>\n\t\t\t\t\t<\/div>\n\t\t<\/div>\n\t\t\t\t\t\t\t\t<\/div>\n\t\t\t\t\t<\/div>\n\t\t<\/section>\n\t\t\t\t\t\t<\/div>\n\t\t\t\t\t\t<\/div>\n\t\t\t\t\t<\/div>\n\t\t","protected":false},"excerpt":{"rendered":"<p>DEGUSTATION Robe d&rsquo;un rouge grenat assez soutenu et limpide. Des \u00a0parfums prononc\u00e9s de fruits rouges (cassis) associes aux \u00e9pices et \u00e0 un boise fleuri. L&rsquo;attaque en bouche est l\u00e9g\u00e8re et aromatique, les tanins sont souples et fondus.\u00a0C&rsquo;est un vin \u00e9l\u00e9gant et tr\u00e8s agr\u00e9able. etiquette Cotes du Ventoux &#8211; Jean Baronnat &#8211; TECHNIQUE Situation : le&#8230; <\/p>\n<div class=\"read-more navbutton\"><a href=\"http:\/\/nouveau.baronnat.fr\/?page_id=362\">Lire la suite<i class=\"fa fa-angle-double-right\"><\/i><\/a><\/div>\n","protected":false},"author":1,"featured_media":0,"parent":0,"menu_order":0,"comment_status":"closed","ping_status":"closed","template":"","meta":[],"_links":{"self":[{"href":"http:\/\/nouveau.baronnat.fr\/index.php?rest_route=\/wp\/v2\/pages\/362"}],"collection":[{"href":"http:\/\/nouveau.baronnat.fr\/index.php?rest_route=\/wp\/v2\/pages"}],"about":[{"href":"http:\/\/nouveau.baronnat.fr\/index.php?rest_route=\/wp\/v2\/types\/page"}],"author":[{"embeddable":true,"href":"http:\/\/nouveau.baronnat.fr\/index.php?rest_route=\/wp\/v2\/users\/1"}],"replies":[{"embeddable":true,"href":"http:\/\/nouveau.baronnat.fr\/index.php?rest_route=%2Fwp%2Fv2%2Fcomments&post=362"}],"version-history":[{"count":1,"href":"http:\/\/nouveau.baronnat.fr\/index.php?rest_route=\/wp\/v2\/pages\/362\/revisions"}],"predecessor-version":[{"id":2070,"href":"http:\/\/nouveau.baronnat.fr\/index.php?rest_route=\/wp\/v2\/pages\/362\/revisions\/2070"}],"wp:attachment":[{"href":"http:\/\/nouveau.baronnat.fr\/index.php?rest_route=%2Fwp%2Fv2%2Fmedia&parent=362"}],"curies":[{"name":"wp","href":"https:\/\/api.w.org\/{rel}","templated":true}]}}