{"id":366,"date":"2015-03-14T18:31:46","date_gmt":"2015-03-14T17:31:46","guid":{"rendered":"http:\/\/127.0.0.1:4001\/wordpress\/?page_id=366"},"modified":"2017-03-13T13:06:23","modified_gmt":"2017-03-13T11:06:23","slug":"crozes-hermitage-les-engoulevents","status":"publish","type":"page","link":"http:\/\/nouveau.baronnat.fr\/?page_id=366","title":{"rendered":"Crozes-Hermitage \u00ab\u00a0Les engoulevents\u00a0\u00bb"},"content":{"rendered":"\t\t<div data-elementor-type=\"wp-page\" data-elementor-id=\"366\" class=\"elementor elementor-366 elementor-bc-flex-widget\" data-elementor-settings=\"[]\">\n\t\t\t\t\t\t<div class=\"elementor-inner\">\n\t\t\t\t\t\t\t<div class=\"elementor-section-wrap\">\n\t\t\t\t\t\t\t<section class=\"elementor-section elementor-top-section elementor-element elementor-element-pfpckkn elementor-section-boxed elementor-section-height-default elementor-section-height-default\" data-id=\"pfpckkn\" data-element_type=\"section\">\n\t\t\t\t\t\t<div class=\"elementor-container elementor-column-gap-default\">\n\t\t\t\t\t\t\t<div class=\"elementor-row\">\n\t\t\t\t\t<div class=\"elementor-column elementor-col-50 elementor-top-column elementor-element elementor-element-jhgvasy\" data-id=\"jhgvasy\" data-element_type=\"column\">\n\t\t\t<div class=\"elementor-column-wrap elementor-element-populated\">\n\t\t\t\t\t\t\t<div class=\"elementor-widget-wrap\">\n\t\t\t\t\t\t<div class=\"elementor-element elementor-element-hnnqgbq elementor-widget elementor-widget-text-editor\" data-id=\"hnnqgbq\" data-element_type=\"widget\" data-widget_type=\"text-editor.default\">\n\t\t\t\t<div class=\"elementor-widget-container\">\n\t\t\t\t\t\t\t\t<div class=\"elementor-text-editor elementor-clearfix\">\n\t\t\t\t<div id=\"attachment_368\" style=\"width: 91px\" class=\"wp-caption aligncenter\"><a href=\"http:\/\/nouveau.baronnat.fr\/wp-content\/uploads\/2015\/02\/crozes-hermitage_modif.jpg\"><img loading=\"lazy\" aria-describedby=\"caption-attachment-368\" class=\"wp-image-368 size-medium\" src=\"http:\/\/nouveau.baronnat.fr\/wp-content\/uploads\/2015\/02\/crozes-hermitage_modif-81x300.jpg\" alt=\"photo_bouteille_crozes_hermitage\" width=\"81\" height=\"300\" srcset=\"http:\/\/nouveau.baronnat.fr\/wp-content\/uploads\/2015\/02\/crozes-hermitage_modif-81x300.jpg 81w, http:\/\/nouveau.baronnat.fr\/wp-content\/uploads\/2015\/02\/crozes-hermitage_modif.jpg 260w\" sizes=\"(max-width: 81px) 100vw, 81px\" \/><\/a><p id=\"caption-attachment-368\" class=\"wp-caption-text\">la bouteille<\/p><\/div><p><strong>DEGUSTATION<\/strong><\/p><p>Robe soutenue, d&rsquo;une belle couleur pourpre.<br \/> Nez tr\u00e8s marqu\u00e9 par des fruits noirs et quelques notes de poivre.<br \/> En bouche le vin est tr\u00e8s agr\u00e9able avec des tanins souples et m\u00fbrs, beaucoup de gras caract\u00e9rise ce vin.<\/p>\t\t\t\t\t<\/div>\n\t\t\t\t\t\t<\/div>\n\t\t\t\t<\/div>\n\t\t\t\t\t\t<\/div>\n\t\t\t\t\t<\/div>\n\t\t<\/div><div class=\"elementor-column elementor-col-50 elementor-top-column elementor-element elementor-element-evqfzso\" data-id=\"evqfzso\" data-element_type=\"column\">\n\t\t\t<div class=\"elementor-column-wrap elementor-element-populated\">\n\t\t\t\t\t\t\t<div class=\"elementor-widget-wrap\">\n\t\t\t\t\t\t<div class=\"elementor-element elementor-element-nwvawrx elementor-widget elementor-widget-text-editor\" data-id=\"nwvawrx\" data-element_type=\"widget\" data-widget_type=\"text-editor.default\">\n\t\t\t\t<div class=\"elementor-widget-container\">\n\t\t\t\t\t\t\t\t<div class=\"elementor-text-editor elementor-clearfix\">\n\t\t\t\t<p>\u00a0<\/p><p>\u00a0<\/p><p style=\"text-align: center;\"><img loading=\"lazy\" class=\"wp-image-367 size-medium aligncenter\" src=\"http:\/\/nouveau.baronnat.fr\/wp-content\/uploads\/2015\/02\/crozes_hermitage_WEB-300x210.jpg\" alt=\"crozes_hermitage_WEB\" width=\"300\" height=\"210\" srcset=\"http:\/\/nouveau.baronnat.fr\/wp-content\/uploads\/2015\/02\/crozes_hermitage_WEB-300x210.jpg 300w, http:\/\/nouveau.baronnat.fr\/wp-content\/uploads\/2015\/02\/crozes_hermitage_WEB-1024x717.jpg 1024w, http:\/\/nouveau.baronnat.fr\/wp-content\/uploads\/2015\/02\/crozes_hermitage_WEB.jpg 1181w\" sizes=\"(max-width: 300px) 100vw, 300px\" \/>l&rsquo;\u00e9tiquette du crozes Hermitage<\/p><p><strong>TECHNIQUE<\/strong><\/p><p>Situation : le vignoble est situ\u00e9 sur les terrasses du Rh\u00f4ne, entre Vienne et Valence.<br \/> Terroir : la vigne est cultiv\u00e9e sur des sols constitu\u00e9s de granit.<br \/> C\u00e9page unique : Syrah.<br \/> Vinification : mac\u00e9ration traditionnelle des vins rouges de la Vall\u00e9e du Rh\u00f4ne. Elevage: en cuve puis en bouteilles.<\/p>\t\t\t\t\t<\/div>\n\t\t\t\t\t\t<\/div>\n\t\t\t\t<\/div>\n\t\t\t\t\t\t<\/div>\n\t\t\t\t\t<\/div>\n\t\t<\/div>\n\t\t\t\t\t\t\t\t<\/div>\n\t\t\t\t\t<\/div>\n\t\t<\/section>\n\t\t\t\t<section class=\"elementor-section elementor-top-section elementor-element elementor-element-xkrpgmt elementor-section-boxed elementor-section-height-default elementor-section-height-default\" data-id=\"xkrpgmt\" data-element_type=\"section\">\n\t\t\t\t\t\t<div class=\"elementor-container elementor-column-gap-default\">\n\t\t\t\t\t\t\t<div class=\"elementor-row\">\n\t\t\t\t\t<div class=\"elementor-column elementor-col-100 elementor-top-column elementor-element elementor-element-idbljlh\" data-id=\"idbljlh\" data-element_type=\"column\">\n\t\t\t<div class=\"elementor-column-wrap elementor-element-populated\">\n\t\t\t\t\t\t\t<div class=\"elementor-widget-wrap\">\n\t\t\t\t\t\t<div class=\"elementor-element elementor-element-jtdzvrj elementor-widget elementor-widget-text-editor\" data-id=\"jtdzvrj\" data-element_type=\"widget\" data-widget_type=\"text-editor.default\">\n\t\t\t\t<div class=\"elementor-widget-container\">\n\t\t\t\t\t\t\t\t<div class=\"elementor-text-editor elementor-clearfix\">\n\t\t\t\t<p style=\"text-align: center;\"><strong>SERVICE :\u00a0<\/strong>Temp\u00e9rature de service aux environs de 15\/16\u00b0C. \u00a0Id\u00e9al sur les viandes rouges, les gibiers et les fromages.<\/p>\t\t\t\t\t<\/div>\n\t\t\t\t\t\t<\/div>\n\t\t\t\t<\/div>\n\t\t\t\t\t\t<\/div>\n\t\t\t\t\t<\/div>\n\t\t<\/div>\n\t\t\t\t\t\t\t\t<\/div>\n\t\t\t\t\t<\/div>\n\t\t<\/section>\n\t\t\t\t\t\t<\/div>\n\t\t\t\t\t\t<\/div>\n\t\t\t\t\t<\/div>\n\t\t","protected":false},"excerpt":{"rendered":"<p>DEGUSTATION Robe soutenue, d&rsquo;une belle couleur pourpre. Nez tr\u00e8s marqu\u00e9 par des fruits noirs et quelques notes de poivre. En bouche le vin est tr\u00e8s agr\u00e9able avec des tanins souples et m\u00fbrs, beaucoup de gras caract\u00e9rise ce vin. \u00a0 \u00a0 l&rsquo;\u00e9tiquette du crozes Hermitage TECHNIQUE Situation : le vignoble est situ\u00e9 sur les terrasses du&#8230; <\/p>\n<div class=\"read-more navbutton\"><a href=\"http:\/\/nouveau.baronnat.fr\/?page_id=366\">Lire la suite<i class=\"fa fa-angle-double-right\"><\/i><\/a><\/div>\n","protected":false},"author":1,"featured_media":0,"parent":0,"menu_order":0,"comment_status":"closed","ping_status":"closed","template":"","meta":[],"_links":{"self":[{"href":"http:\/\/nouveau.baronnat.fr\/index.php?rest_route=\/wp\/v2\/pages\/366"}],"collection":[{"href":"http:\/\/nouveau.baronnat.fr\/index.php?rest_route=\/wp\/v2\/pages"}],"about":[{"href":"http:\/\/nouveau.baronnat.fr\/index.php?rest_route=\/wp\/v2\/types\/page"}],"author":[{"embeddable":true,"href":"http:\/\/nouveau.baronnat.fr\/index.php?rest_route=\/wp\/v2\/users\/1"}],"replies":[{"embeddable":true,"href":"http:\/\/nouveau.baronnat.fr\/index.php?rest_route=%2Fwp%2Fv2%2Fcomments&post=366"}],"version-history":[{"count":0,"href":"http:\/\/nouveau.baronnat.fr\/index.php?rest_route=\/wp\/v2\/pages\/366\/revisions"}],"wp:attachment":[{"href":"http:\/\/nouveau.baronnat.fr\/index.php?rest_route=%2Fwp%2Fv2%2Fmedia&parent=366"}],"curies":[{"name":"wp","href":"https:\/\/api.w.org\/{rel}","templated":true}]}}