{"id":370,"date":"2015-03-14T18:32:20","date_gmt":"2015-03-14T17:32:20","guid":{"rendered":"http:\/\/127.0.0.1:4001\/wordpress\/?page_id=370"},"modified":"2017-03-18T19:10:33","modified_gmt":"2017-03-18T17:10:33","slug":"saint-joseph-les-engoulevents","status":"publish","type":"page","link":"http:\/\/nouveau.baronnat.fr\/?page_id=370","title":{"rendered":"Saint Joseph &#8211; \u00a0\u00bb Les engoulevents \u00ab\u00a0"},"content":{"rendered":"\t\t<div data-elementor-type=\"wp-page\" data-elementor-id=\"370\" class=\"elementor elementor-370 elementor-bc-flex-widget\" data-elementor-settings=\"[]\">\n\t\t\t\t\t\t<div class=\"elementor-inner\">\n\t\t\t\t\t\t\t<div class=\"elementor-section-wrap\">\n\t\t\t\t\t\t\t<section class=\"elementor-section elementor-top-section elementor-element elementor-element-ajyzhpy elementor-section-boxed elementor-section-height-default elementor-section-height-default\" data-id=\"ajyzhpy\" data-element_type=\"section\">\n\t\t\t\t\t\t<div class=\"elementor-container elementor-column-gap-default\">\n\t\t\t\t\t\t\t<div class=\"elementor-row\">\n\t\t\t\t\t<div class=\"elementor-column elementor-col-50 elementor-top-column elementor-element elementor-element-sypgyuo\" data-id=\"sypgyuo\" data-element_type=\"column\">\n\t\t\t<div class=\"elementor-column-wrap elementor-element-populated\">\n\t\t\t\t\t\t\t<div class=\"elementor-widget-wrap\">\n\t\t\t\t\t\t<div class=\"elementor-element elementor-element-zghkfnq elementor-widget elementor-widget-text-editor\" data-id=\"zghkfnq\" data-element_type=\"widget\" data-widget_type=\"text-editor.default\">\n\t\t\t\t<div class=\"elementor-widget-container\">\n\t\t\t\t\t\t\t\t<div class=\"elementor-text-editor elementor-clearfix\">\n\t\t\t\t<p><a href=\"http:\/\/nouveau.baronnat.fr\/wp-content\/uploads\/2015\/02\/st-joseph.modif_.jpg\"><img loading=\"lazy\" class=\"size-medium wp-image-371 aligncenter\" src=\"http:\/\/nouveau.baronnat.fr\/wp-content\/uploads\/2015\/02\/st-joseph.modif_-76x300.jpg\" alt=\"photo_bouteille_saint_joseph\" width=\"76\" height=\"300\" srcset=\"http:\/\/nouveau.baronnat.fr\/wp-content\/uploads\/2015\/02\/st-joseph.modif_-76x300.jpg 76w, http:\/\/nouveau.baronnat.fr\/wp-content\/uploads\/2015\/02\/st-joseph.modif_.jpg 248w\" sizes=\"(max-width: 76px) 100vw, 76px\" \/><\/a><\/p><p>DEGUSTATION<\/p><p>Robe d&rsquo;un rouge soutenu aux reflets l\u00e9g\u00e8rement brunis.<br \/> Nez d&rsquo;une belle intensit\u00e9 avec des ar\u00f4mes de fruits cuits et de pruneaux avec des notes de r\u00e9glisse.<br \/> En bouche le vin est remarquable par sa rondeur et ses tanins soyeux.<\/p>\t\t\t\t\t<\/div>\n\t\t\t\t\t\t<\/div>\n\t\t\t\t<\/div>\n\t\t\t\t\t\t<\/div>\n\t\t\t\t\t<\/div>\n\t\t<\/div><div class=\"elementor-column elementor-col-50 elementor-top-column elementor-element elementor-element-jauotjs\" data-id=\"jauotjs\" data-element_type=\"column\">\n\t\t\t<div class=\"elementor-column-wrap elementor-element-populated\">\n\t\t\t\t\t\t\t<div class=\"elementor-widget-wrap\">\n\t\t\t\t\t\t<div class=\"elementor-element elementor-element-ruxmtil elementor-widget elementor-widget-text-editor\" data-id=\"ruxmtil\" data-element_type=\"widget\" data-widget_type=\"text-editor.default\">\n\t\t\t\t<div class=\"elementor-widget-container\">\n\t\t\t\t\t\t\t\t<div class=\"elementor-text-editor elementor-clearfix\">\n\t\t\t\t<p>\u00a0<\/p><p><img loading=\"lazy\" class=\"aligncenter wp-image-372 \" src=\"http:\/\/nouveau.baronnat.fr\/wp-content\/uploads\/2015\/02\/saint_joseph_retouch-300x206.jpg\" alt=\"etiquette_saint_joseph\" width=\"206\" height=\"142\" srcset=\"http:\/\/nouveau.baronnat.fr\/wp-content\/uploads\/2015\/02\/saint_joseph_retouch-300x206.jpg 300w, http:\/\/nouveau.baronnat.fr\/wp-content\/uploads\/2015\/02\/saint_joseph_retouch.jpg 927w\" sizes=\"(max-width: 206px) 100vw, 206px\" \/><\/p><p>TECHNIQUE<\/p><p>Situation : le vignoble, en coteaux, est situ\u00e9 sur la rive droite du Rh\u00f4ne, entre Vienne et Valence.<\/p><p>Terroir : la vigne est cultiv\u00e9e sur des sols constitu\u00e9s de granit.<\/p><p>C\u00e9page unique : Syrah.<\/p><p>Vinification : mac\u00e9ration traditionnelle des vins rouges de la Vall\u00e9e du Rh\u00f4ne.<\/p><p>Elevage : en cuve puis en bouteilles.<\/p>\t\t\t\t\t<\/div>\n\t\t\t\t\t\t<\/div>\n\t\t\t\t<\/div>\n\t\t\t\t\t\t<\/div>\n\t\t\t\t\t<\/div>\n\t\t<\/div>\n\t\t\t\t\t\t\t\t<\/div>\n\t\t\t\t\t<\/div>\n\t\t<\/section>\n\t\t\t\t<section class=\"elementor-section elementor-top-section elementor-element elementor-element-dufocvl elementor-section-boxed elementor-section-height-default elementor-section-height-default\" data-id=\"dufocvl\" data-element_type=\"section\">\n\t\t\t\t\t\t<div class=\"elementor-container elementor-column-gap-default\">\n\t\t\t\t\t\t\t<div class=\"elementor-row\">\n\t\t\t\t\t<div class=\"elementor-column elementor-col-100 elementor-top-column elementor-element elementor-element-adnjeak\" data-id=\"adnjeak\" data-element_type=\"column\">\n\t\t\t<div class=\"elementor-column-wrap elementor-element-populated\">\n\t\t\t\t\t\t\t<div class=\"elementor-widget-wrap\">\n\t\t\t\t\t\t<div class=\"elementor-element elementor-element-xqgorjg elementor-widget elementor-widget-text-editor\" data-id=\"xqgorjg\" data-element_type=\"widget\" data-widget_type=\"text-editor.default\">\n\t\t\t\t<div class=\"elementor-widget-container\">\n\t\t\t\t\t\t\t\t<div class=\"elementor-text-editor elementor-clearfix\">\n\t\t\t\t<p style=\"text-align: center;\">SERVICE :\u00a0Temp\u00e9rature de service aux environs de 16\u00b0C.\u00a0Id\u00e9al sur les viandes rouges, les gibiers et les fromages.<\/p>\t\t\t\t\t<\/div>\n\t\t\t\t\t\t<\/div>\n\t\t\t\t<\/div>\n\t\t\t\t\t\t<\/div>\n\t\t\t\t\t<\/div>\n\t\t<\/div>\n\t\t\t\t\t\t\t\t<\/div>\n\t\t\t\t\t<\/div>\n\t\t<\/section>\n\t\t\t\t\t\t<\/div>\n\t\t\t\t\t\t<\/div>\n\t\t\t\t\t<\/div>\n\t\t","protected":false},"excerpt":{"rendered":"<p>DEGUSTATION Robe d&rsquo;un rouge soutenu aux reflets l\u00e9g\u00e8rement brunis. Nez d&rsquo;une belle intensit\u00e9 avec des ar\u00f4mes de fruits cuits et de pruneaux avec des notes de r\u00e9glisse. En bouche le vin est remarquable par sa rondeur et ses tanins soyeux. \u00a0 TECHNIQUE Situation : le vignoble, en coteaux, est situ\u00e9 sur la rive droite du&#8230; <\/p>\n<div class=\"read-more navbutton\"><a href=\"http:\/\/nouveau.baronnat.fr\/?page_id=370\">Lire la suite<i class=\"fa fa-angle-double-right\"><\/i><\/a><\/div>\n","protected":false},"author":1,"featured_media":0,"parent":0,"menu_order":0,"comment_status":"closed","ping_status":"closed","template":"","meta":[],"_links":{"self":[{"href":"http:\/\/nouveau.baronnat.fr\/index.php?rest_route=\/wp\/v2\/pages\/370"}],"collection":[{"href":"http:\/\/nouveau.baronnat.fr\/index.php?rest_route=\/wp\/v2\/pages"}],"about":[{"href":"http:\/\/nouveau.baronnat.fr\/index.php?rest_route=\/wp\/v2\/types\/page"}],"author":[{"embeddable":true,"href":"http:\/\/nouveau.baronnat.fr\/index.php?rest_route=\/wp\/v2\/users\/1"}],"replies":[{"embeddable":true,"href":"http:\/\/nouveau.baronnat.fr\/index.php?rest_route=%2Fwp%2Fv2%2Fcomments&post=370"}],"version-history":[{"count":0,"href":"http:\/\/nouveau.baronnat.fr\/index.php?rest_route=\/wp\/v2\/pages\/370\/revisions"}],"wp:attachment":[{"href":"http:\/\/nouveau.baronnat.fr\/index.php?rest_route=%2Fwp%2Fv2%2Fmedia&parent=370"}],"curies":[{"name":"wp","href":"https:\/\/api.w.org\/{rel}","templated":true}]}}