{"id":374,"date":"2015-03-14T18:31:46","date_gmt":"2015-03-14T17:31:46","guid":{"rendered":"http:\/\/127.0.0.1:4001\/wordpress\/?page_id=374"},"modified":"2017-03-10T17:31:24","modified_gmt":"2017-03-10T15:31:24","slug":"coteaux-du-lyonnais-rouge-jean-baronnat","status":"publish","type":"page","link":"http:\/\/nouveau.baronnat.fr\/?page_id=374","title":{"rendered":"Coteaux du Lyonnais rouge"},"content":{"rendered":"\t\t<div data-elementor-type=\"wp-page\" data-elementor-id=\"374\" class=\"elementor elementor-374 elementor-bc-flex-widget\" data-elementor-settings=\"[]\">\n\t\t\t\t\t\t<div class=\"elementor-inner\">\n\t\t\t\t\t\t\t<div class=\"elementor-section-wrap\">\n\t\t\t\t\t\t\t<section class=\"elementor-section elementor-top-section elementor-element elementor-element-faglkbe elementor-section-boxed elementor-section-height-default elementor-section-height-default\" data-id=\"faglkbe\" data-element_type=\"section\">\n\t\t\t\t\t\t<div class=\"elementor-container elementor-column-gap-default\">\n\t\t\t\t\t\t\t<div class=\"elementor-row\">\n\t\t\t\t\t<div class=\"elementor-column elementor-col-50 elementor-top-column elementor-element elementor-element-wynxeqg\" data-id=\"wynxeqg\" data-element_type=\"column\">\n\t\t\t<div class=\"elementor-column-wrap elementor-element-populated\">\n\t\t\t\t\t\t\t<div class=\"elementor-widget-wrap\">\n\t\t\t\t\t\t<div class=\"elementor-element elementor-element-eulqwdq elementor-widget elementor-widget-text-editor\" data-id=\"eulqwdq\" data-element_type=\"widget\" data-widget_type=\"text-editor.default\">\n\t\t\t\t<div class=\"elementor-widget-container\">\n\t\t\t\t\t\t\t\t<div class=\"elementor-text-editor elementor-clearfix\">\n\t\t\t\t<p><a href=\"http:\/\/nouveau.baronnat.fr\/wp-content\/uploads\/2015\/02\/coteaux-du-lyonnais.modif_.jpg\"><img loading=\"lazy\" class=\"size-medium wp-image-376 aligncenter\" src=\"http:\/\/nouveau.baronnat.fr\/wp-content\/uploads\/2015\/02\/coteaux-du-lyonnais.modif_-77x300.jpg\" alt=\"photo_bouteille_coteaux_lyonnais\" width=\"77\" height=\"300\" srcset=\"http:\/\/nouveau.baronnat.fr\/wp-content\/uploads\/2015\/02\/coteaux-du-lyonnais.modif_-77x300.jpg 77w, http:\/\/nouveau.baronnat.fr\/wp-content\/uploads\/2015\/02\/coteaux-du-lyonnais.modif_.jpg 256w\" sizes=\"(max-width: 77px) 100vw, 77px\" \/><\/a><\/p><p style=\"text-align: center;\"><strong>DEGUSTATION<\/strong><\/p><p style=\"text-align: center;\">Robe d&rsquo;un beau rouge cerise brillant.<br \/> Nez tr\u00e8s aromatique \u00e0 dominante fruits rouges et senteurs florales.<br \/> En bouche le vin est tr\u00e8s agr\u00e9able, gouleyant et bien \u00e9quilibr\u00e9.<br \/> Vin tr\u00e8s typ\u00e9 de son appellation par son fruit\u00e9 et sa fra\u00eecheur.<\/p>\t\t\t\t\t<\/div>\n\t\t\t\t\t\t<\/div>\n\t\t\t\t<\/div>\n\t\t\t\t\t\t<\/div>\n\t\t\t\t\t<\/div>\n\t\t<\/div><div class=\"elementor-column elementor-col-50 elementor-top-column elementor-element elementor-element-jjtfvrm\" data-id=\"jjtfvrm\" data-element_type=\"column\">\n\t\t\t<div class=\"elementor-column-wrap elementor-element-populated\">\n\t\t\t\t\t\t\t<div class=\"elementor-widget-wrap\">\n\t\t\t\t\t\t<div class=\"elementor-element elementor-element-nthuvak elementor-widget elementor-widget-text-editor\" data-id=\"nthuvak\" data-element_type=\"widget\" data-widget_type=\"text-editor.default\">\n\t\t\t\t<div class=\"elementor-widget-container\">\n\t\t\t\t\t\t\t\t<div class=\"elementor-text-editor elementor-clearfix\">\n\t\t\t\t<p>\u00a0<\/p><p><img loading=\"lazy\" class=\"aligncenter size-medium wp-image-375\" src=\"http:\/\/nouveau.baronnat.fr\/wp-content\/uploads\/2015\/02\/coteaux_lyonnais_mod_phtflt-300x205.jpg\" alt=\"etiquette_coteaux_lyonnais\" width=\"300\" height=\"205\" srcset=\"http:\/\/nouveau.baronnat.fr\/wp-content\/uploads\/2015\/02\/coteaux_lyonnais_mod_phtflt-300x205.jpg 300w, http:\/\/nouveau.baronnat.fr\/wp-content\/uploads\/2015\/02\/coteaux_lyonnais_mod_phtflt.jpg 932w\" sizes=\"(max-width: 300px) 100vw, 300px\" \/><\/p><p>\u00a0<\/p><p><strong>TECHNIQUE<\/strong><\/p><p><strong>Situation<\/strong> : dans le d\u00e9partement du Rh\u00f4ne, le vignoble est situ\u00e9 dans les Monts du Lyonnais, \u00e0 l&rsquo;ouest de Lyon.<br \/> <strong>Terroir<\/strong> : la vigne est cultiv\u00e9e sur des sols constitu\u00e9s de granit et de roches s\u00e9dimentaires.<br \/> <strong>C\u00e9page unique<\/strong> : Gamay noir \u00e0 jus blanc.<br \/> <strong>Vinification<\/strong> : mac\u00e9ration semi &#8211; carbonique et fermentation traditionnelle.<br \/> <strong>Elevage<\/strong> : en cuve puis en bouteilles.<\/p>\t\t\t\t\t<\/div>\n\t\t\t\t\t\t<\/div>\n\t\t\t\t<\/div>\n\t\t\t\t\t\t<\/div>\n\t\t\t\t\t<\/div>\n\t\t<\/div>\n\t\t\t\t\t\t\t\t<\/div>\n\t\t\t\t\t<\/div>\n\t\t<\/section>\n\t\t\t\t<section class=\"elementor-section elementor-top-section elementor-element elementor-element-wbslxnw elementor-section-boxed elementor-section-height-default elementor-section-height-default\" data-id=\"wbslxnw\" data-element_type=\"section\">\n\t\t\t\t\t\t<div class=\"elementor-container elementor-column-gap-default\">\n\t\t\t\t\t\t\t<div class=\"elementor-row\">\n\t\t\t\t\t<div class=\"elementor-column elementor-col-100 elementor-top-column elementor-element elementor-element-ubdhrvn\" data-id=\"ubdhrvn\" data-element_type=\"column\">\n\t\t\t<div class=\"elementor-column-wrap elementor-element-populated\">\n\t\t\t\t\t\t\t<div class=\"elementor-widget-wrap\">\n\t\t\t\t\t\t<div class=\"elementor-element elementor-element-zmqctab elementor-widget elementor-widget-text-editor\" data-id=\"zmqctab\" data-element_type=\"widget\" data-widget_type=\"text-editor.default\">\n\t\t\t\t<div class=\"elementor-widget-container\">\n\t\t\t\t\t\t\t\t<div class=\"elementor-text-editor elementor-clearfix\">\n\t\t\t\t<p style=\"text-align: center;\"><strong>SERVICE<\/strong> :\u00a0Temp\u00e9rature de service aux environs de 12-13\u00b0C. Id\u00e9al sur les viandes blanches et charcuteries Lyonnaises.<\/p>\t\t\t\t\t<\/div>\n\t\t\t\t\t\t<\/div>\n\t\t\t\t<\/div>\n\t\t\t\t\t\t<\/div>\n\t\t\t\t\t<\/div>\n\t\t<\/div>\n\t\t\t\t\t\t\t\t<\/div>\n\t\t\t\t\t<\/div>\n\t\t<\/section>\n\t\t\t\t\t\t<\/div>\n\t\t\t\t\t\t<\/div>\n\t\t\t\t\t<\/div>\n\t\t","protected":false},"excerpt":{"rendered":"<p>DEGUSTATION Robe d&rsquo;un beau rouge cerise brillant. Nez tr\u00e8s aromatique \u00e0 dominante fruits rouges et senteurs florales. En bouche le vin est tr\u00e8s agr\u00e9able, gouleyant et bien \u00e9quilibr\u00e9. Vin tr\u00e8s typ\u00e9 de son appellation par son fruit\u00e9 et sa fra\u00eecheur. \u00a0 \u00a0 TECHNIQUE Situation : dans le d\u00e9partement du Rh\u00f4ne, le vignoble est situ\u00e9 dans&#8230; <\/p>\n<div class=\"read-more navbutton\"><a href=\"http:\/\/nouveau.baronnat.fr\/?page_id=374\">Lire la suite<i class=\"fa fa-angle-double-right\"><\/i><\/a><\/div>\n","protected":false},"author":1,"featured_media":0,"parent":0,"menu_order":0,"comment_status":"closed","ping_status":"closed","template":"","meta":[],"_links":{"self":[{"href":"http:\/\/nouveau.baronnat.fr\/index.php?rest_route=\/wp\/v2\/pages\/374"}],"collection":[{"href":"http:\/\/nouveau.baronnat.fr\/index.php?rest_route=\/wp\/v2\/pages"}],"about":[{"href":"http:\/\/nouveau.baronnat.fr\/index.php?rest_route=\/wp\/v2\/types\/page"}],"author":[{"embeddable":true,"href":"http:\/\/nouveau.baronnat.fr\/index.php?rest_route=\/wp\/v2\/users\/1"}],"replies":[{"embeddable":true,"href":"http:\/\/nouveau.baronnat.fr\/index.php?rest_route=%2Fwp%2Fv2%2Fcomments&post=374"}],"version-history":[{"count":0,"href":"http:\/\/nouveau.baronnat.fr\/index.php?rest_route=\/wp\/v2\/pages\/374\/revisions"}],"wp:attachment":[{"href":"http:\/\/nouveau.baronnat.fr\/index.php?rest_route=%2Fwp%2Fv2%2Fmedia&parent=374"}],"curies":[{"name":"wp","href":"https:\/\/api.w.org\/{rel}","templated":true}]}}