{"id":378,"date":"2015-03-14T18:24:28","date_gmt":"2015-03-14T16:24:28","guid":{"rendered":"http:\/\/127.0.0.1:4001\/wordpress\/?page_id=378"},"modified":"2019-10-02T20:14:58","modified_gmt":"2019-10-02T18:14:58","slug":"costieres-de-nimes-rouge-jean-baronnat","status":"publish","type":"page","link":"http:\/\/nouveau.baronnat.fr\/?page_id=378","title":{"rendered":"Costi\u00e8res de N\u00eemes"},"content":{"rendered":"\t\t<div data-elementor-type=\"wp-page\" data-elementor-id=\"378\" class=\"elementor elementor-378\" data-elementor-settings=\"[]\">\n\t\t\t\t\t\t<div class=\"elementor-inner\">\n\t\t\t\t\t\t\t<div class=\"elementor-section-wrap\">\n\t\t\t\t\t\t\t<section class=\"elementor-section elementor-top-section elementor-element elementor-element-irrmesj elementor-section-boxed elementor-section-height-default elementor-section-height-default\" data-id=\"irrmesj\" data-element_type=\"section\">\n\t\t\t\t\t\t<div class=\"elementor-container elementor-column-gap-default\">\n\t\t\t\t\t\t\t<div class=\"elementor-row\">\n\t\t\t\t\t<div class=\"elementor-column elementor-col-50 elementor-top-column elementor-element elementor-element-tmnujkm\" data-id=\"tmnujkm\" data-element_type=\"column\">\n\t\t\t<div class=\"elementor-column-wrap elementor-element-populated\">\n\t\t\t\t\t\t\t<div class=\"elementor-widget-wrap\">\n\t\t\t\t\t\t<div class=\"elementor-element elementor-element-dfasiqe elementor-widget elementor-widget-text-editor\" data-id=\"dfasiqe\" data-element_type=\"widget\" data-widget_type=\"text-editor.default\">\n\t\t\t\t<div class=\"elementor-widget-container\">\n\t\t\t\t\t\t\t\t<div class=\"elementor-text-editor elementor-clearfix\">\n\t\t\t\t<p><a href=\"http:\/\/nouveau.baronnat.fr\/wp-content\/uploads\/2015\/02\/costieres_nimes-e1425054934923.jpg\"><img loading=\"lazy\" class=\"size-medium wp-image-380 aligncenter\" src=\"http:\/\/nouveau.baronnat.fr\/wp-content\/uploads\/2015\/02\/costieres_nimes-e1425054934923-77x300.jpg\" alt=\"photo_bouteille_costieres_nimes\" width=\"77\" height=\"300\" srcset=\"http:\/\/nouveau.baronnat.fr\/wp-content\/uploads\/2015\/02\/costieres_nimes-e1425054934923-77x300.jpg 77w, http:\/\/nouveau.baronnat.fr\/wp-content\/uploads\/2015\/02\/costieres_nimes-e1425054934923.jpg 172w\" sizes=\"(max-width: 77px) 100vw, 77px\" \/><\/a><\/p><p style=\"text-align: center;\"><strong>DEGUSTATION<\/strong><\/p><p style=\"text-align: center;\">Robe d&rsquo;un beau rouge soutenu, limpide et m\u00e2t.<br \/> Nez tr\u00e8s aromatique aux notes \u00e9volu\u00e9es de fruits noirs et cr\u00e8me de cassis.<br \/> Pr\u00e9sence de tanins et souplesse du vin s&rsquo;allient pour un parfait \u00e9quilibre.<a href=\"http:\/\/nouveau.baronnat.fr\/wp-content\/uploads\/2015\/02\/etiq_costieres_nimes.jpg\">\u00a0<\/a><\/p>\t\t\t\t\t<\/div>\n\t\t\t\t\t\t<\/div>\n\t\t\t\t<\/div>\n\t\t\t\t\t\t<\/div>\n\t\t\t\t\t<\/div>\n\t\t<\/div><div class=\"elementor-column elementor-col-50 elementor-top-column elementor-element elementor-element-vactoht\" data-id=\"vactoht\" data-element_type=\"column\">\n\t\t\t<div class=\"elementor-column-wrap elementor-element-populated\">\n\t\t\t\t\t\t\t<div class=\"elementor-widget-wrap\">\n\t\t\t\t\t\t<div class=\"elementor-element elementor-element-ziovwtd elementor-widget elementor-widget-text-editor\" data-id=\"ziovwtd\" data-element_type=\"widget\" data-widget_type=\"text-editor.default\">\n\t\t\t\t<div class=\"elementor-widget-container\">\n\t\t\t\t\t\t\t\t<div class=\"elementor-text-editor elementor-clearfix\">\n\t\t\t\t<p>\u00a0<\/p><p><img loading=\"lazy\" class=\"aligncenter size-medium wp-image-379\" src=\"http:\/\/nouveau.baronnat.fr\/wp-content\/uploads\/2015\/02\/etiq_costieres_nimes-300x216.jpg\" alt=\"etiquette_costieres_nimes\" width=\"300\" height=\"216\" srcset=\"http:\/\/nouveau.baronnat.fr\/wp-content\/uploads\/2015\/02\/etiq_costieres_nimes-300x216.jpg 300w, http:\/\/nouveau.baronnat.fr\/wp-content\/uploads\/2015\/02\/etiq_costieres_nimes.jpg 545w\" sizes=\"(max-width: 300px) 100vw, 300px\" \/><\/p><p>\u00a0<\/p><p><strong>TECHNIQUE<\/strong><\/p><p><strong>Situation<\/strong> : dans le d\u00e9partement du Gard, le vignoble est situ\u00e9 aux alentours de la ville de N\u00eemes.<strong><br \/> Terroir<\/strong> : la vigne est cultiv\u00e9e sur des sols argilo &#8211; calcaires.<strong><br \/> C\u00e9pages<\/strong> : assemblage de Grenache, Syrah, Cinsault et Mourv\u00e8dre.<strong><br \/> Vinification<\/strong> : traditionnelle avec une cuvaison moyenne de 8 \u00e0 10 jours.<br \/> <strong>Elevage<\/strong> : en cuve puis en bouteilles<\/p>\t\t\t\t\t<\/div>\n\t\t\t\t\t\t<\/div>\n\t\t\t\t<\/div>\n\t\t\t\t\t\t<\/div>\n\t\t\t\t\t<\/div>\n\t\t<\/div>\n\t\t\t\t\t\t\t\t<\/div>\n\t\t\t\t\t<\/div>\n\t\t<\/section>\n\t\t\t\t<section class=\"elementor-section elementor-top-section elementor-element elementor-element-burzyhc elementor-section-boxed elementor-section-height-default elementor-section-height-default\" data-id=\"burzyhc\" data-element_type=\"section\">\n\t\t\t\t\t\t<div class=\"elementor-container elementor-column-gap-default\">\n\t\t\t\t\t\t\t<div class=\"elementor-row\">\n\t\t\t\t\t<div class=\"elementor-column elementor-col-100 elementor-top-column elementor-element elementor-element-gwgshex\" data-id=\"gwgshex\" data-element_type=\"column\">\n\t\t\t<div class=\"elementor-column-wrap elementor-element-populated\">\n\t\t\t\t\t\t\t<div class=\"elementor-widget-wrap\">\n\t\t\t\t\t\t<div class=\"elementor-element elementor-element-aipufur elementor-widget elementor-widget-text-editor\" data-id=\"aipufur\" data-element_type=\"widget\" data-widget_type=\"text-editor.default\">\n\t\t\t\t<div class=\"elementor-widget-container\">\n\t\t\t\t\t\t\t\t<div class=\"elementor-text-editor elementor-clearfix\">\n\t\t\t\t<p style=\"text-align: center;\"><strong>SERVICE<\/strong> :\u00a0Temp\u00e9rature de service aux environs de 14\u00b0C.\u00a0Id\u00e9al sur grillades et fromages.<\/p>\t\t\t\t\t<\/div>\n\t\t\t\t\t\t<\/div>\n\t\t\t\t<\/div>\n\t\t\t\t\t\t<\/div>\n\t\t\t\t\t<\/div>\n\t\t<\/div>\n\t\t\t\t\t\t\t\t<\/div>\n\t\t\t\t\t<\/div>\n\t\t<\/section>\n\t\t\t\t<section class=\"elementor-section elementor-top-section elementor-element elementor-element-9062eda elementor-section-boxed elementor-section-height-default elementor-section-height-default\" data-id=\"9062eda\" data-element_type=\"section\">\n\t\t\t\t\t\t<div class=\"elementor-container elementor-column-gap-default\">\n\t\t\t\t\t\t\t<div class=\"elementor-row\">\n\t\t\t\t\t<div class=\"elementor-column elementor-col-50 elementor-top-column elementor-element elementor-element-80291e8\" data-id=\"80291e8\" data-element_type=\"column\">\n\t\t\t<div class=\"elementor-column-wrap elementor-element-populated\">\n\t\t\t\t\t\t\t<div class=\"elementor-widget-wrap\">\n\t\t\t\t\t\t<div class=\"elementor-element elementor-element-98df779 elementor-widget elementor-widget-image\" data-id=\"98df779\" data-element_type=\"widget\" data-widget_type=\"image.default\">\n\t\t\t\t<div class=\"elementor-widget-container\">\n\t\t\t\t\t\t\t\t<div class=\"elementor-image\">\n\t\t\t\t\t\t\t\t\t\t\t\t<img width=\"177\" height=\"223\" src=\"http:\/\/nouveau.baronnat.fr\/wp-content\/uploads\/2019\/10\/hachette_visuel-8.jpg\" class=\"attachment-large size-large\" alt=\"\" loading=\"lazy\" \/>\t\t\t\t\t\t\t\t\t\t\t\t\t\t<\/div>\n\t\t\t\t\t\t<\/div>\n\t\t\t\t<\/div>\n\t\t\t\t\t\t<\/div>\n\t\t\t\t\t<\/div>\n\t\t<\/div><div class=\"elementor-column elementor-col-50 elementor-top-column elementor-element elementor-element-c6aa2d7\" data-id=\"c6aa2d7\" data-element_type=\"column\">\n\t\t\t<div class=\"elementor-column-wrap\">\n\t\t\t\t\t\t\t<div class=\"elementor-widget-wrap\">\n\t\t\t\t\t\t\t\t<\/div>\n\t\t\t\t\t<\/div>\n\t\t<\/div>\n\t\t\t\t\t\t\t\t<\/div>\n\t\t\t\t\t<\/div>\n\t\t<\/section>\n\t\t\t\t\t\t<\/div>\n\t\t\t\t\t\t<\/div>\n\t\t\t\t\t<\/div>\n\t\t","protected":false},"excerpt":{"rendered":"<p>DEGUSTATION Robe d&rsquo;un beau rouge soutenu, limpide et m\u00e2t. Nez tr\u00e8s aromatique aux notes \u00e9volu\u00e9es de fruits noirs et cr\u00e8me de cassis. Pr\u00e9sence de tanins et souplesse du vin s&rsquo;allient pour un parfait \u00e9quilibre.\u00a0 \u00a0 \u00a0 TECHNIQUE Situation : dans le d\u00e9partement du Gard, le vignoble est situ\u00e9 aux alentours de la ville de N\u00eemes&#8230;. <\/p>\n<div class=\"read-more navbutton\"><a href=\"http:\/\/nouveau.baronnat.fr\/?page_id=378\">Lire la suite<i class=\"fa fa-angle-double-right\"><\/i><\/a><\/div>\n","protected":false},"author":1,"featured_media":0,"parent":0,"menu_order":0,"comment_status":"closed","ping_status":"closed","template":"","meta":[],"_links":{"self":[{"href":"http:\/\/nouveau.baronnat.fr\/index.php?rest_route=\/wp\/v2\/pages\/378"}],"collection":[{"href":"http:\/\/nouveau.baronnat.fr\/index.php?rest_route=\/wp\/v2\/pages"}],"about":[{"href":"http:\/\/nouveau.baronnat.fr\/index.php?rest_route=\/wp\/v2\/types\/page"}],"author":[{"embeddable":true,"href":"http:\/\/nouveau.baronnat.fr\/index.php?rest_route=\/wp\/v2\/users\/1"}],"replies":[{"embeddable":true,"href":"http:\/\/nouveau.baronnat.fr\/index.php?rest_route=%2Fwp%2Fv2%2Fcomments&post=378"}],"version-history":[{"count":2,"href":"http:\/\/nouveau.baronnat.fr\/index.php?rest_route=\/wp\/v2\/pages\/378\/revisions"}],"predecessor-version":[{"id":2346,"href":"http:\/\/nouveau.baronnat.fr\/index.php?rest_route=\/wp\/v2\/pages\/378\/revisions\/2346"}],"wp:attachment":[{"href":"http:\/\/nouveau.baronnat.fr\/index.php?rest_route=%2Fwp%2Fv2%2Fmedia&parent=378"}],"curies":[{"name":"wp","href":"https:\/\/api.w.org\/{rel}","templated":true}]}}