{"id":382,"date":"2015-03-14T18:31:45","date_gmt":"2015-03-14T17:31:45","guid":{"rendered":"http:\/\/127.0.0.1:4001\/wordpress\/?page_id=382"},"modified":"2017-03-09T21:26:26","modified_gmt":"2017-03-09T19:26:26","slug":"coteaux-daix-en-provence-terres-danais","status":"publish","type":"page","link":"http:\/\/nouveau.baronnat.fr\/?page_id=382","title":{"rendered":"Coteaux d&rsquo;Aix en Provence &#8211; Terre d&rsquo;Ana\u00efs &#8211;"},"content":{"rendered":"\t\t<div data-elementor-type=\"wp-page\" data-elementor-id=\"382\" class=\"elementor elementor-382 elementor-bc-flex-widget\" data-elementor-settings=\"[]\">\n\t\t\t\t\t\t<div class=\"elementor-inner\">\n\t\t\t\t\t\t\t<div class=\"elementor-section-wrap\">\n\t\t\t\t\t\t\t<section class=\"elementor-section elementor-top-section elementor-element elementor-element-ryvnyvk elementor-section-boxed elementor-section-height-default elementor-section-height-default\" data-id=\"ryvnyvk\" data-element_type=\"section\">\n\t\t\t\t\t\t<div class=\"elementor-container elementor-column-gap-default\">\n\t\t\t\t\t\t\t<div class=\"elementor-row\">\n\t\t\t\t\t<div class=\"elementor-column elementor-col-100 elementor-top-column elementor-element elementor-element-qqoktyg\" data-id=\"qqoktyg\" data-element_type=\"column\">\n\t\t\t<div class=\"elementor-column-wrap\">\n\t\t\t\t\t\t\t<div class=\"elementor-widget-wrap\">\n\t\t\t\t\t\t\t\t<\/div>\n\t\t\t\t\t<\/div>\n\t\t<\/div>\n\t\t\t\t\t\t\t\t<\/div>\n\t\t\t\t\t<\/div>\n\t\t<\/section>\n\t\t\t\t<section class=\"elementor-section elementor-top-section elementor-element elementor-element-pvuyhko elementor-section-boxed elementor-section-height-default elementor-section-height-default\" data-id=\"pvuyhko\" data-element_type=\"section\">\n\t\t\t\t\t\t<div class=\"elementor-container elementor-column-gap-default\">\n\t\t\t\t\t\t\t<div class=\"elementor-row\">\n\t\t\t\t\t<div class=\"elementor-column elementor-col-50 elementor-top-column elementor-element elementor-element-yyldsjj\" data-id=\"yyldsjj\" data-element_type=\"column\">\n\t\t\t<div class=\"elementor-column-wrap elementor-element-populated\">\n\t\t\t\t\t\t\t<div class=\"elementor-widget-wrap\">\n\t\t\t\t\t\t<div class=\"elementor-element elementor-element-kzxdfls elementor-widget elementor-widget-text-editor\" data-id=\"kzxdfls\" data-element_type=\"widget\" data-widget_type=\"text-editor.default\">\n\t\t\t\t<div class=\"elementor-widget-container\">\n\t\t\t\t\t\t\t\t<div class=\"elementor-text-editor elementor-clearfix\">\n\t\t\t\t<p><a href=\"http:\/\/nouveau.baronnat.fr\/wp-content\/uploads\/2015\/03\/coteaux_aix_provence_modif.jpg\"><img loading=\"lazy\" class=\"size-medium wp-image-383 aligncenter\" src=\"http:\/\/nouveau.baronnat.fr\/wp-content\/uploads\/2015\/03\/coteaux_aix_provence_modif-69x300.jpg\" alt=\"photo bouteille coteaux_aix_provence\" width=\"69\" height=\"300\" \/><\/a><\/p><p><strong>DEGUSTATION<\/strong><\/p><p>Robe d&rsquo;un rouge rubis brillant et limpide, aux reflets tr\u00e8s l\u00e9g\u00e8rement tuil\u00e9s.<\/p><p>Nez aux ar\u00f4mes intenses de fruits noirs et notamment de cassis alli\u00e9s \u00e0 des notes plus v\u00e9g\u00e9tales et florales.<\/p><p>Vin complet \u00e9quilibr\u00e9, et persistant aux tanins fondus et d&rsquo;une grande finesse.<\/p>\t\t\t\t\t<\/div>\n\t\t\t\t\t\t<\/div>\n\t\t\t\t<\/div>\n\t\t\t\t\t\t<\/div>\n\t\t\t\t\t<\/div>\n\t\t<\/div><div class=\"elementor-column elementor-col-50 elementor-top-column elementor-element elementor-element-ujyybij\" data-id=\"ujyybij\" data-element_type=\"column\">\n\t\t\t<div class=\"elementor-column-wrap elementor-element-populated\">\n\t\t\t\t\t\t\t<div class=\"elementor-widget-wrap\">\n\t\t\t\t\t\t<div class=\"elementor-element elementor-element-sdpxcej elementor-widget elementor-widget-text-editor\" data-id=\"sdpxcej\" data-element_type=\"widget\" data-widget_type=\"text-editor.default\">\n\t\t\t\t<div class=\"elementor-widget-container\">\n\t\t\t\t\t\t\t\t<div class=\"elementor-text-editor elementor-clearfix\">\n\t\t\t\t<p><img loading=\"lazy\" class=\"size-medium wp-image-384 aligncenter\" src=\"http:\/\/nouveau.baronnat.fr\/wp-content\/uploads\/2015\/03\/coteaux_aix_terre_anais_modif-300x231.jpg\" alt=\"etiquette_coteaux_aix_provence\" width=\"300\" height=\"231\" srcset=\"http:\/\/nouveau.baronnat.fr\/wp-content\/uploads\/2015\/03\/coteaux_aix_terre_anais_modif-300x231.jpg 300w, http:\/\/nouveau.baronnat.fr\/wp-content\/uploads\/2015\/03\/coteaux_aix_terre_anais_modif.jpg 585w\" sizes=\"(max-width: 300px) 100vw, 300px\" \/><\/p><p><strong>TECHNIQUE<\/strong><\/p><p>Situation : le vignoble est situ\u00e9 dans le d\u00e9partement des Bouches-du-Rh\u00f4ne, au nord de la ville d&rsquo;Aix-en-Provence.<\/p><p>Terroir : la vigne est cultiv\u00e9e sur des sols argilo &#8211; calcaires.<\/p><p>C\u00e9pages : assemblage de Grenache, Syrah et Cabernet &#8211; Sauvignon.<\/p><p>Vinification : vinification traditionnelle apr\u00e8s mac\u00e9ration de 8\/10 jours sous contr\u00f4le des temp\u00e9ratures.<\/p><p>Elevage : en cuve puis en bouteilles.<\/p>\t\t\t\t\t<\/div>\n\t\t\t\t\t\t<\/div>\n\t\t\t\t<\/div>\n\t\t\t\t\t\t<\/div>\n\t\t\t\t\t<\/div>\n\t\t<\/div>\n\t\t\t\t\t\t\t\t<\/div>\n\t\t\t\t\t<\/div>\n\t\t<\/section>\n\t\t\t\t<section class=\"elementor-section elementor-top-section elementor-element elementor-element-ehhsnqb elementor-section-boxed elementor-section-height-default elementor-section-height-default\" data-id=\"ehhsnqb\" data-element_type=\"section\">\n\t\t\t\t\t\t<div class=\"elementor-container elementor-column-gap-default\">\n\t\t\t\t\t\t\t<div class=\"elementor-row\">\n\t\t\t\t\t<div class=\"elementor-column elementor-col-100 elementor-top-column elementor-element elementor-element-ttfdbsr\" data-id=\"ttfdbsr\" data-element_type=\"column\">\n\t\t\t<div class=\"elementor-column-wrap elementor-element-populated\">\n\t\t\t\t\t\t\t<div class=\"elementor-widget-wrap\">\n\t\t\t\t\t\t<div class=\"elementor-element elementor-element-fnvltry elementor-widget elementor-widget-text-editor\" data-id=\"fnvltry\" data-element_type=\"widget\" data-widget_type=\"text-editor.default\">\n\t\t\t\t<div class=\"elementor-widget-container\">\n\t\t\t\t\t\t\t\t<div class=\"elementor-text-editor elementor-clearfix\">\n\t\t\t\t<p style=\"text-align: center;\"><strong>SERVICE<\/strong> :\u00a0Temp\u00e9rature de service aux environs de 14\u00b0C.Id\u00e9al sur viandes rouges grill\u00e9es ou en sauce, fromages l\u00e9gers.<\/p>\t\t\t\t\t<\/div>\n\t\t\t\t\t\t<\/div>\n\t\t\t\t<\/div>\n\t\t\t\t\t\t<\/div>\n\t\t\t\t\t<\/div>\n\t\t<\/div>\n\t\t\t\t\t\t\t\t<\/div>\n\t\t\t\t\t<\/div>\n\t\t<\/section>\n\t\t\t\t\t\t<\/div>\n\t\t\t\t\t\t<\/div>\n\t\t\t\t\t<\/div>\n\t\t","protected":false},"excerpt":{"rendered":"<p>DEGUSTATION Robe d&rsquo;un rouge rubis brillant et limpide, aux reflets tr\u00e8s l\u00e9g\u00e8rement tuil\u00e9s. Nez aux ar\u00f4mes intenses de fruits noirs et notamment de cassis alli\u00e9s \u00e0 des notes plus v\u00e9g\u00e9tales et florales. Vin complet \u00e9quilibr\u00e9, et persistant aux tanins fondus et d&rsquo;une grande finesse. TECHNIQUE Situation : le vignoble est situ\u00e9 dans le d\u00e9partement des&#8230; <\/p>\n<div class=\"read-more navbutton\"><a href=\"http:\/\/nouveau.baronnat.fr\/?page_id=382\">Lire la suite<i class=\"fa fa-angle-double-right\"><\/i><\/a><\/div>\n","protected":false},"author":1,"featured_media":0,"parent":0,"menu_order":0,"comment_status":"closed","ping_status":"closed","template":"","meta":[],"_links":{"self":[{"href":"http:\/\/nouveau.baronnat.fr\/index.php?rest_route=\/wp\/v2\/pages\/382"}],"collection":[{"href":"http:\/\/nouveau.baronnat.fr\/index.php?rest_route=\/wp\/v2\/pages"}],"about":[{"href":"http:\/\/nouveau.baronnat.fr\/index.php?rest_route=\/wp\/v2\/types\/page"}],"author":[{"embeddable":true,"href":"http:\/\/nouveau.baronnat.fr\/index.php?rest_route=\/wp\/v2\/users\/1"}],"replies":[{"embeddable":true,"href":"http:\/\/nouveau.baronnat.fr\/index.php?rest_route=%2Fwp%2Fv2%2Fcomments&post=382"}],"version-history":[{"count":0,"href":"http:\/\/nouveau.baronnat.fr\/index.php?rest_route=\/wp\/v2\/pages\/382\/revisions"}],"wp:attachment":[{"href":"http:\/\/nouveau.baronnat.fr\/index.php?rest_route=%2Fwp%2Fv2%2Fmedia&parent=382"}],"curies":[{"name":"wp","href":"https:\/\/api.w.org\/{rel}","templated":true}]}}