{"id":392,"date":"2015-03-14T18:23:41","date_gmt":"2015-03-14T16:23:41","guid":{"rendered":"http:\/\/127.0.0.1:4001\/wordpress\/?page_id=392"},"modified":"2017-03-09T20:06:04","modified_gmt":"2017-03-09T18:06:04","slug":"cepage-sauvignon-vin-de-pays-doc","status":"publish","type":"page","link":"http:\/\/nouveau.baronnat.fr\/?page_id=392","title":{"rendered":"C\u00e9page Sauvignon &#8211; IGP Oc blanc &#8211;"},"content":{"rendered":"\t\t<div data-elementor-type=\"wp-page\" data-elementor-id=\"392\" class=\"elementor elementor-392 elementor-bc-flex-widget\" data-elementor-settings=\"[]\">\n\t\t\t\t\t\t<div class=\"elementor-inner\">\n\t\t\t\t\t\t\t<div class=\"elementor-section-wrap\">\n\t\t\t\t\t\t\t<section class=\"elementor-section elementor-top-section elementor-element elementor-element-xvmeuix elementor-section-boxed elementor-section-height-default elementor-section-height-default\" data-id=\"xvmeuix\" data-element_type=\"section\">\n\t\t\t\t\t\t<div class=\"elementor-container elementor-column-gap-default\">\n\t\t\t\t\t\t\t<div class=\"elementor-row\">\n\t\t\t\t\t<div class=\"elementor-column elementor-col-50 elementor-top-column elementor-element elementor-element-rdrltzn\" data-id=\"rdrltzn\" data-element_type=\"column\">\n\t\t\t<div class=\"elementor-column-wrap elementor-element-populated\">\n\t\t\t\t\t\t\t<div class=\"elementor-widget-wrap\">\n\t\t\t\t\t\t<div class=\"elementor-element elementor-element-xnobodc elementor-widget elementor-widget-text-editor\" data-id=\"xnobodc\" data-element_type=\"widget\" data-widget_type=\"text-editor.default\">\n\t\t\t\t<div class=\"elementor-widget-container\">\n\t\t\t\t\t\t\t\t<div class=\"elementor-text-editor elementor-clearfix\">\n\t\t\t\t<p style=\"text-align: left;\"><a href=\"http:\/\/nouveau.baronnat.fr\/wp-content\/uploads\/2015\/03\/sauvignon_bordelaise-e1429201397225.jpg\"><img loading=\"lazy\" class=\"aligncenter wp-image-715 size-medium\" src=\"http:\/\/nouveau.baronnat.fr\/wp-content\/uploads\/2015\/03\/sauvignon_bordelaise-e1429201369193-81x300.jpg\" alt=\"sauvignon_bordelaise\" width=\"81\" height=\"300\" \/><\/a><\/p><p style=\"text-align: left;\"><strong>DEGUSTATION<\/strong><\/p><p>Robe dor\u00e9e p\u00e2le aux reflets brillants, vin cristallin.<br \/> Nez d&rsquo;une belle intensit\u00e9 aromatique, avec une dominante de fleurs blanches.<br \/> Bonne acidit\u00e9 et \u00e9quilibre g\u00e9n\u00e9ral en bouche, vin tout en finesse.<\/p>\t\t\t\t\t<\/div>\n\t\t\t\t\t\t<\/div>\n\t\t\t\t<\/div>\n\t\t\t\t\t\t<\/div>\n\t\t\t\t\t<\/div>\n\t\t<\/div><div class=\"elementor-column elementor-col-50 elementor-top-column elementor-element elementor-element-gametkc\" data-id=\"gametkc\" data-element_type=\"column\">\n\t\t\t<div class=\"elementor-column-wrap elementor-element-populated\">\n\t\t\t\t\t\t\t<div class=\"elementor-widget-wrap\">\n\t\t\t\t\t\t<div class=\"elementor-element elementor-element-fuakxmu elementor-widget elementor-widget-text-editor\" data-id=\"fuakxmu\" data-element_type=\"widget\" data-widget_type=\"text-editor.default\">\n\t\t\t\t<div class=\"elementor-widget-container\">\n\t\t\t\t\t\t\t\t<div class=\"elementor-text-editor elementor-clearfix\">\n\t\t\t\t<p><img loading=\"lazy\" class=\"aligncenter size-medium wp-image-393\" src=\"http:\/\/nouveau.baronnat.fr\/wp-content\/uploads\/2015\/03\/vin_pays_sauvignon-300x237.jpg\" alt=\"etiquette_sauvignon\" width=\"300\" height=\"237\" srcset=\"http:\/\/nouveau.baronnat.fr\/wp-content\/uploads\/2015\/03\/vin_pays_sauvignon-300x237.jpg 300w, http:\/\/nouveau.baronnat.fr\/wp-content\/uploads\/2015\/03\/vin_pays_sauvignon.jpg 585w\" sizes=\"(max-width: 300px) 100vw, 300px\" \/><\/p><p><strong>\u00a0TECHNIQUE<\/strong><\/p><p><br \/> <strong>Situation<\/strong> : dans le d\u00e9partement de l&rsquo;H\u00e9rault, le vignoble est situ\u00e9 au pied du massif du Larzac et domine l&rsquo;H\u00e9rault.<br \/> <strong>Terroir<\/strong> : la vigne est cultiv\u00e9e sur des sols caillouteux.<br \/> <strong>C\u00e9page unique<\/strong> : Sauvignon..<br \/> <strong>Vinification<\/strong> : en mac\u00e9ration pelliculaire avec une parfaite ma\u00eetrise des temp\u00e9ratures.<br \/> <strong>Elevage<\/strong> : en cuve puis en bouteilles.<\/p>\t\t\t\t\t<\/div>\n\t\t\t\t\t\t<\/div>\n\t\t\t\t<\/div>\n\t\t\t\t\t\t<\/div>\n\t\t\t\t\t<\/div>\n\t\t<\/div>\n\t\t\t\t\t\t\t\t<\/div>\n\t\t\t\t\t<\/div>\n\t\t<\/section>\n\t\t\t\t<section class=\"elementor-section elementor-top-section elementor-element elementor-element-uzjfjvb elementor-section-boxed elementor-section-height-default elementor-section-height-default\" data-id=\"uzjfjvb\" data-element_type=\"section\">\n\t\t\t\t\t\t<div class=\"elementor-container elementor-column-gap-default\">\n\t\t\t\t\t\t\t<div class=\"elementor-row\">\n\t\t\t\t\t<div class=\"elementor-column elementor-col-100 elementor-top-column elementor-element elementor-element-izfvrer\" data-id=\"izfvrer\" data-element_type=\"column\">\n\t\t\t<div class=\"elementor-column-wrap elementor-element-populated\">\n\t\t\t\t\t\t\t<div class=\"elementor-widget-wrap\">\n\t\t\t\t\t\t<div class=\"elementor-element elementor-element-yudvjtc elementor-widget elementor-widget-text-editor\" data-id=\"yudvjtc\" data-element_type=\"widget\" data-widget_type=\"text-editor.default\">\n\t\t\t\t<div class=\"elementor-widget-container\">\n\t\t\t\t\t\t\t\t<div class=\"elementor-text-editor elementor-clearfix\">\n\t\t\t\t<p style=\"text-align: center;\">SERVICE : Temp\u00e9rature de service aux environs de 8\u00b0C. Id\u00e9al sur les fruits de mer.<\/p>\t\t\t\t\t<\/div>\n\t\t\t\t\t\t<\/div>\n\t\t\t\t<\/div>\n\t\t\t\t\t\t<\/div>\n\t\t\t\t\t<\/div>\n\t\t<\/div>\n\t\t\t\t\t\t\t\t<\/div>\n\t\t\t\t\t<\/div>\n\t\t<\/section>\n\t\t\t\t\t\t<\/div>\n\t\t\t\t\t\t<\/div>\n\t\t\t\t\t<\/div>\n\t\t","protected":false},"excerpt":{"rendered":"<p>DEGUSTATION Robe dor\u00e9e p\u00e2le aux reflets brillants, vin cristallin. Nez d&rsquo;une belle intensit\u00e9 aromatique, avec une dominante de fleurs blanches. Bonne acidit\u00e9 et \u00e9quilibre g\u00e9n\u00e9ral en bouche, vin tout en finesse. \u00a0TECHNIQUE Situation : dans le d\u00e9partement de l&rsquo;H\u00e9rault, le vignoble est situ\u00e9 au pied du massif du Larzac et domine l&rsquo;H\u00e9rault. Terroir : la&#8230; <\/p>\n<div class=\"read-more navbutton\"><a href=\"http:\/\/nouveau.baronnat.fr\/?page_id=392\">Lire la suite<i class=\"fa fa-angle-double-right\"><\/i><\/a><\/div>\n","protected":false},"author":1,"featured_media":0,"parent":0,"menu_order":0,"comment_status":"closed","ping_status":"closed","template":"","meta":[],"_links":{"self":[{"href":"http:\/\/nouveau.baronnat.fr\/index.php?rest_route=\/wp\/v2\/pages\/392"}],"collection":[{"href":"http:\/\/nouveau.baronnat.fr\/index.php?rest_route=\/wp\/v2\/pages"}],"about":[{"href":"http:\/\/nouveau.baronnat.fr\/index.php?rest_route=\/wp\/v2\/types\/page"}],"author":[{"embeddable":true,"href":"http:\/\/nouveau.baronnat.fr\/index.php?rest_route=\/wp\/v2\/users\/1"}],"replies":[{"embeddable":true,"href":"http:\/\/nouveau.baronnat.fr\/index.php?rest_route=%2Fwp%2Fv2%2Fcomments&post=392"}],"version-history":[{"count":0,"href":"http:\/\/nouveau.baronnat.fr\/index.php?rest_route=\/wp\/v2\/pages\/392\/revisions"}],"wp:attachment":[{"href":"http:\/\/nouveau.baronnat.fr\/index.php?rest_route=%2Fwp%2Fv2%2Fmedia&parent=392"}],"curies":[{"name":"wp","href":"https:\/\/api.w.org\/{rel}","templated":true}]}}