{"id":413,"date":"2015-03-14T16:56:58","date_gmt":"2015-03-14T15:56:58","guid":{"rendered":"http:\/\/127.0.0.1:4001\/wordpress\/?page_id=413"},"modified":"2019-10-02T19:57:42","modified_gmt":"2019-10-02T17:57:42","slug":"saint-veran-jean-baronnat","status":"publish","type":"page","link":"http:\/\/nouveau.baronnat.fr\/?page_id=413","title":{"rendered":"Saint V\u00e9ran"},"content":{"rendered":"\t\t<div data-elementor-type=\"wp-page\" data-elementor-id=\"413\" class=\"elementor elementor-413\" data-elementor-settings=\"[]\">\n\t\t\t\t\t\t<div class=\"elementor-inner\">\n\t\t\t\t\t\t\t<div class=\"elementor-section-wrap\">\n\t\t\t\t\t\t\t<section class=\"elementor-section elementor-top-section elementor-element elementor-element-gktbtxd elementor-section-boxed elementor-section-height-default elementor-section-height-default\" data-id=\"gktbtxd\" data-element_type=\"section\">\n\t\t\t\t\t\t<div class=\"elementor-container elementor-column-gap-default\">\n\t\t\t\t\t\t\t<div class=\"elementor-row\">\n\t\t\t\t\t<div class=\"elementor-column elementor-col-50 elementor-top-column elementor-element elementor-element-hlyddbk\" data-id=\"hlyddbk\" data-element_type=\"column\">\n\t\t\t<div class=\"elementor-column-wrap elementor-element-populated\">\n\t\t\t\t\t\t\t<div class=\"elementor-widget-wrap\">\n\t\t\t\t\t\t<div class=\"elementor-element elementor-element-halyxks elementor-widget elementor-widget-text-editor\" data-id=\"halyxks\" data-element_type=\"widget\" data-widget_type=\"text-editor.default\">\n\t\t\t\t<div class=\"elementor-widget-container\">\n\t\t\t\t\t\t\t\t<div class=\"elementor-text-editor elementor-clearfix\">\n\t\t\t\t<p><a href=\"http:\/\/nouveau.baronnat.fr\/wp-content\/uploads\/2015\/03\/saint_veran_etiq_autajon1.jpg\"><img loading=\"lazy\" class=\"wp-image-486 size-medium aligncenter\" title=\"etiquette saint v\u00e9ran Jean Baronnat\" src=\"http:\/\/nouveau.baronnat.fr\/wp-content\/uploads\/2015\/03\/saint_veran_etiq_autajon1-82x300.jpg\" alt=\"bouteille saint veran\" width=\"82\" height=\"300\" srcset=\"http:\/\/nouveau.baronnat.fr\/wp-content\/uploads\/2015\/03\/saint_veran_etiq_autajon1-82x300.jpg 82w, http:\/\/nouveau.baronnat.fr\/wp-content\/uploads\/2015\/03\/saint_veran_etiq_autajon1.jpg 195w\" sizes=\"(max-width: 82px) 100vw, 82px\" \/><\/a><\/p><p>DEGUSTATION<\/p><p>Robe dor\u00e9e et limpide aux l\u00e9gers reflets verts.<br \/> Nez tr\u00e8s aromatique et fin aux parfums de fruits acidul\u00e9s, tilleul et notes grill\u00e9es.<br \/> En bouche, le vin pr\u00e9sente une bonne acidit\u00e9 qui s&rsquo;allie \u00e0 sa souplesse et sa g\u00e9n\u00e9rosit\u00e9.<br \/> Vin \u00e9quilibr\u00e9 ayant une bonne persistance gustative.<\/p>\t\t\t\t\t<\/div>\n\t\t\t\t\t\t<\/div>\n\t\t\t\t<\/div>\n\t\t\t\t\t\t<\/div>\n\t\t\t\t\t<\/div>\n\t\t<\/div><div class=\"elementor-column elementor-col-50 elementor-top-column elementor-element elementor-element-zowsedz\" data-id=\"zowsedz\" data-element_type=\"column\">\n\t\t\t<div class=\"elementor-column-wrap elementor-element-populated\">\n\t\t\t\t\t\t\t<div class=\"elementor-widget-wrap\">\n\t\t\t\t\t\t<div class=\"elementor-element elementor-element-vbgsspo elementor-widget elementor-widget-text-editor\" data-id=\"vbgsspo\" data-element_type=\"widget\" data-widget_type=\"text-editor.default\">\n\t\t\t\t<div class=\"elementor-widget-container\">\n\t\t\t\t\t\t\t\t<div class=\"elementor-text-editor elementor-clearfix\">\n\t\t\t\t<p>\u00a0<\/p><p><img loading=\"lazy\" class=\"wp-image-487 aligncenter\" src=\"http:\/\/nouveau.baronnat.fr\/wp-content\/uploads\/2015\/03\/saint_veran_autajon-300x175.jpg\" alt=\"etiq_saint_veran\" width=\"219\" height=\"128\" srcset=\"http:\/\/nouveau.baronnat.fr\/wp-content\/uploads\/2015\/03\/saint_veran_autajon-300x175.jpg 300w, http:\/\/nouveau.baronnat.fr\/wp-content\/uploads\/2015\/03\/saint_veran_autajon.jpg 500w\" sizes=\"(max-width: 219px) 100vw, 219px\" \/><\/p><p style=\"text-align: center;\">etiquette saint v\u00e9ran J. Baronnat<\/p><p>TECHNIQUE<\/p><p>Situation : le vignoble est situ\u00e9 \u00e0 la limite des d\u00e9partements du Rh\u00f4ne et de la Sa\u00f4ne et Loire, au sud de M\u00e2con.<\/p><p>Terroir : la vigne est cultiv\u00e9e sur des sols constitu\u00e9s de granit et de schistes.<\/p><p>C\u00e9page unique : Chardonnay.<\/p><p>Vinification : vinification traditionnelle des vins blancs de Bourgogne.<\/p><p>Elevage : en cuve puis en bouteilles.<\/p>\t\t\t\t\t<\/div>\n\t\t\t\t\t\t<\/div>\n\t\t\t\t<\/div>\n\t\t\t\t\t\t<\/div>\n\t\t\t\t\t<\/div>\n\t\t<\/div>\n\t\t\t\t\t\t\t\t<\/div>\n\t\t\t\t\t<\/div>\n\t\t<\/section>\n\t\t\t\t<section class=\"elementor-section elementor-top-section elementor-element elementor-element-kaduwxt elementor-section-boxed elementor-section-height-default elementor-section-height-default\" data-id=\"kaduwxt\" data-element_type=\"section\">\n\t\t\t\t\t\t<div class=\"elementor-container elementor-column-gap-default\">\n\t\t\t\t\t\t\t<div class=\"elementor-row\">\n\t\t\t\t\t<div class=\"elementor-column elementor-col-100 elementor-top-column elementor-element elementor-element-dtdlgxw\" data-id=\"dtdlgxw\" data-element_type=\"column\">\n\t\t\t<div class=\"elementor-column-wrap elementor-element-populated\">\n\t\t\t\t\t\t\t<div class=\"elementor-widget-wrap\">\n\t\t\t\t\t\t<div class=\"elementor-element elementor-element-ypschbr elementor-widget elementor-widget-text-editor\" data-id=\"ypschbr\" data-element_type=\"widget\" data-widget_type=\"text-editor.default\">\n\t\t\t\t<div class=\"elementor-widget-container\">\n\t\t\t\t\t\t\t\t<div class=\"elementor-text-editor elementor-clearfix\">\n\t\t\t\t<p style=\"text-align: center;\">SERVICE : \u00a0Temp\u00e9rature de service aux environs de 9-10 \u00b0C. \u00a0Id\u00e9al sur les poissons cuisin\u00e9s.<\/p>\t\t\t\t\t<\/div>\n\t\t\t\t\t\t<\/div>\n\t\t\t\t<\/div>\n\t\t\t\t\t\t<\/div>\n\t\t\t\t\t<\/div>\n\t\t<\/div>\n\t\t\t\t\t\t\t\t<\/div>\n\t\t\t\t\t<\/div>\n\t\t<\/section>\n\t\t\t\t<section class=\"elementor-section elementor-top-section elementor-element elementor-element-bf5dada elementor-section-boxed elementor-section-height-default elementor-section-height-default\" data-id=\"bf5dada\" data-element_type=\"section\">\n\t\t\t\t\t\t<div class=\"elementor-container elementor-column-gap-default\">\n\t\t\t\t\t\t\t<div class=\"elementor-row\">\n\t\t\t\t\t<div class=\"elementor-column elementor-col-33 elementor-top-column elementor-element elementor-element-f8bf37d\" data-id=\"f8bf37d\" data-element_type=\"column\">\n\t\t\t<div class=\"elementor-column-wrap elementor-element-populated\">\n\t\t\t\t\t\t\t<div class=\"elementor-widget-wrap\">\n\t\t\t\t\t\t<div class=\"elementor-element elementor-element-d9bf75b elementor-widget elementor-widget-image\" data-id=\"d9bf75b\" data-element_type=\"widget\" data-widget_type=\"image.default\">\n\t\t\t\t<div class=\"elementor-widget-container\">\n\t\t\t\t\t\t\t\t<div class=\"elementor-image\">\n\t\t\t\t\t\t\t\t\t\t\t\t<img width=\"177\" height=\"223\" src=\"http:\/\/nouveau.baronnat.fr\/wp-content\/uploads\/2019\/10\/hachette_visuel-2.jpg\" class=\"attachment-large size-large\" alt=\"\" loading=\"lazy\" \/>\t\t\t\t\t\t\t\t\t\t\t\t\t\t<\/div>\n\t\t\t\t\t\t<\/div>\n\t\t\t\t<\/div>\n\t\t\t\t\t\t<\/div>\n\t\t\t\t\t<\/div>\n\t\t<\/div><div class=\"elementor-column elementor-col-33 elementor-top-column elementor-element elementor-element-d33226a\" data-id=\"d33226a\" data-element_type=\"column\">\n\t\t\t<div class=\"elementor-column-wrap\">\n\t\t\t\t\t\t\t<div class=\"elementor-widget-wrap\">\n\t\t\t\t\t\t\t\t<\/div>\n\t\t\t\t\t<\/div>\n\t\t<\/div><div class=\"elementor-column elementor-col-33 elementor-top-column elementor-element elementor-element-bd84672\" data-id=\"bd84672\" data-element_type=\"column\">\n\t\t\t<div class=\"elementor-column-wrap elementor-element-populated\">\n\t\t\t\t\t\t\t<div class=\"elementor-widget-wrap\">\n\t\t\t\t\t\t<div class=\"elementor-element elementor-element-24c1b59 elementor-widget elementor-widget-image\" data-id=\"24c1b59\" data-element_type=\"widget\" data-widget_type=\"image.default\">\n\t\t\t\t<div class=\"elementor-widget-container\">\n\t\t\t\t\t\t\t\t<div class=\"elementor-image\">\n\t\t\t\t\t\t\t\t\t\t\t\t<img width=\"143\" height=\"112\" src=\"http:\/\/nouveau.baronnat.fr\/wp-content\/uploads\/2019\/10\/guide-dussert-gerber.jpg\" class=\"attachment-large size-large\" alt=\"\" loading=\"lazy\" \/>\t\t\t\t\t\t\t\t\t\t\t\t\t\t<\/div>\n\t\t\t\t\t\t<\/div>\n\t\t\t\t<\/div>\n\t\t\t\t\t\t<\/div>\n\t\t\t\t\t<\/div>\n\t\t<\/div>\n\t\t\t\t\t\t\t\t<\/div>\n\t\t\t\t\t<\/div>\n\t\t<\/section>\n\t\t\t\t\t\t<\/div>\n\t\t\t\t\t\t<\/div>\n\t\t\t\t\t<\/div>\n\t\t","protected":false},"excerpt":{"rendered":"<p>DEGUSTATION Robe dor\u00e9e et limpide aux l\u00e9gers reflets verts. Nez tr\u00e8s aromatique et fin aux parfums de fruits acidul\u00e9s, tilleul et notes grill\u00e9es. En bouche, le vin pr\u00e9sente une bonne acidit\u00e9 qui s&rsquo;allie \u00e0 sa souplesse et sa g\u00e9n\u00e9rosit\u00e9. Vin \u00e9quilibr\u00e9 ayant une bonne persistance gustative. \u00a0 etiquette saint v\u00e9ran J. Baronnat TECHNIQUE Situation :&#8230; <\/p>\n<div class=\"read-more navbutton\"><a href=\"http:\/\/nouveau.baronnat.fr\/?page_id=413\">Lire la suite<i class=\"fa fa-angle-double-right\"><\/i><\/a><\/div>\n","protected":false},"author":1,"featured_media":0,"parent":0,"menu_order":0,"comment_status":"closed","ping_status":"closed","template":"","meta":[],"_links":{"self":[{"href":"http:\/\/nouveau.baronnat.fr\/index.php?rest_route=\/wp\/v2\/pages\/413"}],"collection":[{"href":"http:\/\/nouveau.baronnat.fr\/index.php?rest_route=\/wp\/v2\/pages"}],"about":[{"href":"http:\/\/nouveau.baronnat.fr\/index.php?rest_route=\/wp\/v2\/types\/page"}],"author":[{"embeddable":true,"href":"http:\/\/nouveau.baronnat.fr\/index.php?rest_route=\/wp\/v2\/users\/1"}],"replies":[{"embeddable":true,"href":"http:\/\/nouveau.baronnat.fr\/index.php?rest_route=%2Fwp%2Fv2%2Fcomments&post=413"}],"version-history":[{"count":2,"href":"http:\/\/nouveau.baronnat.fr\/index.php?rest_route=\/wp\/v2\/pages\/413\/revisions"}],"predecessor-version":[{"id":2325,"href":"http:\/\/nouveau.baronnat.fr\/index.php?rest_route=\/wp\/v2\/pages\/413\/revisions\/2325"}],"wp:attachment":[{"href":"http:\/\/nouveau.baronnat.fr\/index.php?rest_route=%2Fwp%2Fv2%2Fmedia&parent=413"}],"curies":[{"name":"wp","href":"https:\/\/api.w.org\/{rel}","templated":true}]}}