{"id":418,"date":"2015-03-14T18:01:22","date_gmt":"2015-03-14T17:01:22","guid":{"rendered":"http:\/\/127.0.0.1:4001\/wordpress\/?page_id=418"},"modified":"2017-03-08T20:28:45","modified_gmt":"2017-03-08T18:28:45","slug":"bourgogne-pinot-noir-jean-baronnat","status":"publish","type":"page","link":"http:\/\/nouveau.baronnat.fr\/?page_id=418","title":{"rendered":"Bourgogne pinot noir"},"content":{"rendered":"\t\t<div data-elementor-type=\"wp-page\" data-elementor-id=\"418\" class=\"elementor elementor-418 elementor-bc-flex-widget\" data-elementor-settings=\"[]\">\n\t\t\t\t\t\t<div class=\"elementor-inner\">\n\t\t\t\t\t\t\t<div class=\"elementor-section-wrap\">\n\t\t\t\t\t\t\t<section class=\"elementor-section elementor-top-section elementor-element elementor-element-ddlwail elementor-section-boxed elementor-section-height-default elementor-section-height-default\" data-id=\"ddlwail\" data-element_type=\"section\">\n\t\t\t\t\t\t<div class=\"elementor-container elementor-column-gap-default\">\n\t\t\t\t\t\t\t<div class=\"elementor-row\">\n\t\t\t\t\t<div class=\"elementor-column elementor-col-50 elementor-top-column elementor-element elementor-element-vysbsdi\" data-id=\"vysbsdi\" data-element_type=\"column\">\n\t\t\t<div class=\"elementor-column-wrap elementor-element-populated\">\n\t\t\t\t\t\t\t<div class=\"elementor-widget-wrap\">\n\t\t\t\t\t\t<div class=\"elementor-element elementor-element-ypcxtxx elementor-widget elementor-widget-text-editor\" data-id=\"ypcxtxx\" data-element_type=\"widget\" data-widget_type=\"text-editor.default\">\n\t\t\t\t<div class=\"elementor-widget-container\">\n\t\t\t\t\t\t\t\t<div class=\"elementor-text-editor elementor-clearfix\">\n\t\t\t\t<p><a href=\"http:\/\/nouveau.baronnat.fr\/wp-content\/uploads\/2015\/03\/bourgogne-pinot.jpg\"><img loading=\"lazy\" class=\"size-medium wp-image-419 aligncenter\" src=\"http:\/\/nouveau.baronnat.fr\/wp-content\/uploads\/2015\/03\/bourgogne-pinot-83x300.jpg\" alt=\"photo_bouteille_bourgogne_pinot_noir\" width=\"83\" height=\"300\" srcset=\"http:\/\/nouveau.baronnat.fr\/wp-content\/uploads\/2015\/03\/bourgogne-pinot-83x300.jpg 83w, http:\/\/nouveau.baronnat.fr\/wp-content\/uploads\/2015\/03\/bourgogne-pinot.jpg 270w\" sizes=\"(max-width: 83px) 100vw, 83px\" \/><\/a><\/p><p style=\"text-align: center;\"><strong>DEGUSTATION<\/strong><\/p><p style=\"text-align: center;\">Robe d&rsquo;un rouge l\u00e9ger aux reflets brunis.<br \/> Nez d&rsquo;une belle intensit\u00e9 aux ar\u00f4mes de fruits alli\u00e9s \u00e0 des notes poivr\u00e9es.<br \/> En bouche le vin est remarquable par son ampleur.Notes \u00e9pic\u00e9es. Persistance aromatique longue.<\/p>\t\t\t\t\t<\/div>\n\t\t\t\t\t\t<\/div>\n\t\t\t\t<\/div>\n\t\t\t\t\t\t<\/div>\n\t\t\t\t\t<\/div>\n\t\t<\/div><div class=\"elementor-column elementor-col-50 elementor-top-column elementor-element elementor-element-uekbrud\" data-id=\"uekbrud\" data-element_type=\"column\">\n\t\t\t<div class=\"elementor-column-wrap elementor-element-populated\">\n\t\t\t\t\t\t\t<div class=\"elementor-widget-wrap\">\n\t\t\t\t\t\t<div class=\"elementor-element elementor-element-bvvedxo elementor-widget elementor-widget-text-editor\" data-id=\"bvvedxo\" data-element_type=\"widget\" data-widget_type=\"text-editor.default\">\n\t\t\t\t<div class=\"elementor-widget-container\">\n\t\t\t\t\t\t\t\t<div class=\"elementor-text-editor elementor-clearfix\">\n\t\t\t\t<p>\u00a0<\/p><p><a href=\"http:\/\/nouveau.baronnat.fr\/wp-content\/uploads\/2015\/03\/bourgogne_pinot.jpg\"><img loading=\"lazy\" class=\"aligncenter size-medium wp-image-420\" src=\"http:\/\/nouveau.baronnat.fr\/wp-content\/uploads\/2015\/03\/bourgogne_pinot-300x204.jpg\" alt=\"etiquette_bourgogne_pinot\" width=\"300\" height=\"204\" \/><\/a><\/p><p>\u00a0<\/p><p><strong>TECHNIQUE<\/strong><\/p><p><strong>Situation<\/strong> : le vignoble est situ\u00e9 dans les d\u00e9partements de la Sa\u00f4ne et Loire et de la C\u00f4te d&rsquo;Or entre M\u00e2con et Dijon.<br \/> <strong>Terroir<\/strong> : la vigne est cultiv\u00e9e sur des sols constitu\u00e9s de calcaire.<br \/> <strong>C\u00e9page unique<\/strong> : Pinot noir.<br \/> <strong>Vinification<\/strong> : vinification traditionnelle des vins de Bourgogne.<br \/> <strong>Elevage<\/strong> : en cuve puis en bouteilles.<\/p>\t\t\t\t\t<\/div>\n\t\t\t\t\t\t<\/div>\n\t\t\t\t<\/div>\n\t\t\t\t\t\t<\/div>\n\t\t\t\t\t<\/div>\n\t\t<\/div>\n\t\t\t\t\t\t\t\t<\/div>\n\t\t\t\t\t<\/div>\n\t\t<\/section>\n\t\t\t\t<section class=\"elementor-section elementor-top-section elementor-element elementor-element-tjcexrn elementor-section-boxed elementor-section-height-default elementor-section-height-default\" data-id=\"tjcexrn\" data-element_type=\"section\">\n\t\t\t\t\t\t<div class=\"elementor-container elementor-column-gap-default\">\n\t\t\t\t\t\t\t<div class=\"elementor-row\">\n\t\t\t\t\t<div class=\"elementor-column elementor-col-100 elementor-top-column elementor-element elementor-element-tiqbbwp\" data-id=\"tiqbbwp\" data-element_type=\"column\">\n\t\t\t<div class=\"elementor-column-wrap elementor-element-populated\">\n\t\t\t\t\t\t\t<div class=\"elementor-widget-wrap\">\n\t\t\t\t\t\t<div class=\"elementor-element elementor-element-pehuzlj elementor-widget elementor-widget-text-editor\" data-id=\"pehuzlj\" data-element_type=\"widget\" data-widget_type=\"text-editor.default\">\n\t\t\t\t<div class=\"elementor-widget-container\">\n\t\t\t\t\t\t\t\t<div class=\"elementor-text-editor elementor-clearfix\">\n\t\t\t\t<p><strong>SERVICE<\/strong> \u00a0: \u00a0Temp\u00e9rature de service aux environs de 14-15\u00b0C.\u00a0Id\u00e9al sur les viandes rouges et les fromages.<\/p>\t\t\t\t\t<\/div>\n\t\t\t\t\t\t<\/div>\n\t\t\t\t<\/div>\n\t\t\t\t\t\t<\/div>\n\t\t\t\t\t<\/div>\n\t\t<\/div>\n\t\t\t\t\t\t\t\t<\/div>\n\t\t\t\t\t<\/div>\n\t\t<\/section>\n\t\t\t\t\t\t<\/div>\n\t\t\t\t\t\t<\/div>\n\t\t\t\t\t<\/div>\n\t\t","protected":false},"excerpt":{"rendered":"<p>DEGUSTATION Robe d&rsquo;un rouge l\u00e9ger aux reflets brunis. Nez d&rsquo;une belle intensit\u00e9 aux ar\u00f4mes de fruits alli\u00e9s \u00e0 des notes poivr\u00e9es. En bouche le vin est remarquable par son ampleur.Notes \u00e9pic\u00e9es. Persistance aromatique longue. \u00a0 \u00a0 TECHNIQUE Situation : le vignoble est situ\u00e9 dans les d\u00e9partements de la Sa\u00f4ne et Loire et de la C\u00f4te&#8230; <\/p>\n<div class=\"read-more navbutton\"><a href=\"http:\/\/nouveau.baronnat.fr\/?page_id=418\">Lire la suite<i class=\"fa fa-angle-double-right\"><\/i><\/a><\/div>\n","protected":false},"author":1,"featured_media":0,"parent":0,"menu_order":0,"comment_status":"closed","ping_status":"closed","template":"","meta":[],"_links":{"self":[{"href":"http:\/\/nouveau.baronnat.fr\/index.php?rest_route=\/wp\/v2\/pages\/418"}],"collection":[{"href":"http:\/\/nouveau.baronnat.fr\/index.php?rest_route=\/wp\/v2\/pages"}],"about":[{"href":"http:\/\/nouveau.baronnat.fr\/index.php?rest_route=\/wp\/v2\/types\/page"}],"author":[{"embeddable":true,"href":"http:\/\/nouveau.baronnat.fr\/index.php?rest_route=\/wp\/v2\/users\/1"}],"replies":[{"embeddable":true,"href":"http:\/\/nouveau.baronnat.fr\/index.php?rest_route=%2Fwp%2Fv2%2Fcomments&post=418"}],"version-history":[{"count":0,"href":"http:\/\/nouveau.baronnat.fr\/index.php?rest_route=\/wp\/v2\/pages\/418\/revisions"}],"wp:attachment":[{"href":"http:\/\/nouveau.baronnat.fr\/index.php?rest_route=%2Fwp%2Fv2%2Fmedia&parent=418"}],"curies":[{"name":"wp","href":"https:\/\/api.w.org\/{rel}","templated":true}]}}