{"id":427,"date":"2015-03-14T18:01:22","date_gmt":"2015-03-14T16:01:22","guid":{"rendered":"http:\/\/127.0.0.1:4001\/wordpress\/?page_id=427"},"modified":"2019-10-02T13:50:53","modified_gmt":"2019-10-02T11:50:53","slug":"beaujolais-blanc-jean-baronnat","status":"publish","type":"page","link":"http:\/\/nouveau.baronnat.fr\/?page_id=427","title":{"rendered":"Beaujolais blanc"},"content":{"rendered":"\t\t<div data-elementor-type=\"wp-page\" data-elementor-id=\"427\" class=\"elementor elementor-427\" data-elementor-settings=\"[]\">\n\t\t\t\t\t\t<div class=\"elementor-inner\">\n\t\t\t\t\t\t\t<div class=\"elementor-section-wrap\">\n\t\t\t\t\t\t\t<section class=\"elementor-section elementor-top-section elementor-element elementor-element-f510304 elementor-section-boxed elementor-section-height-default elementor-section-height-default\" data-id=\"f510304\" data-element_type=\"section\">\n\t\t\t\t\t\t<div class=\"elementor-container elementor-column-gap-default\">\n\t\t\t\t\t\t\t<div class=\"elementor-row\">\n\t\t\t\t\t<div class=\"elementor-column elementor-col-100 elementor-top-column elementor-element elementor-element-ad67c2e\" data-id=\"ad67c2e\" data-element_type=\"column\">\n\t\t\t<div class=\"elementor-column-wrap\">\n\t\t\t\t\t\t\t<div class=\"elementor-widget-wrap\">\n\t\t\t\t\t\t\t\t<\/div>\n\t\t\t\t\t<\/div>\n\t\t<\/div>\n\t\t\t\t\t\t\t\t<\/div>\n\t\t\t\t\t<\/div>\n\t\t<\/section>\n\t\t\t\t<section class=\"elementor-section elementor-top-section elementor-element elementor-element-1c0350a elementor-section-boxed elementor-section-height-default elementor-section-height-default\" data-id=\"1c0350a\" data-element_type=\"section\">\n\t\t\t\t\t\t<div class=\"elementor-container elementor-column-gap-default\">\n\t\t\t\t\t\t\t<div class=\"elementor-row\">\n\t\t\t\t\t<div class=\"elementor-column elementor-col-25 elementor-top-column elementor-element elementor-element-21d5521\" data-id=\"21d5521\" data-element_type=\"column\">\n\t\t\t<div class=\"elementor-column-wrap elementor-element-populated\">\n\t\t\t\t\t\t\t<div class=\"elementor-widget-wrap\">\n\t\t\t\t\t\t<div class=\"elementor-element elementor-element-f0cdea9 elementor-widget elementor-widget-image\" data-id=\"f0cdea9\" data-element_type=\"widget\" data-widget_type=\"image.default\">\n\t\t\t\t<div class=\"elementor-widget-container\">\n\t\t\t\t\t\t\t\t<div class=\"elementor-image\">\n\t\t\t\t\t\t\t\t\t\t\t\t<img width=\"163\" height=\"603\" src=\"http:\/\/nouveau.baronnat.fr\/wp-content\/uploads\/2019\/10\/beab_fee-1-e1570015206259.jpg\" class=\"attachment-large size-large\" alt=\"\" loading=\"lazy\" srcset=\"http:\/\/nouveau.baronnat.fr\/wp-content\/uploads\/2019\/10\/beab_fee-1-e1570015206259.jpg 163w, http:\/\/nouveau.baronnat.fr\/wp-content\/uploads\/2019\/10\/beab_fee-1-e1570015206259-81x300.jpg 81w\" sizes=\"(max-width: 163px) 100vw, 163px\" \/>\t\t\t\t\t\t\t\t\t\t\t\t\t\t<\/div>\n\t\t\t\t\t\t<\/div>\n\t\t\t\t<\/div>\n\t\t\t\t\t\t<\/div>\n\t\t\t\t\t<\/div>\n\t\t<\/div><div class=\"elementor-column elementor-col-50 elementor-top-column elementor-element elementor-element-ead307e\" data-id=\"ead307e\" data-element_type=\"column\">\n\t\t\t<div class=\"elementor-column-wrap elementor-element-populated\">\n\t\t\t\t\t\t\t<div class=\"elementor-widget-wrap\">\n\t\t\t\t\t\t<div class=\"elementor-element elementor-element-4715974 elementor-widget elementor-widget-text-editor\" data-id=\"4715974\" data-element_type=\"widget\" data-widget_type=\"text-editor.default\">\n\t\t\t\t<div class=\"elementor-widget-container\">\n\t\t\t\t\t\t\t\t<div class=\"elementor-text-editor elementor-clearfix\">\n\t\t\t\t<p>DEGUSTATION<\/p><p>Robe dor\u00e9e p\u00e2le aux reflets brillants.<\/p><p>Nez aromatique aux notes de fruits acidul\u00e9s et nuances fleurs blanches.<\/p><p>En bouche le vin est \u00e9quilibr\u00e9, il poss\u00e8de une bonne acidit\u00e9 tout en restant souple.<\/p><p>Vin agr\u00e9able, harmonieux et persistant.<\/p><p>SERVICE<\/p><p>Temp\u00e9rature de service aux environs de 8-9 \u00b0C.<\/p><p>Id\u00e9al sur les entr\u00e9es \u00e0 base de poissons.<\/p><p>cit\u00e9 dans les guides<\/p><p><a href=\"http:\/\/nouveau.baronnat.fr\/?p=1376\" target=\"_blank\" rel=\"noopener\"><img loading=\"lazy\" class=\"wp-image-2278 size-thumbnail alignleft\" src=\"http:\/\/nouveau.baronnat.fr\/wp-content\/uploads\/2019\/10\/hachette_visuel-150x150.jpg\" alt=\"\" width=\"150\" height=\"150\" \/><\/a><\/p><p><br \/><a href=\"http:\/\/nouveau.baronnat.fr\/?p=1381\" target=\"_blank\" rel=\"noopener\"><img loading=\"lazy\" class=\"size-full wp-image-2282 aligncenter\" src=\"http:\/\/nouveau.baronnat.fr\/wp-content\/uploads\/2019\/10\/guide-dussert-gerber.jpg\" alt=\"\" width=\"143\" height=\"112\" \/><\/a><\/p><p>\u00a0<\/p>\t\t\t\t\t<\/div>\n\t\t\t\t\t\t<\/div>\n\t\t\t\t<\/div>\n\t\t\t\t\t\t<\/div>\n\t\t\t\t\t<\/div>\n\t\t<\/div><div class=\"elementor-column elementor-col-25 elementor-top-column elementor-element elementor-element-a60f92d\" data-id=\"a60f92d\" data-element_type=\"column\">\n\t\t\t<div class=\"elementor-column-wrap elementor-element-populated\">\n\t\t\t\t\t\t\t<div class=\"elementor-widget-wrap\">\n\t\t\t\t\t\t<div class=\"elementor-element elementor-element-a6d62ca elementor-widget elementor-widget-text-editor\" data-id=\"a6d62ca\" data-element_type=\"widget\" data-widget_type=\"text-editor.default\">\n\t\t\t\t<div class=\"elementor-widget-container\">\n\t\t\t\t\t\t\t\t<div class=\"elementor-text-editor elementor-clearfix\">\n\t\t\t\t<p>TECHNIQUE<\/p><p>Situation : le vignoble est situ\u00e9 dans le d\u00e9partement du Rh\u00f4ne, au sud de la r\u00e9gion Beaujolaise entre Lyon et Villefranche-sur-Sa\u00f4ne.<\/p><p>Terroir : la vigne est cultiv\u00e9e sur des sols argilo-calcaires.<\/p><p>C\u00e9page unique : Chardonnay.<\/p><p>Vinification : vinification classique des vins blancs de Bourgogne.<\/p><p>Elevage : en cuve puis en bouteilles.<\/p><p><a href=\"http:\/\/nouveau.baronnat.fr\/wp-content\/uploads\/2015\/03\/beaujo_blanc.jpg\">\u00a0<\/a><\/p>\t\t\t\t\t<\/div>\n\t\t\t\t\t\t<\/div>\n\t\t\t\t<\/div>\n\t\t\t\t\t\t<\/div>\n\t\t\t\t\t<\/div>\n\t\t<\/div>\n\t\t\t\t\t\t\t\t<\/div>\n\t\t\t\t\t<\/div>\n\t\t<\/section>\n\t\t\t\t\t\t<\/div>\n\t\t\t\t\t\t<\/div>\n\t\t\t\t\t<\/div>\n\t\t","protected":false},"excerpt":{"rendered":"<p>DEGUSTATION Robe dor\u00e9e p\u00e2le aux reflets brillants. Nez aromatique aux notes de fruits acidul\u00e9s et nuances fleurs blanches. En bouche le vin est \u00e9quilibr\u00e9, il poss\u00e8de une bonne acidit\u00e9 tout en restant souple. Vin agr\u00e9able, harmonieux et persistant. SERVICE Temp\u00e9rature de service aux environs de 8-9 \u00b0C. Id\u00e9al sur les entr\u00e9es \u00e0 base de poissons&#8230;. <\/p>\n<div class=\"read-more navbutton\"><a href=\"http:\/\/nouveau.baronnat.fr\/?page_id=427\">Lire la suite<i class=\"fa fa-angle-double-right\"><\/i><\/a><\/div>\n","protected":false},"author":1,"featured_media":0,"parent":0,"menu_order":0,"comment_status":"closed","ping_status":"closed","template":"","meta":[],"_links":{"self":[{"href":"http:\/\/nouveau.baronnat.fr\/index.php?rest_route=\/wp\/v2\/pages\/427"}],"collection":[{"href":"http:\/\/nouveau.baronnat.fr\/index.php?rest_route=\/wp\/v2\/pages"}],"about":[{"href":"http:\/\/nouveau.baronnat.fr\/index.php?rest_route=\/wp\/v2\/types\/page"}],"author":[{"embeddable":true,"href":"http:\/\/nouveau.baronnat.fr\/index.php?rest_route=\/wp\/v2\/users\/1"}],"replies":[{"embeddable":true,"href":"http:\/\/nouveau.baronnat.fr\/index.php?rest_route=%2Fwp%2Fv2%2Fcomments&post=427"}],"version-history":[{"count":5,"href":"http:\/\/nouveau.baronnat.fr\/index.php?rest_route=\/wp\/v2\/pages\/427\/revisions"}],"predecessor-version":[{"id":2284,"href":"http:\/\/nouveau.baronnat.fr\/index.php?rest_route=\/wp\/v2\/pages\/427\/revisions\/2284"}],"wp:attachment":[{"href":"http:\/\/nouveau.baronnat.fr\/index.php?rest_route=%2Fwp%2Fv2%2Fmedia&parent=427"}],"curies":[{"name":"wp","href":"https:\/\/api.w.org\/{rel}","templated":true}]}}