{"id":439,"date":"2015-03-14T18:01:22","date_gmt":"2015-03-14T17:01:22","guid":{"rendered":"http:\/\/127.0.0.1:4001\/wordpress\/?page_id=439"},"modified":"2017-03-12T20:34:00","modified_gmt":"2017-03-12T18:34:00","slug":"cotes-de-provence-rose-terre-danais-jean-baronnat","status":"publish","type":"page","link":"http:\/\/nouveau.baronnat.fr\/?page_id=439","title":{"rendered":"Cotes de Provence ros\u00e9 &#8211; Terre D&rsquo;Ana\u00efs"},"content":{"rendered":"\t\t<div data-elementor-type=\"wp-page\" data-elementor-id=\"439\" class=\"elementor elementor-439 elementor-bc-flex-widget\" data-elementor-settings=\"[]\">\n\t\t\t\t\t\t<div class=\"elementor-inner\">\n\t\t\t\t\t\t\t<div class=\"elementor-section-wrap\">\n\t\t\t\t\t\t\t<section class=\"elementor-section elementor-top-section elementor-element elementor-element-yrpdbqz elementor-section-boxed elementor-section-height-default elementor-section-height-default\" data-id=\"yrpdbqz\" data-element_type=\"section\">\n\t\t\t\t\t\t<div class=\"elementor-container elementor-column-gap-default\">\n\t\t\t\t\t\t\t<div class=\"elementor-row\">\n\t\t\t\t\t<div class=\"elementor-column elementor-col-50 elementor-top-column elementor-element elementor-element-xpuophx\" data-id=\"xpuophx\" data-element_type=\"column\">\n\t\t\t<div class=\"elementor-column-wrap elementor-element-populated\">\n\t\t\t\t\t\t\t<div class=\"elementor-widget-wrap\">\n\t\t\t\t\t\t<div class=\"elementor-element elementor-element-nxzrvzv elementor-widget elementor-widget-text-editor\" data-id=\"nxzrvzv\" data-element_type=\"widget\" data-widget_type=\"text-editor.default\">\n\t\t\t\t<div class=\"elementor-widget-container\">\n\t\t\t\t\t\t\t\t<div class=\"elementor-text-editor elementor-clearfix\">\n\t\t\t\t<p><a href=\"http:\/\/nouveau.baronnat.fr\/wp-content\/uploads\/2015\/03\/cotes_provence.jpg\"><img loading=\"lazy\" class=\"size-medium wp-image-440 aligncenter\" src=\"http:\/\/nouveau.baronnat.fr\/wp-content\/uploads\/2015\/03\/cotes_provence-73x300.jpg\" alt=\"photo_cotes_provence\" width=\"73\" height=\"300\" srcset=\"http:\/\/nouveau.baronnat.fr\/wp-content\/uploads\/2015\/03\/cotes_provence-73x300.jpg 73w, http:\/\/nouveau.baronnat.fr\/wp-content\/uploads\/2015\/03\/cotes_provence-248x1024.jpg 248w\" sizes=\"(max-width: 73px) 100vw, 73px\" \/><\/a><\/p><p style=\"text-align: center;\">DEGUSTATION<\/p><p>Robe d&rsquo;un beau ros\u00e9 p\u00e2le aux reflets orang\u00e9s, limpide et brillant.<br \/> Des ar\u00f4mes tr\u00e8s fins et fondus. Les fraises fra\u00eeches dominent avec des notes d\u2019amandes.<br \/> En bouche une attaque fra\u00eeche et velout\u00e9e. Les parfums de fruits secs et d\u2019agrumes s\u2019ouvrent pleinement en finale.<\/p>\t\t\t\t\t<\/div>\n\t\t\t\t\t\t<\/div>\n\t\t\t\t<\/div>\n\t\t\t\t\t\t<\/div>\n\t\t\t\t\t<\/div>\n\t\t<\/div><div class=\"elementor-column elementor-col-50 elementor-top-column elementor-element elementor-element-ntffwof\" data-id=\"ntffwof\" data-element_type=\"column\">\n\t\t\t<div class=\"elementor-column-wrap elementor-element-populated\">\n\t\t\t\t\t\t\t<div class=\"elementor-widget-wrap\">\n\t\t\t\t\t\t<div class=\"elementor-element elementor-element-poauoim elementor-widget elementor-widget-text-editor\" data-id=\"poauoim\" data-element_type=\"widget\" data-widget_type=\"text-editor.default\">\n\t\t\t\t<div class=\"elementor-widget-container\">\n\t\t\t\t\t\t\t\t<div class=\"elementor-text-editor elementor-clearfix\">\n\t\t\t\t<p><img loading=\"lazy\" class=\"aligncenter size-medium wp-image-445\" src=\"http:\/\/nouveau.baronnat.fr\/wp-content\/uploads\/2015\/03\/cotes_de_provence_terre_anais-300x240.jpg\" alt=\"etiquette_cotes_provence_\" width=\"300\" height=\"240\" srcset=\"http:\/\/nouveau.baronnat.fr\/wp-content\/uploads\/2015\/03\/cotes_de_provence_terre_anais-300x240.jpg 300w, http:\/\/nouveau.baronnat.fr\/wp-content\/uploads\/2015\/03\/cotes_de_provence_terre_anais.jpg 581w\" sizes=\"(max-width: 300px) 100vw, 300px\" \/><\/p><p><strong>TECHNIQUE<\/strong><\/p><p><strong>Situation<\/strong> : le vignoble est situ\u00e9 dans l&rsquo;arri\u00e8re pays Varois et jouit de l&rsquo;influence m\u00e9diterran\u00e9enne adoucissante.<br \/> <strong>Terroir<\/strong> : la vigne est cultiv\u00e9e sur des sols caillouteux.<br \/> <strong>C\u00e9pages<\/strong> : assemblage de Cinsault et de Grenache.<br \/> <strong>Vinification<\/strong> : vinification traditionnelle par saign\u00e9e, avec contr\u00f4le des temp\u00e9ratures.<br \/> <strong>Elevage<\/strong> : en cuve puis en bouteilles.<\/p>\t\t\t\t\t<\/div>\n\t\t\t\t\t\t<\/div>\n\t\t\t\t<\/div>\n\t\t\t\t\t\t<\/div>\n\t\t\t\t\t<\/div>\n\t\t<\/div>\n\t\t\t\t\t\t\t\t<\/div>\n\t\t\t\t\t<\/div>\n\t\t<\/section>\n\t\t\t\t<section class=\"elementor-section elementor-top-section elementor-element elementor-element-dtxpibi elementor-section-boxed elementor-section-height-default elementor-section-height-default\" data-id=\"dtxpibi\" data-element_type=\"section\">\n\t\t\t\t\t\t<div class=\"elementor-container elementor-column-gap-default\">\n\t\t\t\t\t\t\t<div class=\"elementor-row\">\n\t\t\t\t\t<div class=\"elementor-column elementor-col-100 elementor-top-column elementor-element elementor-element-vwihzhm\" data-id=\"vwihzhm\" data-element_type=\"column\">\n\t\t\t<div class=\"elementor-column-wrap elementor-element-populated\">\n\t\t\t\t\t\t\t<div class=\"elementor-widget-wrap\">\n\t\t\t\t\t\t<div class=\"elementor-element elementor-element-jquvjai elementor-widget elementor-widget-text-editor\" data-id=\"jquvjai\" data-element_type=\"widget\" data-widget_type=\"text-editor.default\">\n\t\t\t\t<div class=\"elementor-widget-container\">\n\t\t\t\t\t\t\t\t<div class=\"elementor-text-editor elementor-clearfix\">\n\t\t\t\t<p style=\"text-align: center;\">SERVICE :\u00a0Temp\u00e9rature de service aux environs de 8\u00b0C. \u00a0Id\u00e9al sur les entr\u00e9es, poissons et grillades.<\/p>\t\t\t\t\t<\/div>\n\t\t\t\t\t\t<\/div>\n\t\t\t\t<\/div>\n\t\t\t\t\t\t<\/div>\n\t\t\t\t\t<\/div>\n\t\t<\/div>\n\t\t\t\t\t\t\t\t<\/div>\n\t\t\t\t\t<\/div>\n\t\t<\/section>\n\t\t\t\t\t\t<\/div>\n\t\t\t\t\t\t<\/div>\n\t\t\t\t\t<\/div>\n\t\t","protected":false},"excerpt":{"rendered":"<p>DEGUSTATION Robe d&rsquo;un beau ros\u00e9 p\u00e2le aux reflets orang\u00e9s, limpide et brillant. Des ar\u00f4mes tr\u00e8s fins et fondus. Les fraises fra\u00eeches dominent avec des notes d\u2019amandes. En bouche une attaque fra\u00eeche et velout\u00e9e. Les parfums de fruits secs et d\u2019agrumes s\u2019ouvrent pleinement en finale. TECHNIQUE Situation : le vignoble est situ\u00e9 dans l&rsquo;arri\u00e8re pays Varois&#8230; <\/p>\n<div class=\"read-more navbutton\"><a href=\"http:\/\/nouveau.baronnat.fr\/?page_id=439\">Lire la suite<i class=\"fa fa-angle-double-right\"><\/i><\/a><\/div>\n","protected":false},"author":1,"featured_media":0,"parent":0,"menu_order":0,"comment_status":"closed","ping_status":"closed","template":"","meta":[],"_links":{"self":[{"href":"http:\/\/nouveau.baronnat.fr\/index.php?rest_route=\/wp\/v2\/pages\/439"}],"collection":[{"href":"http:\/\/nouveau.baronnat.fr\/index.php?rest_route=\/wp\/v2\/pages"}],"about":[{"href":"http:\/\/nouveau.baronnat.fr\/index.php?rest_route=\/wp\/v2\/types\/page"}],"author":[{"embeddable":true,"href":"http:\/\/nouveau.baronnat.fr\/index.php?rest_route=\/wp\/v2\/users\/1"}],"replies":[{"embeddable":true,"href":"http:\/\/nouveau.baronnat.fr\/index.php?rest_route=%2Fwp%2Fv2%2Fcomments&post=439"}],"version-history":[{"count":0,"href":"http:\/\/nouveau.baronnat.fr\/index.php?rest_route=\/wp\/v2\/pages\/439\/revisions"}],"wp:attachment":[{"href":"http:\/\/nouveau.baronnat.fr\/index.php?rest_route=%2Fwp%2Fv2%2Fmedia&parent=439"}],"curies":[{"name":"wp","href":"https:\/\/api.w.org\/{rel}","templated":true}]}}