{"id":454,"date":"2015-03-14T18:01:22","date_gmt":"2015-03-14T17:01:22","guid":{"rendered":"http:\/\/127.0.0.1:4001\/wordpress\/?page_id=454"},"modified":"2015-03-15T15:23:50","modified_gmt":"2015-03-15T14:23:50","slug":"marie-louise-baronnat-madame-baronnat","status":"publish","type":"page","link":"http:\/\/nouveau.baronnat.fr\/?page_id=454","title":{"rendered":"Marie-Louise Baronnat  \u00ab\u00a0Madame Baronnat\u00a0\u00bb"},"content":{"rendered":"<p><a href=\"http:\/\/nouveau.baronnat.fr\/wp-content\/uploads\/2015\/03\/Marie_Louise_BARONNAT.jpg\"><img loading=\"lazy\" class=\"aligncenter size-medium wp-image-455\" src=\"http:\/\/nouveau.baronnat.fr\/wp-content\/uploads\/2015\/03\/Marie_Louise_BARONNAT-300x191.jpg\" alt=\"photo-madame_baronnat\" width=\"300\" height=\"191\" srcset=\"http:\/\/nouveau.baronnat.fr\/wp-content\/uploads\/2015\/03\/Marie_Louise_BARONNAT-300x191.jpg 300w, http:\/\/nouveau.baronnat.fr\/wp-content\/uploads\/2015\/03\/Marie_Louise_BARONNAT.jpg 781w\" sizes=\"(max-width: 300px) 100vw, 300px\" \/><\/a><\/p>\n<p style=\"text-align: left;\">Madame Baronnat, c&rsquo;est ainsi que tous les employ\u00e9s de la maison l\u2019appelaient.\u00a0<span class=\"Apple-converted-space\">\u00a0<\/span><br \/>\nDans l&rsquo;historique de la maison Baronnat, vous ne trouverez pas son nom bien que, sans elle, cette maison ne serait pas ce qu&rsquo;elle est.\u00a0<span class=\"Apple-converted-space\">\u00a0<\/span><br \/>\nEn effet, Marie-Louise Baronnat, \u00e9pouse de Jean Baronnat, \u00e9tait son bras droit. Elle \u00e9tait en charge de l&rsquo;administration de l&rsquo;entreprise : les commandes, les tarifs, la facturation, les approvisionnements, la comptabilit\u00e9&#8230;. Madame Baronnat \u00e9tait toujours l\u00e0, dans son bureau au fond de la maison puis dans les nouveaux locaux. Elle s&rsquo;est adapt\u00e9e \u00e0 toutes les \u00e9volutions\u00a0 notamment \u00e0 l&rsquo;informatique \u00e0 plus de soixante ans !\u00a0<span class=\"Apple-converted-space\">\u00a0<\/span><br \/>\nBien s\u00fbr, depuis quelques ann\u00e9es, elle n&rsquo;\u00e9tait plus aussi pr\u00e9sente au bureau mais jusqu&rsquo;\u00e0 l&rsquo;an dernier, elle passait tous les jours pour dire bonjour.\u00a0<span class=\"Apple-converted-space\">\u00a0<\/span><br \/>\nEt durant toutes ces ann\u00e9es,\u00a0 Marie-Louise Baronnat a \u00e9lev\u00e9 ses quatre enfants &#8211; mes trois soeurs et moi &#8211; puisqu&rsquo;elle \u00e9tait ma maman.\u00a0<span class=\"Apple-converted-space\">\u00a0<\/span><\/p>\n<p>Jean-Jacques Baronnat\u00a0<span class=\"Apple-converted-space\">\u00a0<\/span><br \/>\nle 29 mai 2006<\/p>\n","protected":false},"excerpt":{"rendered":"<p>Madame Baronnat, c&rsquo;est ainsi que tous les employ\u00e9s de la maison l\u2019appelaient.\u00a0\u00a0 Dans l&rsquo;historique de la maison Baronnat, vous ne trouverez pas son nom bien que, sans elle, cette maison ne serait pas ce qu&rsquo;elle est.\u00a0\u00a0 En effet, Marie-Louise Baronnat, \u00e9pouse de Jean Baronnat, \u00e9tait son bras droit. Elle \u00e9tait en charge de l&rsquo;administration de&#8230; <\/p>\n<div class=\"read-more navbutton\"><a href=\"http:\/\/nouveau.baronnat.fr\/?page_id=454\">Lire la suite<i class=\"fa fa-angle-double-right\"><\/i><\/a><\/div>\n","protected":false},"author":1,"featured_media":0,"parent":54,"menu_order":0,"comment_status":"closed","ping_status":"closed","template":"","meta":[],"_links":{"self":[{"href":"http:\/\/nouveau.baronnat.fr\/index.php?rest_route=\/wp\/v2\/pages\/454"}],"collection":[{"href":"http:\/\/nouveau.baronnat.fr\/index.php?rest_route=\/wp\/v2\/pages"}],"about":[{"href":"http:\/\/nouveau.baronnat.fr\/index.php?rest_route=\/wp\/v2\/types\/page"}],"author":[{"embeddable":true,"href":"http:\/\/nouveau.baronnat.fr\/index.php?rest_route=\/wp\/v2\/users\/1"}],"replies":[{"embeddable":true,"href":"http:\/\/nouveau.baronnat.fr\/index.php?rest_route=%2Fwp%2Fv2%2Fcomments&post=454"}],"version-history":[{"count":0,"href":"http:\/\/nouveau.baronnat.fr\/index.php?rest_route=\/wp\/v2\/pages\/454\/revisions"}],"up":[{"embeddable":true,"href":"http:\/\/nouveau.baronnat.fr\/index.php?rest_route=\/wp\/v2\/pages\/54"}],"wp:attachment":[{"href":"http:\/\/nouveau.baronnat.fr\/index.php?rest_route=%2Fwp%2Fv2%2Fmedia&parent=454"}],"curies":[{"name":"wp","href":"https:\/\/api.w.org\/{rel}","templated":true}]}}