{"id":463,"date":"2015-03-14T18:01:22","date_gmt":"2015-03-14T17:01:22","guid":{"rendered":"http:\/\/127.0.0.1:4001\/wordpress\/?page_id=463"},"modified":"2019-02-02T21:06:57","modified_gmt":"2019-02-02T19:06:57","slug":"le-respect-du-vin","status":"publish","type":"page","link":"http:\/\/nouveau.baronnat.fr\/?page_id=463","title":{"rendered":"Le respect du Vin"},"content":{"rendered":"\t\t<div data-elementor-type=\"wp-post\" data-elementor-id=\"463\" class=\"elementor elementor-463 elementor-bc-flex-widget\" data-elementor-settings=\"[]\">\n\t\t\t\t\t\t<div class=\"elementor-inner\">\n\t\t\t\t\t\t\t<div class=\"elementor-section-wrap\">\n\t\t\t\t\t\t\t<section class=\"elementor-section elementor-top-section elementor-element elementor-element-3ae49c29 elementor-section-boxed elementor-section-height-default elementor-section-height-default\" data-id=\"3ae49c29\" data-element_type=\"section\">\n\t\t\t\t\t\t<div class=\"elementor-container elementor-column-gap-default\">\n\t\t\t\t\t\t\t<div class=\"elementor-row\">\n\t\t\t\t\t<div class=\"elementor-column elementor-col-100 elementor-top-column elementor-element elementor-element-49571563\" data-id=\"49571563\" data-element_type=\"column\">\n\t\t\t<div class=\"elementor-column-wrap elementor-element-populated\">\n\t\t\t\t\t\t\t<div class=\"elementor-widget-wrap\">\n\t\t\t\t\t\t<div class=\"elementor-element elementor-element-1222f47f elementor-widget elementor-widget-text-editor\" data-id=\"1222f47f\" data-element_type=\"widget\" data-widget_type=\"text-editor.default\">\n\t\t\t\t<div class=\"elementor-widget-container\">\n\t\t\t\t\t\t\t\t<div class=\"elementor-text-editor elementor-clearfix\">\n\t\t\t\t<span style=\"color: #800000;\"><a href=\"http:\/\/nouveau.baronnat.fr\/wp-content\/uploads\/2015\/06\/oeil_nez_bouche_1.jpg\"><img loading=\"lazy\" class=\"alignleft size-full wp-image-1003\" src=\"http:\/\/nouveau.baronnat.fr\/wp-content\/uploads\/2015\/06\/oeil_nez_bouche_1.jpg\" alt=\"oeil_nez_bouche_1\" width=\"130\" height=\"421\" srcset=\"http:\/\/nouveau.baronnat.fr\/wp-content\/uploads\/2015\/06\/oeil_nez_bouche_1.jpg 130w, http:\/\/nouveau.baronnat.fr\/wp-content\/uploads\/2015\/06\/oeil_nez_bouche_1-93x300.jpg 93w\" sizes=\"(max-width: 130px) 100vw, 130px\" \/><\/a><\/span>\r\n<h2><span style=\"color: #ff9900;\">L&rsquo;Art de la d\u00e9gustation<\/span><\/h2>\r\nLe vin est unique en son genre, c&rsquo;est un produit agricole qui pr\u00e9sente de nombreuses sp\u00e9cificit\u00e9s.\r\n\r\nLa longue tradition des vins fran\u00e7ais a d\u00e9termin\u00e9 une r\u00e9glementation stricte qui encadre le terroir, l&rsquo;enc\u00e9pagement et limite la production, l&rsquo;originalit\u00e9 de chaque r\u00e9gion est ainsi pr\u00e9serv\u00e9e.\r\n\r\nLa qualit\u00e9 d&rsquo;une cuv\u00e9e est en partie d\u00e9termin\u00e9e par\u00a0 l&rsquo;ensemble du travail de l&rsquo;homme, le choix de la vinification et l&rsquo;\u00e9levage du vin.\r\n\r\nLa d\u00e9gustation reste le seul et unique moyen d&rsquo;appr\u00e9cier un vin, en respectant le labeur et la patience du producteur ; elle est un\u00a0art difficile, n\u00e9cessitant beaucoup de pratique et elle est\u00a0soumise \u00e0 certaines r\u00e8gles :\r\n<ul>\r\n\t<li><em>\u00a0 D\u00e9guster dans un lieu calme et sans odeur.<\/em><\/li>\r\n\t<li><em>\u00a0 Prendre le temps d&rsquo;appr\u00e9cier.<\/em><\/li>\r\n\t<li><em>\u00a0 Ne jamais juger le premier vin, mais le tester \u00e0 nouveau au cours de la d\u00e9gustation.<\/em><\/li>\r\n<\/ul>\r\nAinsi, nous effectuons nos s\u00e9lections dans le respect du\u00a0 vin.\t\t\t\t\t<\/div>\n\t\t\t\t\t\t<\/div>\n\t\t\t\t<\/div>\n\t\t\t\t\t\t<\/div>\n\t\t\t\t\t<\/div>\n\t\t<\/div>\n\t\t\t\t\t\t\t\t<\/div>\n\t\t\t\t\t<\/div>\n\t\t<\/section>\n\t\t\t\t<section class=\"elementor-section elementor-top-section elementor-element elementor-element-c0eb908 elementor-section-boxed elementor-section-height-default elementor-section-height-default\" data-id=\"c0eb908\" data-element_type=\"section\">\n\t\t\t\t\t\t<div class=\"elementor-container elementor-column-gap-default\">\n\t\t\t\t\t\t\t<div class=\"elementor-row\">\n\t\t\t\t\t<div class=\"elementor-column elementor-col-100 elementor-top-column elementor-element elementor-element-29821c3\" data-id=\"29821c3\" data-element_type=\"column\">\n\t\t\t<div class=\"elementor-column-wrap elementor-element-populated\">\n\t\t\t\t\t\t\t<div class=\"elementor-widget-wrap\">\n\t\t\t\t\t\t<div class=\"elementor-element elementor-element-49de8b4 elementor-widget elementor-widget-heading\" data-id=\"49de8b4\" data-element_type=\"widget\" data-widget_type=\"heading.default\">\n\t\t\t\t<div class=\"elementor-widget-container\">\n\t\t\t<h2 class=\"elementor-heading-title elementor-size-default\"><a href=\"http:\/\/baronnat.com\/protected\/fr\/html\/page-1257.html\" target=\"_blank\">Pour en savoir plus sur le service du vin, les accords mets et vins, l'ordre de service... cliquez ici<\/a><\/h2>\t\t<\/div>\n\t\t\t\t<\/div>\n\t\t\t\t\t\t<\/div>\n\t\t\t\t\t<\/div>\n\t\t<\/div>\n\t\t\t\t\t\t\t\t<\/div>\n\t\t\t\t\t<\/div>\n\t\t<\/section>\n\t\t\t\t\t\t<\/div>\n\t\t\t\t\t\t<\/div>\n\t\t\t\t\t<\/div>\n\t\t","protected":false},"excerpt":{"rendered":"<p>L&rsquo;Art de la d\u00e9gustation Le vin est unique en son genre, c&rsquo;est un produit agricole qui pr\u00e9sente de nombreuses sp\u00e9cificit\u00e9s. La longue tradition des vins fran\u00e7ais a d\u00e9termin\u00e9 une r\u00e9glementation stricte qui encadre le terroir, l&rsquo;enc\u00e9pagement et limite la production, l&rsquo;originalit\u00e9 de chaque r\u00e9gion est ainsi pr\u00e9serv\u00e9e. La qualit\u00e9 d&rsquo;une cuv\u00e9e est en partie d\u00e9termin\u00e9e&#8230; <\/p>\n<div class=\"read-more navbutton\"><a href=\"http:\/\/nouveau.baronnat.fr\/?page_id=463\">Lire la suite<i class=\"fa fa-angle-double-right\"><\/i><\/a><\/div>\n","protected":false},"author":1,"featured_media":0,"parent":54,"menu_order":0,"comment_status":"closed","ping_status":"closed","template":"","meta":[],"_links":{"self":[{"href":"http:\/\/nouveau.baronnat.fr\/index.php?rest_route=\/wp\/v2\/pages\/463"}],"collection":[{"href":"http:\/\/nouveau.baronnat.fr\/index.php?rest_route=\/wp\/v2\/pages"}],"about":[{"href":"http:\/\/nouveau.baronnat.fr\/index.php?rest_route=\/wp\/v2\/types\/page"}],"author":[{"embeddable":true,"href":"http:\/\/nouveau.baronnat.fr\/index.php?rest_route=\/wp\/v2\/users\/1"}],"replies":[{"embeddable":true,"href":"http:\/\/nouveau.baronnat.fr\/index.php?rest_route=%2Fwp%2Fv2%2Fcomments&post=463"}],"version-history":[{"count":2,"href":"http:\/\/nouveau.baronnat.fr\/index.php?rest_route=\/wp\/v2\/pages\/463\/revisions"}],"predecessor-version":[{"id":2130,"href":"http:\/\/nouveau.baronnat.fr\/index.php?rest_route=\/wp\/v2\/pages\/463\/revisions\/2130"}],"up":[{"embeddable":true,"href":"http:\/\/nouveau.baronnat.fr\/index.php?rest_route=\/wp\/v2\/pages\/54"}],"wp:attachment":[{"href":"http:\/\/nouveau.baronnat.fr\/index.php?rest_route=%2Fwp%2Fv2%2Fmedia&parent=463"}],"curies":[{"name":"wp","href":"https:\/\/api.w.org\/{rel}","templated":true}]}}