{"id":468,"date":"2015-03-14T18:01:22","date_gmt":"2015-03-14T17:01:22","guid":{"rendered":"http:\/\/127.0.0.1:4001\/wordpress\/?page_id=468"},"modified":"2019-10-02T20:13:28","modified_gmt":"2019-10-02T18:13:28","slug":"vire-clesse-jean-baronnat","status":"publish","type":"page","link":"http:\/\/nouveau.baronnat.fr\/?page_id=468","title":{"rendered":"Vir\u00e9 Cless\u00e9"},"content":{"rendered":"\t\t<div data-elementor-type=\"wp-page\" data-elementor-id=\"468\" class=\"elementor elementor-468\" data-elementor-settings=\"[]\">\n\t\t\t\t\t\t<div class=\"elementor-inner\">\n\t\t\t\t\t\t\t<div class=\"elementor-section-wrap\">\n\t\t\t\t\t\t\t<section class=\"elementor-section elementor-top-section elementor-element elementor-element-ymrtjbd elementor-section-boxed elementor-section-height-default elementor-section-height-default\" data-id=\"ymrtjbd\" data-element_type=\"section\">\n\t\t\t\t\t\t<div class=\"elementor-container elementor-column-gap-default\">\n\t\t\t\t\t\t\t<div class=\"elementor-row\">\n\t\t\t\t\t<div class=\"elementor-column elementor-col-100 elementor-top-column elementor-element elementor-element-tpozytb\" data-id=\"tpozytb\" data-element_type=\"column\">\n\t\t\t<div class=\"elementor-column-wrap\">\n\t\t\t\t\t\t\t<div class=\"elementor-widget-wrap\">\n\t\t\t\t\t\t\t\t<\/div>\n\t\t\t\t\t<\/div>\n\t\t<\/div>\n\t\t\t\t\t\t\t\t<\/div>\n\t\t\t\t\t<\/div>\n\t\t<\/section>\n\t\t\t\t<section class=\"elementor-section elementor-top-section elementor-element elementor-element-uukmycb elementor-section-boxed elementor-section-height-default elementor-section-height-default\" data-id=\"uukmycb\" data-element_type=\"section\">\n\t\t\t\t\t\t<div class=\"elementor-container elementor-column-gap-default\">\n\t\t\t\t\t\t\t<div class=\"elementor-row\">\n\t\t\t\t\t<div class=\"elementor-column elementor-col-50 elementor-top-column elementor-element elementor-element-qsveojo\" data-id=\"qsveojo\" data-element_type=\"column\">\n\t\t\t<div class=\"elementor-column-wrap elementor-element-populated\">\n\t\t\t\t\t\t\t<div class=\"elementor-widget-wrap\">\n\t\t\t\t\t\t<div class=\"elementor-element elementor-element-nszvtvw elementor-widget elementor-widget-text-editor\" data-id=\"nszvtvw\" data-element_type=\"widget\" data-widget_type=\"text-editor.default\">\n\t\t\t\t<div class=\"elementor-widget-container\">\n\t\t\t\t\t\t\t\t<div class=\"elementor-text-editor elementor-clearfix\">\n\t\t\t\t<p style=\"text-align: left;\"><strong><a href=\"http:\/\/nouveau.baronnat.fr\/wp-content\/uploads\/2015\/03\/vire_clesse.jpg\"><img loading=\"lazy\" class=\"wp-image-891 size-medium aligncenter\" src=\"http:\/\/nouveau.baronnat.fr\/wp-content\/uploads\/2015\/03\/vire_clesse-e1429537087741-96x300.jpg\" alt=\"vire_clesse\" width=\"96\" height=\"300\" srcset=\"http:\/\/nouveau.baronnat.fr\/wp-content\/uploads\/2015\/03\/vire_clesse-e1429537087741-96x300.jpg 96w, http:\/\/nouveau.baronnat.fr\/wp-content\/uploads\/2015\/03\/vire_clesse-e1429537087741.jpg 160w\" sizes=\"(max-width: 96px) 100vw, 96px\" \/><\/a><\/strong><\/p><p style=\"text-align: left;\"><strong>DEGUSTATION<\/strong><\/p><p>Robe aux reflets or, brillante, limpide.<br \/> Nez fin, expressif sur des notes de fleurs blanches et de fruits frais.<br \/> En bouche, belle attaque, soutenue par une trame fra\u00eeche, envo\u00fbte les papilles. La r\u00e9tro olfaction r\u00e9v\u00e8le des ar\u00f4mes de p\u00eache, d&rsquo;abricot et de zestes de citron.<\/p>\t\t\t\t\t<\/div>\n\t\t\t\t\t\t<\/div>\n\t\t\t\t<\/div>\n\t\t\t\t\t\t<\/div>\n\t\t\t\t\t<\/div>\n\t\t<\/div><div class=\"elementor-column elementor-col-50 elementor-top-column elementor-element elementor-element-nsthwny\" data-id=\"nsthwny\" data-element_type=\"column\">\n\t\t\t<div class=\"elementor-column-wrap elementor-element-populated\">\n\t\t\t\t\t\t\t<div class=\"elementor-widget-wrap\">\n\t\t\t\t\t\t<div class=\"elementor-element elementor-element-liphiqr elementor-widget elementor-widget-text-editor\" data-id=\"liphiqr\" data-element_type=\"widget\" data-widget_type=\"text-editor.default\">\n\t\t\t\t<div class=\"elementor-widget-container\">\n\t\t\t\t\t\t\t\t<div class=\"elementor-text-editor elementor-clearfix\">\n\t\t\t\t<p>\u00a0<\/p><p><img loading=\"lazy\" class=\"aligncenter wp-image-890 \" title=\"etiquette_vire_clesse_jean_baronnat\" src=\"http:\/\/nouveau.baronnat.fr\/wp-content\/uploads\/2015\/03\/etiq_vire_clesse1-300x174.jpg\" alt=\"etiq_vire_clesse1\" width=\"216\" height=\"125\" srcset=\"http:\/\/nouveau.baronnat.fr\/wp-content\/uploads\/2015\/03\/etiq_vire_clesse1-300x174.jpg 300w, http:\/\/nouveau.baronnat.fr\/wp-content\/uploads\/2015\/03\/etiq_vire_clesse1.jpg 943w\" sizes=\"(max-width: 216px) 100vw, 216px\" \/><\/p><p><a href=\"http:\/\/nouveau.baronnat.fr\/wp-content\/uploads\/2015\/03\/etiq_vire_clesse1.jpg\"><br \/><\/a>\u00a0TECHNIQUE<\/p><p><strong>Situation<\/strong> : c&rsquo;est l&rsquo;association du nom des deux communes de Vir\u00e9 et de\u00a0Cless\u00e9 qui forment le nom de cette r\u00e9cente appellation. situ\u00e9 au nord de M\u00e2con,\u00a0le vignoble est situ\u00e9 sur\u00a0des coteaux,\u00a0\u00a0\u00e0 une altitude\u00a0moyenne.de 200 m.<\/p><p><strong>Terroir<\/strong> : la vigne est cultiv\u00e9e sur des sols calcaires et marneux.<\/p><p><strong>C\u00e9page unique<\/strong> : Chardonnay.<\/p><p><strong>Vinification<\/strong> : vinification traditionnelle des vins blancs de Bourgogne.<\/p><p><strong>Elevage<\/strong> : en cuve puis en bouteilles.<\/p>\t\t\t\t\t<\/div>\n\t\t\t\t\t\t<\/div>\n\t\t\t\t<\/div>\n\t\t\t\t\t\t<\/div>\n\t\t\t\t\t<\/div>\n\t\t<\/div>\n\t\t\t\t\t\t\t\t<\/div>\n\t\t\t\t\t<\/div>\n\t\t<\/section>\n\t\t\t\t<section class=\"elementor-section elementor-top-section elementor-element elementor-element-ymqwfez elementor-section-boxed elementor-section-height-default elementor-section-height-default\" data-id=\"ymqwfez\" data-element_type=\"section\">\n\t\t\t\t\t\t<div class=\"elementor-container elementor-column-gap-default\">\n\t\t\t\t\t\t\t<div class=\"elementor-row\">\n\t\t\t\t\t<div class=\"elementor-column elementor-col-100 elementor-top-column elementor-element elementor-element-qlirdju\" data-id=\"qlirdju\" data-element_type=\"column\">\n\t\t\t<div class=\"elementor-column-wrap elementor-element-populated\">\n\t\t\t\t\t\t\t<div class=\"elementor-widget-wrap\">\n\t\t\t\t\t\t<div class=\"elementor-element elementor-element-tkhktmm elementor-widget elementor-widget-text-editor\" data-id=\"tkhktmm\" data-element_type=\"widget\" data-widget_type=\"text-editor.default\">\n\t\t\t\t<div class=\"elementor-widget-container\">\n\t\t\t\t\t\t\t\t<div class=\"elementor-text-editor elementor-clearfix\">\n\t\t\t\t<p style=\"text-align: center;\"><strong>SERVICE :\u00a0<\/strong>Temp\u00e9rature de service aux environs de 10 \u00b0C. \u00a0Id\u00e9al \u00e0 l&rsquo;ap\u00e9ritif, et en accompagnement de crustac\u00e9s et fruits de mer.<\/p>\t\t\t\t\t<\/div>\n\t\t\t\t\t\t<\/div>\n\t\t\t\t<\/div>\n\t\t\t\t\t\t<\/div>\n\t\t\t\t\t<\/div>\n\t\t<\/div>\n\t\t\t\t\t\t\t\t<\/div>\n\t\t\t\t\t<\/div>\n\t\t<\/section>\n\t\t\t\t<section class=\"elementor-section elementor-top-section elementor-element elementor-element-1ccc6f3 elementor-section-boxed elementor-section-height-default elementor-section-height-default\" data-id=\"1ccc6f3\" data-element_type=\"section\">\n\t\t\t\t\t\t<div class=\"elementor-container elementor-column-gap-default\">\n\t\t\t\t\t\t\t<div class=\"elementor-row\">\n\t\t\t\t\t<div class=\"elementor-column elementor-col-33 elementor-top-column elementor-element elementor-element-62db03b\" data-id=\"62db03b\" data-element_type=\"column\">\n\t\t\t<div class=\"elementor-column-wrap elementor-element-populated\">\n\t\t\t\t\t\t\t<div class=\"elementor-widget-wrap\">\n\t\t\t\t\t\t<div class=\"elementor-element elementor-element-a43b77c elementor-widget elementor-widget-image\" data-id=\"a43b77c\" data-element_type=\"widget\" data-widget_type=\"image.default\">\n\t\t\t\t<div class=\"elementor-widget-container\">\n\t\t\t\t\t\t\t\t<div class=\"elementor-image\">\n\t\t\t\t\t\t\t\t\t\t\t\t<img width=\"143\" height=\"112\" src=\"http:\/\/nouveau.baronnat.fr\/wp-content\/uploads\/2019\/10\/guide-dussert-gerber.jpg\" class=\"attachment-large size-large\" alt=\"\" loading=\"lazy\" \/>\t\t\t\t\t\t\t\t\t\t\t\t\t\t<\/div>\n\t\t\t\t\t\t<\/div>\n\t\t\t\t<\/div>\n\t\t\t\t\t\t<\/div>\n\t\t\t\t\t<\/div>\n\t\t<\/div><div class=\"elementor-column elementor-col-33 elementor-top-column elementor-element elementor-element-daf3b2b\" data-id=\"daf3b2b\" data-element_type=\"column\">\n\t\t\t<div class=\"elementor-column-wrap\">\n\t\t\t\t\t\t\t<div class=\"elementor-widget-wrap\">\n\t\t\t\t\t\t\t\t<\/div>\n\t\t\t\t\t<\/div>\n\t\t<\/div><div class=\"elementor-column elementor-col-33 elementor-top-column elementor-element elementor-element-5d41c9c\" data-id=\"5d41c9c\" data-element_type=\"column\">\n\t\t\t<div class=\"elementor-column-wrap elementor-element-populated\">\n\t\t\t\t\t\t\t<div class=\"elementor-widget-wrap\">\n\t\t\t\t\t\t<div class=\"elementor-element elementor-element-1161921 elementor-widget elementor-widget-image\" data-id=\"1161921\" data-element_type=\"widget\" data-widget_type=\"image.default\">\n\t\t\t\t<div class=\"elementor-widget-container\">\n\t\t\t\t\t\t\t\t<div class=\"elementor-image\">\n\t\t\t\t\t\t\t\t\t\t\t\t<img width=\"177\" height=\"223\" src=\"http:\/\/nouveau.baronnat.fr\/wp-content\/uploads\/2019\/10\/hachette_visuel-7.jpg\" class=\"attachment-large size-large\" alt=\"\" loading=\"lazy\" \/>\t\t\t\t\t\t\t\t\t\t\t\t\t\t<\/div>\n\t\t\t\t\t\t<\/div>\n\t\t\t\t<\/div>\n\t\t\t\t\t\t<\/div>\n\t\t\t\t\t<\/div>\n\t\t<\/div>\n\t\t\t\t\t\t\t\t<\/div>\n\t\t\t\t\t<\/div>\n\t\t<\/section>\n\t\t\t\t\t\t<\/div>\n\t\t\t\t\t\t<\/div>\n\t\t\t\t\t<\/div>\n\t\t","protected":false},"excerpt":{"rendered":"<p>DEGUSTATION Robe aux reflets or, brillante, limpide. Nez fin, expressif sur des notes de fleurs blanches et de fruits frais. En bouche, belle attaque, soutenue par une trame fra\u00eeche, envo\u00fbte les papilles. La r\u00e9tro olfaction r\u00e9v\u00e8le des ar\u00f4mes de p\u00eache, d&rsquo;abricot et de zestes de citron. \u00a0 \u00a0TECHNIQUE Situation : c&rsquo;est l&rsquo;association du nom des&#8230; <\/p>\n<div class=\"read-more navbutton\"><a href=\"http:\/\/nouveau.baronnat.fr\/?page_id=468\">Lire la suite<i class=\"fa fa-angle-double-right\"><\/i><\/a><\/div>\n","protected":false},"author":1,"featured_media":0,"parent":0,"menu_order":0,"comment_status":"closed","ping_status":"closed","template":"","meta":[],"_links":{"self":[{"href":"http:\/\/nouveau.baronnat.fr\/index.php?rest_route=\/wp\/v2\/pages\/468"}],"collection":[{"href":"http:\/\/nouveau.baronnat.fr\/index.php?rest_route=\/wp\/v2\/pages"}],"about":[{"href":"http:\/\/nouveau.baronnat.fr\/index.php?rest_route=\/wp\/v2\/types\/page"}],"author":[{"embeddable":true,"href":"http:\/\/nouveau.baronnat.fr\/index.php?rest_route=\/wp\/v2\/users\/1"}],"replies":[{"embeddable":true,"href":"http:\/\/nouveau.baronnat.fr\/index.php?rest_route=%2Fwp%2Fv2%2Fcomments&post=468"}],"version-history":[{"count":2,"href":"http:\/\/nouveau.baronnat.fr\/index.php?rest_route=\/wp\/v2\/pages\/468\/revisions"}],"predecessor-version":[{"id":2343,"href":"http:\/\/nouveau.baronnat.fr\/index.php?rest_route=\/wp\/v2\/pages\/468\/revisions\/2343"}],"wp:attachment":[{"href":"http:\/\/nouveau.baronnat.fr\/index.php?rest_route=%2Fwp%2Fv2%2Fmedia&parent=468"}],"curies":[{"name":"wp","href":"https:\/\/api.w.org\/{rel}","templated":true}]}}