{"id":970,"date":"2015-06-26T17:04:44","date_gmt":"2015-06-26T15:04:44","guid":{"rendered":"http:\/\/127.0.0.1:4001\/wordpress\/?page_id=970"},"modified":"2015-06-26T17:33:46","modified_gmt":"2015-06-26T15:33:46","slug":"pour-la-defense-des-vins-francais","status":"publish","type":"page","link":"http:\/\/nouveau.baronnat.fr\/?page_id=970","title":{"rendered":"Pour la d\u00e9fense des vins fran\u00e7ais"},"content":{"rendered":"<h1>Requiem pour\u00a0les\u00a0vins de France.<\/h1>\n<p><a href=\"http:\/\/nouveau.baronnat.fr\/wp-content\/uploads\/2015\/06\/petrus.jpg\"><img loading=\"lazy\" class=\"alignleft size-full wp-image-972\" src=\"http:\/\/nouveau.baronnat.fr\/wp-content\/uploads\/2015\/06\/petrus.jpg\" alt=\"petrus\" width=\"249\" height=\"333\" srcset=\"http:\/\/nouveau.baronnat.fr\/wp-content\/uploads\/2015\/06\/petrus.jpg 249w, http:\/\/nouveau.baronnat.fr\/wp-content\/uploads\/2015\/06\/petrus-224x300.jpg 224w\" sizes=\"(max-width: 249px) 100vw, 249px\" \/><\/a> De plus en plus souvent, j&rsquo;entend dire\u00a0que les vins chiliens sont remarquables, les vins australiens sont \u00e0 d\u00e9couvrir ou encore des \u00e9loges sur les vins sud-africains. Comme la plupart des passionn\u00e9s de vin, j&rsquo;ai d\u00e9gust\u00e9 des vins dits du \u00ab\u00a0nouveau monde\u00a0\u00bb;\u00a0j&rsquo;ai bien s\u00fbr\u00a0appr\u00e9ci\u00e9 quelques cuv\u00e9es mais\u00a0j&rsquo;ai aussi fait de mauvaises rencontres assez r\u00e9guli\u00e8rement. Je souhaite vivement que tous les sp\u00e9cialistes du vin fran\u00e7ais disent haut et fort qu&rsquo;il existe des vins issus du nouveau monde de pi\u00e8tre qualit\u00e9\u00a0 afin que cesse un certain snobisme qui laisse croire que tous ces vins sont de bonne qualit\u00e9. Bien s\u00fbr cela ne sera pas suffisant pour solutionner la crise qui touche le monde viticole en ce moment mais il me semble que c\u2019est le moment d\u2019afficher une solidarit\u00e9 sans faille entre tous\u00a0 les sp\u00e9cialistes du vin en France &#8211; cavistes, restaurateurs, n\u00e9gociants, vignerons, sommeliers, oenologues&#8230;-\u00a0 car il ne faut pas oublier que nous sommes tous concern\u00e9s. Il ne s\u2019agit pas de stigmatiser les vins du nouveau monde mais tout simplement de r\u00e9tablir la v\u00e9rit\u00e9 : ces vins ne sont pas toujours d\u2019une qualit\u00e9 remarquable, il existe aussi de vins de qualit\u00e9 m\u00e9diocre dans ces pays. De plus, si vous avez l\u2019occasion de go\u00fbter des vins en provenance du nouveau monde, il ne faut jamais oublier que les r\u00e8gles de production sont loin d\u2019\u00eatre identiques avec les n\u00f4tres. Quelques exemples : &#8211; l \u2019irrigation est interdite en France alors qu\u2019elle est possible l\u00e0-bas, &#8211; les rendements \u00e0 l\u2019hectare sont encadr\u00e9s en France alors qu\u2019ils sont libres ailleurs, &#8211; la l\u00e9gislation fran\u00e7aise interdit l\u2019ajout de substance aromatique : peu ou pas d\u2019interdiction pour les pays concern\u00e9s. Enfin la d\u00e9gustation de nombreux vins fran\u00e7ais comporte une part de r\u00eave, d\u2019imaginaire voire de souvenir.\u00a0 En d\u00e9bouchant un grand vin de bourgogne, de bordeaux ou de la vall\u00e9e du Rh\u00f4ne que l\u2019on a attendu durant de longues ann\u00e9es, c\u2019est un \u00e9v\u00e9nement grav\u00e9 dans nos m\u00e9moires. Mais ce n\u2019est pas limit\u00e9 aux seuls grands vins, beaucoup se souviennent d\u2019avoir vu leur p\u00e8re, leur grand-p\u00e8re ouvrir une bonne bouteille \u00e0 l\u2019occasion d\u2019un repas de famille :\u00a0\u00a0ce n\u2019\u00e9tait pas forc\u00e9ment un vin cher mais certainement un merveilleux souvenir.\u00a0 J&rsquo;ai rencontr\u00e9 dans de nombreux pays &#8211; mais aussi bien entendu en France &#8211; des personnes que\u00a0 la France et le vin fran\u00e7ais faisaient r\u00eaver en \u00e9voquant des noms comme Musigny, Chambertin, Ch\u00e2teauneuf du Pape, Mouton Rotschild, Latour, Margaux, Pommard&#8230;. Je ne suis pas persuad\u00e9 que ces m\u00eames personnes soient \u00e9merveill\u00e9es par des noms de vins prestigieux comme Almaviva, Ridge Montebello, Penfolds Bin 707..nonobstant la qualit\u00e9 intrins\u00e8que de ces vins.<\/p>\n<p>&nbsp;<\/p>\n<p>Jean-Jacques Baronnat \u00a0 <a href=\"http:\/\/nouveau.baronnat.fr\/wp-content\/uploads\/2015\/06\/carte_romanee_chambolle.gif\"><img loading=\"lazy\" class=\"  wp-image-971 alignright\" src=\"http:\/\/nouveau.baronnat.fr\/wp-content\/uploads\/2015\/06\/carte_romanee_chambolle.gif\" alt=\"carte_romanee_chambolle\" width=\"499\" height=\"314\" \/><\/a><\/p>\n<h5><em>1 &#8211; La t\u00e2che<\/em><\/h5>\n<h5><em>2 &#8211; La Roman\u00e9e<\/em><\/h5>\n<h5><em>3 &#8211; La Roman\u00e9e Conti<\/em><\/h5>\n<h5><em>4 &#8211; Roman\u00e9e Saint Vivant<\/em><\/h5>\n<h5><em>5 &#8211; Richebourg<\/em><\/h5>\n<h5><em>6 &#8211; Echezeaux et Grands Echezeaux<\/em><\/h5>\n<h5><em>7 &#8211; Clos de Vougeot<\/em><\/h5>\n<h5><em>8 &#8211; Musigny<\/em><\/h5>\n<h5><em>9 &#8211; Bonnes Mares<\/em><\/h5>\n","protected":false},"excerpt":{"rendered":"<p>Requiem pour\u00a0les\u00a0vins de France. De plus en plus souvent, j&rsquo;entend dire\u00a0que les vins chiliens sont remarquables, les vins australiens sont \u00e0 d\u00e9couvrir ou encore des \u00e9loges sur les vins sud-africains. Comme la plupart des passionn\u00e9s de vin, j&rsquo;ai d\u00e9gust\u00e9 des vins dits du \u00ab\u00a0nouveau monde\u00a0\u00bb;\u00a0j&rsquo;ai bien s\u00fbr\u00a0appr\u00e9ci\u00e9 quelques cuv\u00e9es mais\u00a0j&rsquo;ai aussi fait de mauvaises rencontres&#8230; <\/p>\n<div class=\"read-more navbutton\"><a href=\"http:\/\/nouveau.baronnat.fr\/?page_id=970\">Lire la suite<i class=\"fa fa-angle-double-right\"><\/i><\/a><\/div>\n","protected":false},"author":1,"featured_media":0,"parent":0,"menu_order":0,"comment_status":"closed","ping_status":"closed","template":"","meta":[],"_links":{"self":[{"href":"http:\/\/nouveau.baronnat.fr\/index.php?rest_route=\/wp\/v2\/pages\/970"}],"collection":[{"href":"http:\/\/nouveau.baronnat.fr\/index.php?rest_route=\/wp\/v2\/pages"}],"about":[{"href":"http:\/\/nouveau.baronnat.fr\/index.php?rest_route=\/wp\/v2\/types\/page"}],"author":[{"embeddable":true,"href":"http:\/\/nouveau.baronnat.fr\/index.php?rest_route=\/wp\/v2\/users\/1"}],"replies":[{"embeddable":true,"href":"http:\/\/nouveau.baronnat.fr\/index.php?rest_route=%2Fwp%2Fv2%2Fcomments&post=970"}],"version-history":[{"count":0,"href":"http:\/\/nouveau.baronnat.fr\/index.php?rest_route=\/wp\/v2\/pages\/970\/revisions"}],"wp:attachment":[{"href":"http:\/\/nouveau.baronnat.fr\/index.php?rest_route=%2Fwp%2Fv2%2Fmedia&parent=970"}],"curies":[{"name":"wp","href":"https:\/\/api.w.org\/{rel}","templated":true}]}}